{"id":10844,"date":"2026-02-26T16:43:27","date_gmt":"2026-02-26T22:43:27","guid":{"rendered":"https:\/\/roque.tecnm.mx\/?page_id=10844"},"modified":"2026-02-26T16:43:27","modified_gmt":"2026-02-26T22:43:27","slug":"granolas-y-palanquetas","status":"publish","type":"page","link":"https:\/\/roque.tecnm.mx\/?page_id=10844","title":{"rendered":"granolas y palanquetas"},"content":{"rendered":"<p>[et_pb_section fb_built=\u00bb1&#8243; theme_builder_area=\u00bbpost_content\u00bb _builder_version=\u00bb4.27.0&#8243; _module_preset=\u00bbdefault\u00bb][et_pb_row _builder_version=\u00bb4.27.0&#8243; _module_preset=\u00bbdefault\u00bb theme_builder_area=\u00bbpost_content\u00bb][et_pb_column _builder_version=\u00bb4.27.0&#8243; _module_preset=\u00bbdefault\u00bb type=\u00bb4_4&#8243; theme_builder_area=\u00bbpost_content\u00bb][et_pb_code _builder_version=\u00bb4.27.0&#8243; _module_preset=\u00bbdefault\u00bb theme_builder_area=\u00bbpost_content\u00bb hover_enabled=\u00bb0&#8243; sticky_enabled=\u00bb0&#8243;]<\/p>\n<div style=\"background-color: #792d2e; padding: 60px 20px; text-align: center; color: white; border-radius: 0 0 50px 50px;\"><!-- [et_pb_line_break_holder] -->    <\/p>\n<h1 style=\"margin: 0; font-size: 36px; font-weight: 800; letter-spacing: 1px; color: white\">GRANOLAS Y PALANQUETAS ROQUE<\/h1>\n<p><!-- [et_pb_line_break_holder] -->    <pee style=\"font-size: 18px; opacity: 0.9; margin-top: 10px;\">Energ\u00eda natural y nutrici\u00f3n artesanal desde el coraz\u00f3n del campo.<\/pee><!-- [et_pb_line_break_holder] --><\/div>\n<p><!-- [et_pb_line_break_holder] --><!-- [et_pb_line_break_holder] --><\/p>\n<div style=\"max-width: 1100px; margin: -40px auto 40px auto; background: white; border-radius: 25px; padding: 40px; box-shadow: 0 15px 40px rgba(0,0,0,0.1); font-family: 'Segoe UI', Tahoma, Geneva, Verdana, sans-serif;\"><!-- [et_pb_line_break_holder] -->    <!-- [et_pb_line_break_holder] -->    <\/p>\n<div style=\"display: flex; flex-wrap: wrap; gap: 40px; align-items: center;\"><!-- [et_pb_line_break_holder] -->        <!-- [et_pb_line_break_holder] -->        <\/p>\n<div style=\"flex: 1; min-width: 300px;\"><!-- [et_pb_line_break_holder] -->            <\/p>\n<div style=\"border-radius: 20px; overflow: hidden; border: 8px solid #fcf6e5;\"><!-- [et_pb_line_break_holder] -->                <img decoding=\"async\" src=\"https:\/\/roque.tecnm.mx\/wp-content\/uploads\/2024\/10\/prod_palanqueta.png\" alt=\"Granolas Roque\" style=\"width: 100%; display: block;\"><!-- [et_pb_line_break_holder] -->            <\/div>\n<p><!-- [et_pb_line_break_holder] -->            <pee style=\"text-align: center; color: #888; font-size: 12px; margin-top: 10px; font-style: italic;\">Selecci\u00f3n de semillas y cereales de nuestra producci\u00f3n.<\/pee><!-- [et_pb_line_break_holder] -->        <\/div>\n<p><!-- [et_pb_line_break_holder] --><!-- [et_pb_line_break_holder] -->        <\/p>\n<div style=\"flex: 1.2; min-width: 300px;\"><!-- [et_pb_line_break_holder] -->            <\/p>\n<h2 style=\"color: #792d2e; border-bottom: 2px solid #792d2e; display: inline-block; padding-bottom: 5px;\">Nutrici\u00f3n y Energ\u00eda<\/h2>\n<p><!-- [et_pb_line_break_holder] -->            <pee style=\"line-height: 1.8; color: #444; margin-top: 20px;\"><!-- [et_pb_line_break_holder] -->                En el <strong>TecNM Campus Roque<\/strong>, elaboramos suplementos alimenticios y dulces tradicionales utilizando granos seleccionados. Nuestras f\u00f3rmulas est\u00e1n dise\u00f1adas para ofrecer un alto valor energ\u00e9tico con ingredientes naturales, libres de conservadores excesivos.<!-- [et_pb_line_break_holder] -->            <\/pee><!-- [et_pb_line_break_holder] --><!-- [et_pb_line_break_holder] -->            <\/p>\n<div style=\"display: grid; grid-template-columns: 1fr 1fr; gap: 15px; margin-top: 20px;\"><!-- [et_pb_line_break_holder] -->                <\/p>\n<div style=\"background: #fffdf5; padding: 15px; border-radius: 10px; border-left: 4px solid #d4a017;\"><!-- [et_pb_line_break_holder] -->                    <strong style=\"color: #792d2e;\">Granola Especial<\/strong><!\u2013- [et_pb_br_holder] -\u2013><!-- [et_pb_line_break_holder] -->                    Mezcla de avena, miel y frutos secos.<!-- [et_pb_line_break_holder] -->                <\/div>\n<p><!-- [et_pb_line_break_holder] -->                <\/p>\n<div style=\"background: #fffdf5; padding: 15px; border-radius: 10px; border-left: 4px solid #d4a017;\"><!-- [et_pb_line_break_holder] -->                    <strong style=\"color: #792d2e;\">Palanqueta de Nuez<\/strong><!\u2013- [et_pb_br_holder] -\u2013><!-- [et_pb_line_break_holder] -->                    Tradicional, crujiente y natural.<!-- [et_pb_line_break_holder] -->                <\/div>\n<p><!-- [et_pb_line_break_holder] -->                <\/p>\n<div style=\"background: #fffdf5; padding: 15px; border-radius: 10px; border-left: 4px solid #d4a017;\"><!-- [et_pb_line_break_holder] -->                    <strong style=\"color: #792d2e;\">Amaranto con Miel<\/strong><!\u2013- [et_pb_br_holder] -\u2013><!-- [et_pb_line_break_holder] -->                    Cereal ancestral con alto valor proteico.<!-- [et_pb_line_break_holder] -->                <\/div>\n<p><!-- [et_pb_line_break_holder] -->                <\/p>\n<div style=\"background: #fffdf5; padding: 15px; border-radius: 10px; border-left: 4px solid #d4a017;\"><!-- [et_pb_line_break_holder] -->                    <strong style=\"color: #792d2e;\">Semillas Tostadas<\/strong><!\u2013- [et_pb_br_holder] -\u2013><!-- [et_pb_line_break_holder] -->                    Pepitas y girasol con pizca de sal marina.<!-- [et_pb_line_break_holder] -->                <\/div>\n<p><!-- [et_pb_line_break_holder] -->            <\/div>\n<p><!-- [et_pb_line_break_holder] -->        <\/div>\n<p><!-- [et_pb_line_break_holder] -->    <\/div>\n<p><!-- [et_pb_line_break_holder] --><!-- [et_pb_line_break_holder] -->    <\/p>\n<div style=\"margin-top: 50px; padding: 30px; background-color: #f8f9fa; border-radius: 15px; display: flex; align-items: center; gap: 20px;\"><!-- [et_pb_line_break_holder] -->       <!-- [et_pb_line_break_holder] -->        <\/p>\n<div><!-- [et_pb_line_break_holder] -->            <\/p>\n<h4 style=\"margin: 0; color: #333;\">Ingredientes Seleccionados<\/h4>\n<p><!-- [et_pb_line_break_holder] -->            <pee style=\"margin: 5px 0 0; color: #666; font-size: 14px;\">Cada ingrediente pasa por un proceso de limpieza y tostado controlado para preservar sus aceites naturales y beneficios nutricionales.<\/pee><!-- [et_pb_line_break_holder] -->        <\/div>\n<p><!-- [et_pb_line_break_holder] -->      <!-- [et_pb_line_break_holder] -->      <\/p>\n<div style=\"margin-top: 30px; padding: 20px; background: #f9f9f9; border-radius: 10px; border-left: 4px solid #792d2e;\"><!-- [et_pb_line_break_holder] -->            <strong>\u00bfD\u00f3nde adquirirlos?<\/strong><!\u2013- [et_pb_br_holder] -\u2013><!-- [et_pb_line_break_holder] -->            Disponibles en el Expendio Roque, ubicado en el Tecnol\u00f3gico Nacional de M\u00e9xico Campus Roque con horario de atenci\u00f3n de lunes a viernes de 9 a 6 de la tarde y s\u00e1bado de 9 a 3 de la tarde.<!-- [et_pb_line_break_holder] -->        <\/div>\n<p><!-- [et_pb_line_break_holder] -->    <\/div>\n<p><!-- [et_pb_line_break_holder] --><!-- [et_pb_line_break_holder] -->    <\/p>\n<div style=\"text-align: center; margin-top: 40px;\"><!-- [et_pb_line_break_holder] -->        <a href=\"https:\/\/roque.tecnm.mx\/?page_id=6378\" style=\"text-decoration: none; color: #792d2e; font-weight: bold; font-size: 14px; border: 2px solid #792d2e; padding: 10px 25px; border-radius: 50px; transition: all 0.3s;\"><!-- [et_pb_line_break_holder] -->            \u2190 Volver al Cat\u00e1logo<!-- [et_pb_line_break_holder] -->        <\/a><!-- [et_pb_line_break_holder] -->    <\/div>\n<p><!-- [et_pb_line_break_holder] --><\/div>\n<p>[\/et_pb_code][\/et_pb_column][\/et_pb_row][\/et_pb_section]<\/p>\n","protected":false},"excerpt":{"rendered":"","protected":false},"author":1,"featured_media":0,"parent":0,"menu_order":0,"comment_status":"closed","ping_status":"closed","template":"","meta":{"_et_pb_use_builder":"on","_et_pb_old_content":"","_et_gb_content_width":"","footnotes":""},"class_list":["post-10844","page","type-page","status-publish","hentry"],"_links":{"self":[{"href":"https:\/\/roque.tecnm.mx\/index.php?rest_route=\/wp\/v2\/pages\/10844"}],"collection":[{"href":"https:\/\/roque.tecnm.mx\/index.php?rest_route=\/wp\/v2\/pages"}],"about":[{"href":"https:\/\/roque.tecnm.mx\/index.php?rest_route=\/wp\/v2\/types\/page"}],"author":[{"embeddable":true,"href":"https:\/\/roque.tecnm.mx\/index.php?rest_route=\/wp\/v2\/users\/1"}],"replies":[{"embeddable":true,"href":"https:\/\/roque.tecnm.mx\/index.php?rest_route=%2Fwp%2Fv2%2Fcomments&post=10844"}],"version-history":[{"count":2,"href":"https:\/\/roque.tecnm.mx\/index.php?rest_route=\/wp\/v2\/pages\/10844\/revisions"}],"predecessor-version":[{"id":10847,"href":"https:\/\/roque.tecnm.mx\/index.php?rest_route=\/wp\/v2\/pages\/10844\/revisions\/10847"}],"wp:attachment":[{"href":"https:\/\/roque.tecnm.mx\/index.php?rest_route=%2Fwp%2Fv2%2Fmedia&parent=10844"}],"curies":[{"name":"wp","href":"https:\/\/api.w.org\/{rel}","templated":true}]}}