{"id":6137,"date":"2023-07-09T06:55:06","date_gmt":"2023-07-09T12:55:06","guid":{"rendered":"http:\/\/web.roque.cetech.com.mx\/?page_id=6137"},"modified":"2026-02-26T20:07:04","modified_gmt":"2026-02-27T02:07:04","slug":"itr_filosofia","status":"publish","type":"page","link":"https:\/\/roque.tecnm.mx\/?page_id=6137","title":{"rendered":"ITR_Filosofia"},"content":{"rendered":"<p>[et_pb_section fb_built=\u00bb1&#8243; _builder_version=\u00bb4.27.0&#8243; _module_preset=\u00bbdefault\u00bb global_colors_info=\u00bb{}\u00bb][et_pb_row _builder_version=\u00bb4.27.0&#8243; _module_preset=\u00bbdefault\u00bb global_colors_info=\u00bb{}\u00bb][et_pb_column type=\u00bb4_4&#8243; _builder_version=\u00bb4.27.0&#8243; _module_preset=\u00bbdefault\u00bb global_colors_info=\u00bb{}\u00bb][et_pb_code _builder_version=\u00bb4.27.0&#8243; _module_preset=\u00bbdefault\u00bb hover_enabled=\u00bb0&#8243; global_colors_info=\u00bb{}\u00bb sticky_enabled=\u00bb0&#8243;]<\/p>\n<style><!-- [et_pb_line_break_holder] -->    .header-carrera-premium {<!-- [et_pb_line_break_holder] -->        width: 95%;<!-- [et_pb_line_break_holder] -->        margin: 20px auto;<!-- [et_pb_line_break_holder] -->        \/* --- AJUSTES DE ALTURA --- *\/<!-- [et_pb_line_break_holder] -->        min-height: 100px; \/* Reducido de 200px a 100px *\/<!-- [et_pb_line_break_holder] -->        padding: 30px 0;   \/* Reducido de 60px a 30px *\/<!-- [et_pb_line_break_holder] -->        \/* ------------------------- *\/<!-- [et_pb_line_break_holder] -->        text-align: center;<!-- [et_pb_line_break_holder] -->        position: relative;<!-- [et_pb_line_break_holder] -->        overflow: hidden;<!-- [et_pb_line_break_holder] -->        display: flex;<!-- [et_pb_line_break_holder] -->        align-items: center;<!-- [et_pb_line_break_holder] -->        justify-content: center;<!-- [et_pb_line_break_holder] -->        border-radius: 30px; \/* Un poco menos de redondeado para menor altura *\/<!-- [et_pb_line_break_holder] -->        box-shadow: 0 10px 25px rgba(121, 45, 46, 0.2);<!-- [et_pb_line_break_holder] --><!-- [et_pb_line_break_holder] -->        background: linear-gradient(180deg, #792d2e 50%, #8b3435 50%);<!-- [et_pb_line_break_holder] -->        background-image: <!-- [et_pb_line_break_holder] -->            radial-gradient(rgba(255, 255, 255, 0.05) 1px, transparent 1px),<!-- [et_pb_line_break_holder] -->            linear-gradient(180deg, #792d2e 50%, #8b3435 50%);<!-- [et_pb_line_break_holder] -->        background-size: 20px 20px, 100% 100%;<!-- [et_pb_line_break_holder] -->    }<!-- [et_pb_line_break_holder] --><!-- [et_pb_line_break_holder] -->    .header-carrera-premium::before {<!-- [et_pb_line_break_holder] -->        content: \"\";<!-- [et_pb_line_break_holder] -->        position: absolute;<!-- [et_pb_line_break_holder] -->        top: 0;<!-- [et_pb_line_break_holder] -->        left: 0;<!-- [et_pb_line_break_holder] -->        right: 0;<!-- [et_pb_line_break_holder] -->        height: 50%;<!-- [et_pb_line_break_holder] -->        background: linear-gradient(rgba(255,255,255,0.05), transparent);<!-- [et_pb_line_break_holder] -->        pointer-events: none;<!-- [et_pb_line_break_holder] -->    }<!-- [et_pb_line_break_holder] --><!-- [et_pb_line_break_holder] -->    .nombre-carrera-final {<!-- [et_pb_line_break_holder] -->        color: #ffffff;<!-- [et_pb_line_break_holder] -->        font-family: 'Montserrat', sans-serif;<!-- [et_pb_line_break_holder] -->        font-size: 36px; \/* Tama\u00f1o fijo m\u00e1s est\u00e9tico para t\u00edtulos cortos *\/<!-- [et_pb_line_break_holder] -->        font-weight: 800;<!-- [et_pb_line_break_holder] -->        letter-spacing: 2px;<!-- [et_pb_line_break_holder] -->        text-shadow: 0 4px 8px rgba(0,0,0,0.3);<!-- [et_pb_line_break_holder] -->        z-index: 5;<!-- [et_pb_line_break_holder] -->        padding: 0 20px;<!-- [et_pb_line_break_holder] -->        line-height: 1em !important;<!-- [et_pb_line_break_holder] -->    }<!-- [et_pb_line_break_holder] --><\/style>\n<p><!-- [et_pb_line_break_holder] --><!-- [et_pb_line_break_holder] --><\/p>\n<div class=\"header-carrera-premium\"><!-- [et_pb_line_break_holder] -->    <\/p>\n<div class=\"nombre-carrera-final\">Filosof\u00eda Institucional<\/div>\n<p><!-- [et_pb_line_break_holder] --><\/div>\n<p>[\/et_pb_code][\/et_pb_column][\/et_pb_row][et_pb_row column_structure=\u00bb1_2,1_2&#8243; _builder_version=\u00bb4.27.0&#8243; _module_preset=\u00bbdefault\u00bb global_colors_info=\u00bb{}\u00bb][et_pb_column type=\u00bb1_2&#8243; _builder_version=\u00bb4.27.0&#8243; _module_preset=\u00bbdefault\u00bb global_colors_info=\u00bb{}\u00bb][et_pb_image src=\u00bbhttps:\/\/roque.tecnm.mx\/wp-content\/uploads\/2025\/06\/politica_institucional.jpeg\u00bb title_text=\u00bbpolitica_institucional\u00bb _builder_version=\u00bb4.27.0&#8243; _module_preset=\u00bbdefault\u00bb global_colors_info=\u00bb{}\u00bb][\/et_pb_image][et_pb_image src=\u00bbhttps:\/\/roque.tecnm.mx\/wp-content\/uploads\/2025\/06\/vision.jpeg\u00bb title_text=\u00bbvision\u00bb _builder_version=\u00bb4.27.0&#8243; _module_preset=\u00bbdefault\u00bb global_colors_info=\u00bb{}\u00bb][\/et_pb_image][\/et_pb_column][et_pb_column type=\u00bb1_2&#8243; _builder_version=\u00bb4.27.0&#8243; _module_preset=\u00bbdefault\u00bb global_colors_info=\u00bb{}\u00bb][et_pb_image src=\u00bbhttps:\/\/roque.tecnm.mx\/wp-content\/uploads\/2025\/06\/mision.jpeg\u00bb title_text=\u00bbmision\u00bb _builder_version=\u00bb4.27.0&#8243; _module_preset=\u00bbdefault\u00bb global_colors_info=\u00bb{}\u00bb][\/et_pb_image][et_pb_image src=\u00bbhttps:\/\/github.com\/iaestrada123-wq\/wp-pub\/raw\/main\/valores.jpeg\u00bb title_text=\u00bbvalores\u00bb _builder_version=\u00bb4.27.0&#8243; _module_preset=\u00bbdefault\u00bb global_colors_info=\u00bb{}\u00bb][\/et_pb_image][\/et_pb_column][\/et_pb_row][\/et_pb_section][et_pb_section fb_built=\u00bb1&#8243; _builder_version=\u00bb4.27.0&#8243; _module_preset=\u00bbdefault\u00bb global_colors_info=\u00bb{}\u00bb][et_pb_row _builder_version=\u00bb4.27.0&#8243; _module_preset=\u00bbdefault\u00bb global_colors_info=\u00bb{}\u00bb][et_pb_column type=\u00bb4_4&#8243; _builder_version=\u00bb4.27.0&#8243; _module_preset=\u00bbdefault\u00bb global_colors_info=\u00bb{}\u00bb][et_pb_video src=\u00bbhttps:\/\/roque.tecnm.mx\/wp-content\/uploads\/2025\/06\/Video-Politica-Institucional-99-ANIVERSARIO.mp4&#8243; _builder_version=\u00bb4.27.0&#8243; _module_preset=\u00bbdefault\u00bb global_colors_info=\u00bb{}\u00bb][\/et_pb_video][\/et_pb_column][\/et_pb_row][\/et_pb_section]<\/p>\n","protected":false},"excerpt":{"rendered":"","protected":false},"author":21,"featured_media":0,"parent":0,"menu_order":0,"comment_status":"closed","ping_status":"closed","template":"","meta":{"_et_pb_use_builder":"on","_et_pb_old_content":"","_et_gb_content_width":"","footnotes":""},"class_list":["post-6137","page","type-page","status-publish","hentry"],"_links":{"self":[{"href":"https:\/\/roque.tecnm.mx\/index.php?rest_route=\/wp\/v2\/pages\/6137"}],"collection":[{"href":"https:\/\/roque.tecnm.mx\/index.php?rest_route=\/wp\/v2\/pages"}],"about":[{"href":"https:\/\/roque.tecnm.mx\/index.php?rest_route=\/wp\/v2\/types\/page"}],"author":[{"embeddable":true,"href":"https:\/\/roque.tecnm.mx\/index.php?rest_route=\/wp\/v2\/users\/21"}],"replies":[{"embeddable":true,"href":"https:\/\/roque.tecnm.mx\/index.php?rest_route=%2Fwp%2Fv2%2Fcomments&post=6137"}],"version-history":[{"count":15,"href":"https:\/\/roque.tecnm.mx\/index.php?rest_route=\/wp\/v2\/pages\/6137\/revisions"}],"predecessor-version":[{"id":10899,"href":"https:\/\/roque.tecnm.mx\/index.php?rest_route=\/wp\/v2\/pages\/6137\/revisions\/10899"}],"wp:attachment":[{"href":"https:\/\/roque.tecnm.mx\/index.php?rest_route=%2Fwp%2Fv2%2Fmedia&parent=6137"}],"curies":[{"name":"wp","href":"https:\/\/api.w.org\/{rel}","templated":true}]}}