{"id":6289,"date":"2023-07-20T18:55:36","date_gmt":"2023-07-21T00:55:36","guid":{"rendered":"http:\/\/web.roque.cetech.com.mx\/?page_id=6289"},"modified":"2026-02-26T20:17:29","modified_gmt":"2026-02-27T02:17:29","slug":"itr_ia","status":"publish","type":"page","link":"https:\/\/roque.tecnm.mx\/?page_id=6289","title":{"rendered":"ITR_IA"},"content":{"rendered":"<p>[et_pb_section fb_built=\u00bb1&#8243; _builder_version=\u00bb4.21.0&#8243; _module_preset=\u00bbdefault\u00bb background_enable_color=\u00bboff\u00bb background_image=\u00bbhttp:\/\/web.roque.cetech.com.mx\/wp-content\/uploads\/2023\/03\/Diseno-sin-titulo-20.png\u00bb background_blend=\u00bbsoft-light\u00bb custom_padding=\u00bb||80px|||\u00bb top_divider_style=\u00bbmountains2&#8243; top_divider_color=\u00bb#d3af6f\u00bb top_divider_height=\u00bb40px\u00bb bottom_divider_style=\u00bbasymmetric4&#8243; bottom_divider_color=\u00bb#1b396a\u00bb global_colors_info=\u00bb{}\u00bb][et_pb_row _builder_version=\u00bb4.27.0&#8243; _module_preset=\u00bbdefault\u00bb global_colors_info=\u00bb{}\u00bb][et_pb_column type=\u00bb4_4&#8243; _builder_version=\u00bb4.27.0&#8243; _module_preset=\u00bbdefault\u00bb global_colors_info=\u00bb{}\u00bb][et_pb_code _builder_version=\u00bb4.27.0&#8243; _module_preset=\u00bbdefault\u00bb hover_enabled=\u00bb0&#8243; global_colors_info=\u00bb{}\u00bb sticky_enabled=\u00bb0&#8243;]<\/p>\n<style><!-- [et_pb_line_break_holder] -->    .header-carrera-premium {<!-- [et_pb_line_break_holder] -->        width: 95%;<!-- [et_pb_line_break_holder] -->        margin: 20px auto;<!-- [et_pb_line_break_holder] -->        \/* --- AJUSTES DE ALTURA --- *\/<!-- [et_pb_line_break_holder] -->        min-height: 100px; \/* Reducido de 200px a 100px *\/<!-- [et_pb_line_break_holder] -->        padding: 30px 0;   \/* Reducido de 60px a 30px *\/<!-- [et_pb_line_break_holder] -->        \/* ------------------------- *\/<!-- [et_pb_line_break_holder] -->        text-align: center;<!-- [et_pb_line_break_holder] -->        position: relative;<!-- [et_pb_line_break_holder] -->        overflow: hidden;<!-- [et_pb_line_break_holder] -->        display: flex;<!-- [et_pb_line_break_holder] -->        align-items: center;<!-- [et_pb_line_break_holder] -->        justify-content: center;<!-- [et_pb_line_break_holder] -->        border-radius: 30px; \/* Un poco menos de redondeado para menor altura *\/<!-- [et_pb_line_break_holder] -->        box-shadow: 0 10px 25px rgba(121, 45, 46, 0.2);<!-- [et_pb_line_break_holder] --><!-- [et_pb_line_break_holder] -->        background: linear-gradient(180deg, #792d2e 50%, #8b3435 50%);<!-- [et_pb_line_break_holder] -->        background-image: <!-- [et_pb_line_break_holder] -->            radial-gradient(rgba(255, 255, 255, 0.05) 1px, transparent 1px),<!-- [et_pb_line_break_holder] -->            linear-gradient(180deg, #792d2e 50%, #8b3435 50%);<!-- [et_pb_line_break_holder] -->        background-size: 20px 20px, 100% 100%;<!-- [et_pb_line_break_holder] -->    }<!-- [et_pb_line_break_holder] --><!-- [et_pb_line_break_holder] -->    .header-carrera-premium::before {<!-- [et_pb_line_break_holder] -->        content: \"\";<!-- [et_pb_line_break_holder] -->        position: absolute;<!-- [et_pb_line_break_holder] -->        top: 0;<!-- [et_pb_line_break_holder] -->        left: 0;<!-- [et_pb_line_break_holder] -->        right: 0;<!-- [et_pb_line_break_holder] -->        height: 50%;<!-- [et_pb_line_break_holder] -->        background: linear-gradient(rgba(255,255,255,0.05), transparent);<!-- [et_pb_line_break_holder] -->        pointer-events: none;<!-- [et_pb_line_break_holder] -->    }<!-- [et_pb_line_break_holder] --><!-- [et_pb_line_break_holder] -->    .nombre-carrera-final {<!-- [et_pb_line_break_holder] -->        color: #ffffff;<!-- [et_pb_line_break_holder] -->        font-family: 'Montserrat', sans-serif;<!-- [et_pb_line_break_holder] -->        font-size: 36px; \/* Tama\u00f1o fijo m\u00e1s est\u00e9tico para t\u00edtulos cortos *\/<!-- [et_pb_line_break_holder] -->        font-weight: 800;<!-- [et_pb_line_break_holder] -->        letter-spacing: 2px;<!-- [et_pb_line_break_holder] -->        text-shadow: 0 4px 8px rgba(0,0,0,0.3);<!-- [et_pb_line_break_holder] -->        z-index: 5;<!-- [et_pb_line_break_holder] -->        padding: 0 20px;<!-- [et_pb_line_break_holder] -->        line-height: 1em !important;<!-- [et_pb_line_break_holder] -->    }<!-- [et_pb_line_break_holder] --><\/style>\n<p><!-- [et_pb_line_break_holder] --><!-- [et_pb_line_break_holder] --><\/p>\n<div class=\"header-carrera-premium\"><!-- [et_pb_line_break_holder] -->    <\/p>\n<div class=\"nombre-carrera-final\">Ingenier\u00eda en Industrias Alimentarias<\/div>\n<p><!-- [et_pb_line_break_holder] --><\/div>\n<p>[\/et_pb_code][\/et_pb_column][\/et_pb_row][et_pb_row _builder_version=\u00bb4.16&#8243; _module_preset=\u00bbdefault\u00bb custom_padding=\u00bb18px||0px|||\u00bb locked=\u00bboff\u00bb global_colors_info=\u00bb{}\u00bb][et_pb_column type=\u00bb4_4&#8243; _builder_version=\u00bb4.16&#8243; _module_preset=\u00bbdefault\u00bb global_colors_info=\u00bb{}\u00bb][et_pb_divider color=\u00bb#d3af6f\u00bb divider_weight=\u00bb6px\u00bb _builder_version=\u00bb4.21.0&#8243; _module_preset=\u00bbdefault\u00bb min_height=\u00bb34px\u00bb global_colors_info=\u00bb{}\u00bb][\/et_pb_divider][\/et_pb_column][\/et_pb_row][et_pb_row _builder_version=\u00bb4.21.0&#8243; _module_preset=\u00bbdefault\u00bb global_colors_info=\u00bb{}\u00bb][et_pb_column type=\u00bb4_4&#8243; _builder_version=\u00bb4.21.0&#8243; _module_preset=\u00bbdefault\u00bb global_colors_info=\u00bb{}\u00bb][et_pb_text _builder_version=\u00bb4.27.0&#8243; _module_preset=\u00bbdefault\u00bb text_font=\u00bb||||||||\u00bb text_font_size=\u00bb24px\u00bb header_font=\u00bb||||||||\u00bb text_orientation=\u00bbjustified\u00bb global_colors_info=\u00bb{}\u00bb]<\/p>\n<h2 style=\"border-bottom: 2px solid #ccc; padding-bottom: 10px; padding-left: 20px; margin-top: 40px;\">\n    <span style=\"color: #792d2e;\"><strong>MISI\u00d3N DEL PROGRAMA EDUCATIVO<\/strong><\/span><br \/>\n<\/h2>\n<div style=\"padding-left: 60px; padding-right: 40px; margin-top: 20px; margin-bottom: 40px;\">\n<p style=\"text-align: justify; color: #444; font-size: 16px; line-height: 1.8;\">\n        Formar profesionistas de excelencia en el \u00e1rea de ingenier\u00eda en industrias alimentarias que contribuyan competitivamente al desarrollo sustentable, socioecon\u00f3mico y cultural del pa\u00eds.\n    <\/p>\n<\/div>\n<p>[\/et_pb_text][\/et_pb_column][\/et_pb_row][et_pb_row _builder_version=\u00bb4.16&#8243; _module_preset=\u00bbdefault\u00bb custom_padding=\u00bb18px||0px|||\u00bb locked=\u00bboff\u00bb global_colors_info=\u00bb{}\u00bb][et_pb_column type=\u00bb4_4&#8243; _builder_version=\u00bb4.16&#8243; _module_preset=\u00bbdefault\u00bb global_colors_info=\u00bb{}\u00bb][et_pb_divider color=\u00bb#d3af6f\u00bb divider_weight=\u00bb6px\u00bb _builder_version=\u00bb4.21.0&#8243; _module_preset=\u00bbdefault\u00bb min_height=\u00bb34px\u00bb global_colors_info=\u00bb{}\u00bb][\/et_pb_divider][\/et_pb_column][\/et_pb_row][et_pb_row _builder_version=\u00bb4.21.0&#8243; _module_preset=\u00bbdefault\u00bb global_colors_info=\u00bb{}\u00bb][et_pb_column type=\u00bb4_4&#8243; _builder_version=\u00bb4.21.0&#8243; _module_preset=\u00bbdefault\u00bb global_colors_info=\u00bb{}\u00bb][et_pb_text _builder_version=\u00bb4.27.0&#8243; _module_preset=\u00bbdefault\u00bb text_font=\u00bb||||||||\u00bb text_font_size=\u00bb24px\u00bb text_orientation=\u00bbjustified\u00bb global_colors_info=\u00bb{}\u00bb]<\/p>\n<h2 style=\"border-bottom: 2px solid #ccc; padding-bottom: 10px; padding-left: 20px; margin-top: 40px;\">\n    <span style=\"color: #792d2e;\"><strong>VISI\u00d3N DEL PROGRAMA EDUCATIVO<\/strong><\/span><br \/>\n<\/h2>\n<div style=\"padding-left: 60px; padding-right: 40px; margin-top: 20px; margin-bottom: 40px;\">\n<p style=\"text-align: justify; color: #444; font-size: 16px; line-height: 1.8;\">\n        Ofrecer un programa acad\u00e9mico de calidad y de excelencia, reconocido por organismos nacionales e internacionales en el \u00e1rea de ingenier\u00eda en industrias alimentarias.\n    <\/p>\n<\/div>\n<p>[\/et_pb_text][\/et_pb_column][\/et_pb_row][et_pb_row _builder_version=\u00bb4.16&#8243; _module_preset=\u00bbdefault\u00bb custom_padding=\u00bb18px||0px|||\u00bb locked=\u00bboff\u00bb global_colors_info=\u00bb{}\u00bb][et_pb_column type=\u00bb4_4&#8243; _builder_version=\u00bb4.16&#8243; _module_preset=\u00bbdefault\u00bb global_colors_info=\u00bb{}\u00bb][et_pb_divider color=\u00bb#d3af6f\u00bb divider_weight=\u00bb6px\u00bb _builder_version=\u00bb4.21.0&#8243; _module_preset=\u00bbdefault\u00bb min_height=\u00bb34px\u00bb global_colors_info=\u00bb{}\u00bb][\/et_pb_divider][\/et_pb_column][\/et_pb_row][et_pb_row _builder_version=\u00bb4.21.0&#8243; _module_preset=\u00bbdefault\u00bb global_colors_info=\u00bb{}\u00bb][et_pb_column type=\u00bb4_4&#8243; _builder_version=\u00bb4.21.0&#8243; _module_preset=\u00bbdefault\u00bb global_colors_info=\u00bb{}\u00bb][et_pb_text _builder_version=\u00bb4.27.0&#8243; _module_preset=\u00bbdefault\u00bb text_font=\u00bb||||||||\u00bb text_font_size=\u00bb24px\u00bb text_orientation=\u00bbjustified\u00bb global_colors_info=\u00bb{}\u00bb]<\/p>\n<h2 style=\"border-bottom: 2px solid #ccc; padding-bottom: 10px; padding-left: 20px; margin-top: 40px;\">\n    <span style=\"color: #792d2e;\"><strong>VALORES DEL PROGRAMA EDUCATIVO<\/strong><\/span><br \/>\n<\/h2>\n<div style=\"padding-left: 60px; padding-right: 40px; margin-top: 20px; margin-bottom: 40px;\">\n<p style=\"text-align: justify; color: #444; font-size: 16px; line-height: 1.8; margin-bottom: 5px;\">\n        \u2022 \u00c9tica\n    <\/p>\n<p style=\"text-align: justify; color: #444; font-size: 16px; line-height: 1.8; margin-bottom: 5px;\">\n        \u2022 Transparencia\n    <\/p>\n<p style=\"text-align: justify; color: #444; font-size: 16px; line-height: 1.8; margin-bottom: 5px;\">\n        \u2022 Resiliencia\n    <\/p>\n<p style=\"text-align: justify; color: #444; font-size: 16px; line-height: 1.8; margin-bottom: 5px;\">\n        \u2022 Trabajo en Equipo\n    <\/p>\n<p style=\"text-align: justify; color: #444; font-size: 16px; line-height: 1.8; margin-bottom: 5px;\">\n        \u2022 Honestidad\n    <\/p>\n<p style=\"text-align: justify; color: #444; font-size: 16px; line-height: 1.8; margin-bottom: 5px;\">\n        \u2022 Respeto\n    <\/p>\n<p style=\"text-align: justify; color: #444; font-size: 16px; line-height: 1.8; margin-bottom: 5px;\">\n        \u2022 Solidaridad\n    <\/p>\n<\/div>\n<p>[\/et_pb_text][\/et_pb_column][\/et_pb_row][et_pb_row _builder_version=\u00bb4.16&#8243; _module_preset=\u00bbdefault\u00bb custom_padding=\u00bb18px||0px|||\u00bb locked=\u00bboff\u00bb global_colors_info=\u00bb{}\u00bb][et_pb_column type=\u00bb4_4&#8243; _builder_version=\u00bb4.16&#8243; _module_preset=\u00bbdefault\u00bb global_colors_info=\u00bb{}\u00bb][et_pb_divider color=\u00bb#d3af6f\u00bb divider_weight=\u00bb6px\u00bb _builder_version=\u00bb4.21.0&#8243; _module_preset=\u00bbdefault\u00bb min_height=\u00bb34px\u00bb global_colors_info=\u00bb{}\u00bb][\/et_pb_divider][\/et_pb_column][\/et_pb_row][et_pb_row _builder_version=\u00bb4.21.0&#8243; _module_preset=\u00bbdefault\u00bb global_colors_info=\u00bb{}\u00bb][et_pb_column type=\u00bb4_4&#8243; _builder_version=\u00bb4.21.0&#8243; _module_preset=\u00bbdefault\u00bb global_colors_info=\u00bb{}\u00bb][et_pb_text _builder_version=\u00bb4.27.0&#8243; _module_preset=\u00bbdefault\u00bb text_font=\u00bb||||||||\u00bb text_font_size=\u00bb24px\u00bb text_orientation=\u00bbjustified\u00bb global_colors_info=\u00bb{}\u00bb]<\/p>\n<h2 style=\"border-bottom: 2px solid #ccc; padding-bottom: 10px; padding-left: 20px; margin-top: 40px;\">\n    <span style=\"color: #792d2e;\"><strong>OBJETIVO GENERAL DEL PROGRAMA EDUCATIVO<\/strong><\/span><br \/>\n<\/h2>\n<div style=\"padding-left: 60px; padding-right: 40px; margin-top: 20px; margin-bottom: 40px;\">\n<p style=\"text-align: justify; color: #444; font-size: 16px; line-height: 1.8;\">\n        El Ingeniero en industrias alimentar\u00edas ser\u00e1 un profesional con s\u00f3lida formaci\u00f3n en las ciencias b\u00e1sicas, ingenier\u00eda, gesti\u00f3n, legislaci\u00f3n, industrializaci\u00f3n y comercializaci\u00f3n en la industria agroalimentaria.\n    <\/p>\n<\/div>\n<p>[\/et_pb_text][\/et_pb_column][\/et_pb_row][et_pb_row _builder_version=\u00bb4.16&#8243; _module_preset=\u00bbdefault\u00bb custom_padding=\u00bb18px||0px|||\u00bb locked=\u00bboff\u00bb global_colors_info=\u00bb{}\u00bb][et_pb_column type=\u00bb4_4&#8243; _builder_version=\u00bb4.16&#8243; _module_preset=\u00bbdefault\u00bb global_colors_info=\u00bb{}\u00bb][et_pb_divider color=\u00bb#d3af6f\u00bb divider_weight=\u00bb6px\u00bb _builder_version=\u00bb4.21.0&#8243; _module_preset=\u00bbdefault\u00bb min_height=\u00bb34px\u00bb global_colors_info=\u00bb{}\u00bb][\/et_pb_divider][\/et_pb_column][\/et_pb_row][et_pb_row _builder_version=\u00bb4.21.0&#8243; _module_preset=\u00bbdefault\u00bb global_colors_info=\u00bb{}\u00bb][et_pb_column type=\u00bb4_4&#8243; _builder_version=\u00bb4.21.0&#8243; _module_preset=\u00bbdefault\u00bb global_colors_info=\u00bb{}\u00bb][et_pb_text _builder_version=\u00bb4.27.0&#8243; _module_preset=\u00bbdefault\u00bb text_font=\u00bb||||||||\u00bb text_font_size=\u00bb24px\u00bb text_orientation=\u00bbjustified\u00bb global_colors_info=\u00bb{}\u00bb]<\/p>\n<h2 style=\"border-bottom: 2px solid #ccc; padding-bottom: 10px; padding-left: 20px; margin-top: 40px;\">\n    <span style=\"color: #792d2e;\"><strong>PERFIL DE EGRESO DEL PROGRAMA EDUCATIVO<\/strong><\/span><br \/>\n<\/h2>\n<div style=\"padding-left: 60px; padding-right: 40px; margin-top: 20px; margin-bottom: 40px;\">\n<p style=\"text-align: justify; color: #444; font-size: 16px; line-height: 1.8; margin-bottom: 10px;\">\n        \u2022 Controlar\u00e1, modificar\u00e1 y mejorar\u00e1 sistemas de procesos de productos alimenticios bajo el trabajo en equipo.\n    <\/p>\n<p style=\"text-align: justify; color: #444; font-size: 16px; line-height: 1.8; margin-bottom: 10px;\">\n        \u2022 Gestionar\u00e1 recursos humanos, materiales y energ\u00eda para la concepci\u00f3n de proyectos relacionados con la industria alimentaria.\n    <\/p>\n<p style=\"text-align: justify; color: #444; font-size: 16px; line-height: 1.8; margin-bottom: 10px;\">\n        \u2022 Dominar\u00e1 y actualizar\u00e1 los sistemas de gesti\u00f3n de calidad e inocuidad alimentaria y de seguridad industrial a trav\u00e9s de proyectos estrat\u00e9gicos aplicados a las diferentes \u00e1reas de la empresa.\n    <\/p>\n<p style=\"text-align: justify; color: #444; font-size: 16px; line-height: 1.8; margin-bottom: 10px;\">\n        \u2022 Analizar\u00e1 y comprender\u00e1 las necesidades del entorno para dise\u00f1ar y proponer nuevos productos del ramo.\n    <\/p>\n<p style=\"text-align: justify; color: #444; font-size: 16px; line-height: 1.8; margin-bottom: 10px;\">\n        \u2022 Lograr\u00e1 relaciones laborales s\u00f3lidas con otros profesionistas, clientes, proveedores y asociados de la empresa donde labore.\n    <\/p>\n<p style=\"text-align: justify; color: #444; font-size: 16px; line-height: 1.8; margin-bottom: 10px;\">\n        \u2022 Desarrollar\u00e1 y dirigir\u00e1 actividades de investigaci\u00f3n y desarrollo de ciencia y tecnolog\u00eda de los alimentos bajo las necesidades del entorno.\n    <\/p>\n<\/div>\n<p>[\/et_pb_text][\/et_pb_column][\/et_pb_row][et_pb_row _builder_version=\u00bb4.16&#8243; _module_preset=\u00bbdefault\u00bb custom_padding=\u00bb18px||0px|||\u00bb locked=\u00bboff\u00bb global_colors_info=\u00bb{}\u00bb][et_pb_column type=\u00bb4_4&#8243; _builder_version=\u00bb4.16&#8243; _module_preset=\u00bbdefault\u00bb global_colors_info=\u00bb{}\u00bb][et_pb_divider color=\u00bb#d3af6f\u00bb divider_weight=\u00bb6px\u00bb _builder_version=\u00bb4.21.0&#8243; _module_preset=\u00bbdefault\u00bb min_height=\u00bb34px\u00bb global_colors_info=\u00bb{}\u00bb][\/et_pb_divider][\/et_pb_column][\/et_pb_row][et_pb_row _builder_version=\u00bb4.21.0&#8243; _module_preset=\u00bbdefault\u00bb global_colors_info=\u00bb{}\u00bb][et_pb_column type=\u00bb4_4&#8243; _builder_version=\u00bb4.21.0&#8243; _module_preset=\u00bbdefault\u00bb global_colors_info=\u00bb{}\u00bb][et_pb_text _builder_version=\u00bb4.27.0&#8243; _module_preset=\u00bbdefault\u00bb text_font=\u00bb||||||||\u00bb text_font_size=\u00bb24px\u00bb text_orientation=\u00bbjustified\u00bb global_colors_info=\u00bb{}\u00bb]<\/p>\n<h2 style=\"border-bottom: 2px solid #ccc; padding-bottom: 10px; padding-left: 20px; margin-top: 40px;\">\n    <span style=\"color: #792d2e;\"><strong>CAMPO DE ACCI\u00d3N<\/strong><\/span><br \/>\n<\/h2>\n<div style=\"padding-left: 60px; padding-right: 40px; margin-top: 20px; margin-bottom: 40px;\">\n<p style=\"text-align: justify; color: #444; font-size: 16px; line-height: 1.8;\">\n        El campo profesional del Ingeniero en industrias alimentar\u00edas se ubica primordialmente en micro, peque\u00f1as y medianas empresas de productores del medio rural y privadas, as\u00ed como en empresas consultoras y de asesor\u00eda en el \u00e1rea agroempresarial.\n    <\/p>\n<\/div>\n<p>[\/et_pb_text][\/et_pb_column][\/et_pb_row][et_pb_row _builder_version=\u00bb4.16&#8243; _module_preset=\u00bbdefault\u00bb custom_padding=\u00bb18px||0px|||\u00bb locked=\u00bboff\u00bb global_colors_info=\u00bb{}\u00bb][et_pb_column type=\u00bb4_4&#8243; _builder_version=\u00bb4.16&#8243; _module_preset=\u00bbdefault\u00bb global_colors_info=\u00bb{}\u00bb][et_pb_divider color=\u00bb#d3af6f\u00bb divider_weight=\u00bb6px\u00bb _builder_version=\u00bb4.21.0&#8243; _module_preset=\u00bbdefault\u00bb min_height=\u00bb34px\u00bb global_colors_info=\u00bb{}\u00bb][\/et_pb_divider][\/et_pb_column][\/et_pb_row][et_pb_row _builder_version=\u00bb4.27.0&#8243; _module_preset=\u00bbdefault\u00bb global_colors_info=\u00bb{}\u00bb][et_pb_column type=\u00bb4_4&#8243; _builder_version=\u00bb4.27.0&#8243; _module_preset=\u00bbdefault\u00bb global_colors_info=\u00bb{}\u00bb][et_pb_text _builder_version=\u00bb4.27.0&#8243; _module_preset=\u00bbdefault\u00bb global_colors_info=\u00bb{}\u00bb]<\/p>\n<h1><strong>Plan de Estudios<\/strong><\/h1>\n<p>[\/et_pb_text][\/et_pb_column][\/et_pb_row][et_pb_row column_structure=\u00bb1_4,1_4,1_4,1_4&#8243; _builder_version=\u00bb4.27.0&#8243; _module_preset=\u00bbdefault\u00bb global_colors_info=\u00bb{}\u00bb][et_pb_column type=\u00bb1_4&#8243; _builder_version=\u00bb4.27.0&#8243; _module_preset=\u00bbdefault\u00bb global_colors_info=\u00bb{}\u00bb][et_pb_text _builder_version=\u00bb4.27.0&#8243; _module_preset=\u00bbdefault\u00bb global_colors_info=\u00bb{}\u00bb]<\/p>\n<h2><span style=\"text-decoration: underline;\"><strong>1er Semestre<\/strong><\/span><\/h2>\n<ul>\n<li><span style=\"text-decoration: underline;\"><\/span>Biolog\u00eda<\/li>\n<li>Qu\u00edmica Inorg\u00e1nica<\/li>\n<li>C\u00e1lculo Diferencial<\/li>\n<li>Taller de \u00c9tica<\/li>\n<li>Fundamentos de Investigaci\u00f3n<\/li>\n<li>Introducci\u00f3n a la Industria Alimentaria<\/li>\n<\/ul>\n<p>[\/et_pb_text][\/et_pb_column][et_pb_column type=\u00bb1_4&#8243; _builder_version=\u00bb4.27.0&#8243; _module_preset=\u00bbdefault\u00bb global_colors_info=\u00bb{}\u00bb][et_pb_text _builder_version=\u00bb4.27.0&#8243; _module_preset=\u00bbdefault\u00bb global_colors_info=\u00bb{}\u00bb]<\/p>\n<h2><span style=\"text-decoration: underline;\"><strong>2do Semestre<\/strong><\/span><\/h2>\n<ul>\n<li><span style=\"text-decoration: underline;\"><\/span>Laboratorio de Qu\u00edmica Anal\u00edtica<\/li>\n<li>Qu\u00edmica Org\u00e1nica<\/li>\n<li>C\u00e1lculo Integral<\/li>\n<li>\u00c1lgebra Lineal<\/li>\n<li>Probabilidad y Estad\u00edstica<\/li>\n<li>Fundamentos de F\u00edsica<\/li>\n<\/ul>\n<p>[\/et_pb_text][\/et_pb_column][et_pb_column type=\u00bb1_4&#8243; _builder_version=\u00bb4.27.0&#8243; _module_preset=\u00bbdefault\u00bb global_colors_info=\u00bb{}\u00bb][et_pb_text _builder_version=\u00bb4.27.0&#8243; _module_preset=\u00bbdefault\u00bb global_colors_info=\u00bb{}\u00bb]<\/p>\n<h2><span style=\"text-decoration: underline;\"><strong>3er Semestre<\/strong><\/span><\/h2>\n<ul>\n<li><span style=\"text-decoration: underline;\"><\/span>Bioqu\u00edmica de Alimentos I<\/li>\n<li>Ecuaciones Diferenciales<\/li>\n<li>Termodin\u00e1mica<\/li>\n<li>An\u00e1lisis de Alimentos<\/li>\n<li>Dise\u00f1o Experimentales<\/li>\n<li>Desarrollo Sustentable<\/li>\n<\/ul>\n<p>[\/et_pb_text][\/et_pb_column][et_pb_column type=\u00bb1_4&#8243; _builder_version=\u00bb4.27.0&#8243; _module_preset=\u00bbdefault\u00bb global_colors_info=\u00bb{}\u00bb][et_pb_text _builder_version=\u00bb4.27.0&#8243; _module_preset=\u00bbdefault\u00bb global_colors_info=\u00bb{}\u00bb]<\/p>\n<h2><span style=\"text-decoration: underline;\"><strong>4to Semestre<\/strong><\/span><\/h2>\n<ul>\n<li><span style=\"text-decoration: underline;\"><\/span>Bioqu\u00edmica de Alimentos II<\/li>\n<li>Taller de Investigaci\u00f3n I<\/li>\n<li>Flujo de Fluidos<\/li>\n<li>Microbiolog\u00eda<\/li>\n<li>Programaci\u00f3n<\/li>\n<li>Taller de Control Estad\u00edstico de Procesos<\/li>\n<\/ul>\n<p>[\/et_pb_text][\/et_pb_column][\/et_pb_row][et_pb_row column_structure=\u00bb1_4,1_4,1_4,1_4&#8243; _builder_version=\u00bb4.27.0&#8243; _module_preset=\u00bbdefault\u00bb global_colors_info=\u00bb{}\u00bb][et_pb_column type=\u00bb1_4&#8243; _builder_version=\u00bb4.27.0&#8243; _module_preset=\u00bbdefault\u00bb global_colors_info=\u00bb{}\u00bb][et_pb_text _builder_version=\u00bb4.27.0&#8243; _module_preset=\u00bbdefault\u00bb global_colors_info=\u00bb{}\u00bb]<\/p>\n<h2><span style=\"text-decoration: underline;\"><strong>5to Semestre<\/strong><\/span><\/h2>\n<ul>\n<li><span style=\"text-decoration: underline;\"><\/span>Evaluaci\u00f3n Sensorial<\/li>\n<li>Tecnolog\u00eda de Frutas, Hortalizas y Confiter\u00eda<\/li>\n<li>Microbiolog\u00eda de Alimentos<\/li>\n<li>Operaciones de Transferencia de Calor\u00a0<\/li>\n<li>Taller de Investigaci\u00f3n II<\/li>\n<li>Tecnolog\u00eda de Conservaci\u00f3n<\/li>\n<\/ul>\n<p>[\/et_pb_text][\/et_pb_column][et_pb_column type=\u00bb1_4&#8243; _builder_version=\u00bb4.27.0&#8243; _module_preset=\u00bbdefault\u00bb global_colors_info=\u00bb{}\u00bb][et_pb_text _builder_version=\u00bb4.27.0&#8243; _module_preset=\u00bbdefault\u00bb global_colors_info=\u00bb{}\u00bb]<\/p>\n<h2><span style=\"text-decoration: underline;\"><strong>6to Semestre<\/strong><\/span><\/h2>\n<ul>\n<li><span style=\"text-decoration: underline;\"><\/span>Biotecnolog\u00eda<\/li>\n<li>Gesti\u00f3n de la Calidad e Inocuidad Alimentaria<\/li>\n<li>Tecnolog\u00eda de C\u00e1rnicos<\/li>\n<li>Innovaci\u00f3n y Desarrollo de Nuevos Productos<\/li>\n<li>Operaciones de Transferencia de Masa<\/li>\n<\/ul>\n<p>[\/et_pb_text][\/et_pb_column][et_pb_column type=\u00bb1_4&#8243; _builder_version=\u00bb4.27.0&#8243; _module_preset=\u00bbdefault\u00bb global_colors_info=\u00bb{}\u00bb][et_pb_text _builder_version=\u00bb4.27.0&#8243; _module_preset=\u00bbdefault\u00bb global_colors_info=\u00bb{}\u00bb]<\/p>\n<h2><span style=\"text-decoration: underline;\"><strong>7mo Semestre<\/strong><\/span><\/h2>\n<ul>\n<li><span style=\"text-decoration: underline;\"><\/span>Tecnolog\u00edas de L\u00e1cteos<\/li>\n<li>Operaciones Mec\u00e1nicas<\/li>\n<li>Tecnolog\u00eda de Cereales y Oleaginosas<\/li>\n<li>Dise\u00f1o de Plantas Alimentarias<\/li>\n<li>Introducci\u00f3n a la Administraci\u00f3n y Econom\u00eda<\/li>\n<\/ul>\n<p>[\/et_pb_text][\/et_pb_column][et_pb_column type=\u00bb1_4&#8243; _builder_version=\u00bb4.27.0&#8243; _module_preset=\u00bbdefault\u00bb global_colors_info=\u00bb{}\u00bb][et_pb_text _builder_version=\u00bb4.27.0&#8243; _module_preset=\u00bbdefault\u00bb global_colors_info=\u00bb{}\u00bb]<\/p>\n<h2><span style=\"text-decoration: underline;\"><strong>8vo Semestre<\/strong><\/span><\/h2>\n<ul>\n<li><span style=\"text-decoration: underline;\"><\/span>Formulaci\u00f3n y Evaluaci\u00f3n de Proyectos<\/li>\n<li>Dise\u00f1o e Impartici\u00f3n de Cursos Presenciales<\/li>\n<\/ul>\n<p>[\/et_pb_text][\/et_pb_column][\/et_pb_row][et_pb_row _builder_version=\u00bb4.21.0&#8243; _module_preset=\u00bbdefault\u00bb global_colors_info=\u00bb{}\u00bb][et_pb_column type=\u00bb4_4&#8243; _builder_version=\u00bb4.21.0&#8243; _module_preset=\u00bbdefault\u00bb global_colors_info=\u00bb{}\u00bb][et_pb_text _builder_version=\u00bb4.27.0&#8243; _module_preset=\u00bbdefault\u00bb text_font_size=\u00bb1.5rem\u00bb global_colors_info=\u00bb{}\u00bb]<\/p>\n<h2 style=\"border-bottom: 2px solid #ccc; padding-bottom: 10px; padding-left: 20px; margin-top: 40px;\">\n    <span style=\"color: #792d2e;\"><strong>DESCARGAS Y DOCUMENTACI\u00d3N OFICIAL<\/strong><\/span><br \/>\n<\/h2>\n<div style=\"padding-left: 60px; padding-right: 40px; margin-top: 20px; margin-bottom: 40px;\">\n<p style=\"text-align: justify; color: #444; font-size: 16px; line-height: 1.8; margin-bottom: 15px;\">\n        \u2022 IIAL-2010-219 &#8211; <a href=\"https:\/\/roque.tecnm.mx\/wp-content\/uploads\/2025\/02\/Reticula-Ingenieria-en-Industrias-Alimentarias.pdf\" style=\"color: #792d2e; text-decoration: underline; font-weight: bold;\">Industrias Alimentarias<\/a>\n    <\/p>\n<p style=\"text-align: justify; color: #444; font-size: 16px; line-height: 1.8; margin-bottom: 15px;\">\n        \u2022 <a href=\"https:\/\/roque.tecnm.mx\/wp-content\/uploads\/2024\/09\/Reglamento_de_Estudiantes_del_TecNM.pdf\" style=\"color: #792d2e; text-decoration: underline; font-weight: bold;\">Reglamento de Estudiantes<\/a>\n    <\/p>\n<\/div>\n<p>[\/et_pb_text][\/et_pb_column][\/et_pb_row][\/et_pb_section]<\/p>\n","protected":false},"excerpt":{"rendered":"<p>MISI\u00d3N DEL PROGRAMA EDUCATIVO Formar profesionistas de excelencia en el \u00e1rea de ingenier\u00eda en industrias alimentarias que contribuyan competitivamente al desarrollo sustentable, socioecon\u00f3mico y cultural del pa\u00eds. VISI\u00d3N DEL PROGRAMA EDUCATIVO Ofrecer un programa acad\u00e9mico de calidad y de excelencia, reconocido por organismos nacionales e internacionales en el \u00e1rea de ingenier\u00eda en industrias alimentarias. VALORES [&hellip;]<\/p>\n","protected":false},"author":21,"featured_media":0,"parent":0,"menu_order":0,"comment_status":"closed","ping_status":"closed","template":"","meta":{"_et_pb_use_builder":"on","_et_pb_old_content":"","_et_gb_content_width":"","footnotes":""},"class_list":["post-6289","page","type-page","status-publish","hentry"],"_links":{"self":[{"href":"https:\/\/roque.tecnm.mx\/index.php?rest_route=\/wp\/v2\/pages\/6289"}],"collection":[{"href":"https:\/\/roque.tecnm.mx\/index.php?rest_route=\/wp\/v2\/pages"}],"about":[{"href":"https:\/\/roque.tecnm.mx\/index.php?rest_route=\/wp\/v2\/types\/page"}],"author":[{"embeddable":true,"href":"https:\/\/roque.tecnm.mx\/index.php?rest_route=\/wp\/v2\/users\/21"}],"replies":[{"embeddable":true,"href":"https:\/\/roque.tecnm.mx\/index.php?rest_route=%2Fwp%2Fv2%2Fcomments&post=6289"}],"version-history":[{"count":11,"href":"https:\/\/roque.tecnm.mx\/index.php?rest_route=\/wp\/v2\/pages\/6289\/revisions"}],"predecessor-version":[{"id":10905,"href":"https:\/\/roque.tecnm.mx\/index.php?rest_route=\/wp\/v2\/pages\/6289\/revisions\/10905"}],"wp:attachment":[{"href":"https:\/\/roque.tecnm.mx\/index.php?rest_route=%2Fwp%2Fv2%2Fmedia&parent=6289"}],"curies":[{"name":"wp","href":"https:\/\/api.w.org\/{rel}","templated":true}]}}