{"id":6338,"date":"2023-07-23T17:03:59","date_gmt":"2023-07-23T23:03:59","guid":{"rendered":"http:\/\/web.roque.cetech.com.mx\/?page_id=6338"},"modified":"2026-02-26T20:19:02","modified_gmt":"2026-02-27T02:19:02","slug":"6338-2","status":"publish","type":"page","link":"https:\/\/roque.tecnm.mx\/?page_id=6338","title":{"rendered":"ITR_IIAS"},"content":{"rendered":"<p>[et_pb_section fb_built=\u00bb1&#8243; _builder_version=\u00bb4.21.0&#8243; _module_preset=\u00bbdefault\u00bb background_enable_color=\u00bboff\u00bb background_image=\u00bbhttp:\/\/web.roque.cetech.com.mx\/wp-content\/uploads\/2023\/03\/Diseno-sin-titulo-20.png\u00bb background_blend=\u00bbsoft-light\u00bb custom_padding=\u00bb||80px|||\u00bb top_divider_style=\u00bbmountains2&#8243; top_divider_color=\u00bb#d3af6f\u00bb top_divider_height=\u00bb40px\u00bb bottom_divider_style=\u00bbasymmetric4&#8243; bottom_divider_color=\u00bb#1b396a\u00bb global_colors_info=\u00bb{}\u00bb][et_pb_row _builder_version=\u00bb4.27.0&#8243; _module_preset=\u00bbdefault\u00bb global_colors_info=\u00bb{}\u00bb][et_pb_column type=\u00bb4_4&#8243; _builder_version=\u00bb4.27.0&#8243; _module_preset=\u00bbdefault\u00bb global_colors_info=\u00bb{}\u00bb][et_pb_code _builder_version=\u00bb4.27.0&#8243; _module_preset=\u00bbdefault\u00bb hover_enabled=\u00bb0&#8243; global_colors_info=\u00bb{}\u00bb sticky_enabled=\u00bb0&#8243;]<\/p>\n<style><!-- [et_pb_line_break_holder] -->    .header-carrera-premium {<!-- [et_pb_line_break_holder] -->        width: 95%;<!-- [et_pb_line_break_holder] -->        margin: 20px auto;<!-- [et_pb_line_break_holder] -->        \/* --- AJUSTES DE ALTURA --- *\/<!-- [et_pb_line_break_holder] -->        min-height: 100px; \/* Reducido de 200px a 100px *\/<!-- [et_pb_line_break_holder] -->        padding: 30px 0;   \/* Reducido de 60px a 30px *\/<!-- [et_pb_line_break_holder] -->        \/* ------------------------- *\/<!-- [et_pb_line_break_holder] -->        text-align: center;<!-- [et_pb_line_break_holder] -->        position: relative;<!-- [et_pb_line_break_holder] -->        overflow: hidden;<!-- [et_pb_line_break_holder] -->        display: flex;<!-- [et_pb_line_break_holder] -->        align-items: center;<!-- [et_pb_line_break_holder] -->        justify-content: center;<!-- [et_pb_line_break_holder] -->        border-radius: 30px; \/* Un poco menos de redondeado para menor altura *\/<!-- [et_pb_line_break_holder] -->        box-shadow: 0 10px 25px rgba(121, 45, 46, 0.2);<!-- [et_pb_line_break_holder] --><!-- [et_pb_line_break_holder] -->        background: linear-gradient(180deg, #792d2e 50%, #8b3435 50%);<!-- [et_pb_line_break_holder] -->        background-image: <!-- [et_pb_line_break_holder] -->            radial-gradient(rgba(255, 255, 255, 0.05) 1px, transparent 1px),<!-- [et_pb_line_break_holder] -->            linear-gradient(180deg, #792d2e 50%, #8b3435 50%);<!-- [et_pb_line_break_holder] -->        background-size: 20px 20px, 100% 100%;<!-- [et_pb_line_break_holder] -->    }<!-- [et_pb_line_break_holder] --><!-- [et_pb_line_break_holder] -->    .header-carrera-premium::before {<!-- [et_pb_line_break_holder] -->        content: \"\";<!-- [et_pb_line_break_holder] -->        position: absolute;<!-- [et_pb_line_break_holder] -->        top: 0;<!-- [et_pb_line_break_holder] -->        left: 0;<!-- [et_pb_line_break_holder] -->        right: 0;<!-- [et_pb_line_break_holder] -->        height: 50%;<!-- [et_pb_line_break_holder] -->        background: linear-gradient(rgba(255,255,255,0.05), transparent);<!-- [et_pb_line_break_holder] -->        pointer-events: none;<!-- [et_pb_line_break_holder] -->    }<!-- [et_pb_line_break_holder] --><!-- [et_pb_line_break_holder] -->    .nombre-carrera-final {<!-- [et_pb_line_break_holder] -->        color: #ffffff;<!-- [et_pb_line_break_holder] -->        font-family: 'Montserrat', sans-serif;<!-- [et_pb_line_break_holder] -->        font-size: 36px; \/* Tama\u00f1o fijo m\u00e1s est\u00e9tico para t\u00edtulos cortos *\/<!-- [et_pb_line_break_holder] -->        font-weight: 800;<!-- [et_pb_line_break_holder] -->        letter-spacing: 2px;<!-- [et_pb_line_break_holder] -->        text-shadow: 0 4px 8px rgba(0,0,0,0.3);<!-- [et_pb_line_break_holder] -->        z-index: 5;<!-- [et_pb_line_break_holder] -->        padding: 0 20px;<!-- [et_pb_line_break_holder] -->        line-height: 1em !important;<!-- [et_pb_line_break_holder] -->    }<!-- [et_pb_line_break_holder] --><\/style>\n<p><!-- [et_pb_line_break_holder] --><!-- [et_pb_line_break_holder] --><\/p>\n<div class=\"header-carrera-premium\"><!-- [et_pb_line_break_holder] -->    <\/p>\n<div class=\"nombre-carrera-final\">Ingenier\u00eda en Innovaci\u00f3n Agr\u00edcola Sustentable<\/div>\n<p><!-- [et_pb_line_break_holder] --><\/div>\n<p>[\/et_pb_code][\/et_pb_column][\/et_pb_row][et_pb_row _builder_version=\u00bb4.16&#8243; _module_preset=\u00bbdefault\u00bb custom_padding=\u00bb18px||0px|||\u00bb locked=\u00bboff\u00bb global_colors_info=\u00bb{}\u00bb][et_pb_column type=\u00bb4_4&#8243; _builder_version=\u00bb4.16&#8243; _module_preset=\u00bbdefault\u00bb global_colors_info=\u00bb{}\u00bb][et_pb_divider color=\u00bb#d3af6f\u00bb divider_weight=\u00bb6px\u00bb _builder_version=\u00bb4.21.0&#8243; _module_preset=\u00bbdefault\u00bb min_height=\u00bb34px\u00bb global_colors_info=\u00bb{}\u00bb][\/et_pb_divider][\/et_pb_column][\/et_pb_row][et_pb_row _builder_version=\u00bb4.21.0&#8243; _module_preset=\u00bbdefault\u00bb global_colors_info=\u00bb{}\u00bb][et_pb_column type=\u00bb4_4&#8243; _builder_version=\u00bb4.21.0&#8243; _module_preset=\u00bbdefault\u00bb global_colors_info=\u00bb{}\u00bb][et_pb_text _builder_version=\u00bb4.27.0&#8243; _module_preset=\u00bbdefault\u00bb text_font=\u00bb||||||||\u00bb text_font_size=\u00bb24px\u00bb header_font=\u00bb||||||||\u00bb text_orientation=\u00bbjustified\u00bb global_colors_info=\u00bb{}\u00bb]<\/p>\n<h2 style=\"border-bottom: 2px solid #ccc; padding-bottom: 10px; padding-left: 20px; margin-top: 40px;\">\n    <span style=\"color: #792d2e;\"><strong>MISI\u00d3N DEL PROGRAMA EDUCATIVO<\/strong><\/span><br \/>\n<\/h2>\n<div style=\"padding-left: 60px; padding-right: 40px; margin-top: 20px; margin-bottom: 40px;\">\n<p style=\"text-align: justify; color: #444; font-size: 16px; line-height: 1.8;\">\n        Formar profesionistas de excelencia en ingenier\u00eda en innovaci\u00f3n con espiritu de investigaci\u00f3n en la \u00e1reas agr\u00edcolas y pecuarias comprometidos con el desarrollo sostenido y sostenible en su entorno.\n    <\/p>\n<\/div>\n<p>[\/et_pb_text][\/et_pb_column][\/et_pb_row][et_pb_row _builder_version=\u00bb4.16&#8243; _module_preset=\u00bbdefault\u00bb custom_padding=\u00bb18px||0px|||\u00bb locked=\u00bboff\u00bb global_colors_info=\u00bb{}\u00bb][et_pb_column type=\u00bb4_4&#8243; _builder_version=\u00bb4.16&#8243; _module_preset=\u00bbdefault\u00bb global_colors_info=\u00bb{}\u00bb][et_pb_divider color=\u00bb#d3af6f\u00bb divider_weight=\u00bb6px\u00bb _builder_version=\u00bb4.21.0&#8243; _module_preset=\u00bbdefault\u00bb min_height=\u00bb34px\u00bb global_colors_info=\u00bb{}\u00bb][\/et_pb_divider][\/et_pb_column][\/et_pb_row][et_pb_row _builder_version=\u00bb4.21.0&#8243; _module_preset=\u00bbdefault\u00bb global_colors_info=\u00bb{}\u00bb][et_pb_column type=\u00bb4_4&#8243; _builder_version=\u00bb4.21.0&#8243; _module_preset=\u00bbdefault\u00bb global_colors_info=\u00bb{}\u00bb][et_pb_text _builder_version=\u00bb4.27.0&#8243; _module_preset=\u00bbdefault\u00bb text_font=\u00bb||||||||\u00bb text_font_size=\u00bb24px\u00bb text_orientation=\u00bbjustified\u00bb global_colors_info=\u00bb{}\u00bb]<\/p>\n<h2 style=\"border-bottom: 2px solid #ccc; padding-bottom: 10px; padding-left: 20px; margin-top: 40px;\">\n    <span style=\"color: #792d2e;\"><strong>VISI\u00d3N DEL PROGRAMA EDUCATIVO<\/strong><\/span><br \/>\n<\/h2>\n<div style=\"padding-left: 60px; padding-right: 40px; margin-top: 20px; margin-bottom: 40px;\">\n<p style=\"text-align: justify; color: #444; font-size: 16px; line-height: 1.8;\">\n        Ser un programa acad\u00e9mico de vanguardia en la producci\u00f3n agroalimentaria, centrado en el desarrollo de competencias profesionales, reconocido por su calidad, pertinencia e igualdad, por organismos nacionales e internacinales.\n    <\/p>\n<\/div>\n<p>[\/et_pb_text][\/et_pb_column][\/et_pb_row][et_pb_row _builder_version=\u00bb4.16&#8243; _module_preset=\u00bbdefault\u00bb custom_padding=\u00bb18px||0px|||\u00bb locked=\u00bboff\u00bb global_colors_info=\u00bb{}\u00bb][et_pb_column type=\u00bb4_4&#8243; _builder_version=\u00bb4.16&#8243; _module_preset=\u00bbdefault\u00bb global_colors_info=\u00bb{}\u00bb][et_pb_divider color=\u00bb#d3af6f\u00bb divider_weight=\u00bb6px\u00bb _builder_version=\u00bb4.21.0&#8243; _module_preset=\u00bbdefault\u00bb min_height=\u00bb34px\u00bb global_colors_info=\u00bb{}\u00bb][\/et_pb_divider][\/et_pb_column][\/et_pb_row][et_pb_row _builder_version=\u00bb4.21.0&#8243; _module_preset=\u00bbdefault\u00bb global_colors_info=\u00bb{}\u00bb][et_pb_column type=\u00bb4_4&#8243; _builder_version=\u00bb4.21.0&#8243; _module_preset=\u00bbdefault\u00bb global_colors_info=\u00bb{}\u00bb][et_pb_text _builder_version=\u00bb4.27.0&#8243; _module_preset=\u00bbdefault\u00bb text_font=\u00bb||||||||\u00bb text_font_size=\u00bb24px\u00bb text_orientation=\u00bbjustified\u00bb global_colors_info=\u00bb{}\u00bb]<\/p>\n<h2 style=\"border-bottom: 2px solid #ccc; padding-bottom: 10px; padding-left: 20px; margin-top: 40px;\">\n    <span style=\"color: #792d2e;\"><strong>VALORES DEL PROGRAMA EDUCATIVO<\/strong><\/span><br \/>\n<\/h2>\n<div style=\"padding-left: 60px; padding-right: 40px; margin-top: 20px; margin-bottom: 40px;\">\n<p style=\"text-align: justify; color: #444; font-size: 16px; line-height: 1.8; margin-bottom: 5px;\">\n        \u2022 \u00c9tica\n    <\/p>\n<p style=\"text-align: justify; color: #444; font-size: 16px; line-height: 1.8; margin-bottom: 5px;\">\n        \u2022 Transparencia\n    <\/p>\n<p style=\"text-align: justify; color: #444; font-size: 16px; line-height: 1.8; margin-bottom: 5px;\">\n        \u2022 Resiliencia\n    <\/p>\n<p style=\"text-align: justify; color: #444; font-size: 16px; line-height: 1.8; margin-bottom: 5px;\">\n        \u2022 Trabajo en Equipo\n    <\/p>\n<p style=\"text-align: justify; color: #444; font-size: 16px; line-height: 1.8; margin-bottom: 5px;\">\n        \u2022 Honestidad\n    <\/p>\n<p style=\"text-align: justify; color: #444; font-size: 16px; line-height: 1.8; margin-bottom: 5px;\">\n        \u2022 Respeto\n    <\/p>\n<p style=\"text-align: justify; color: #444; font-size: 16px; line-height: 1.8; margin-bottom: 5px;\">\n        \u2022 Solidaridad\n    <\/p>\n<\/div>\n<p>[\/et_pb_text][\/et_pb_column][\/et_pb_row][et_pb_row _builder_version=\u00bb4.16&#8243; _module_preset=\u00bbdefault\u00bb custom_padding=\u00bb18px||0px|||\u00bb locked=\u00bboff\u00bb global_colors_info=\u00bb{}\u00bb][et_pb_column type=\u00bb4_4&#8243; _builder_version=\u00bb4.16&#8243; _module_preset=\u00bbdefault\u00bb global_colors_info=\u00bb{}\u00bb][et_pb_divider color=\u00bb#d3af6f\u00bb divider_weight=\u00bb6px\u00bb _builder_version=\u00bb4.21.0&#8243; _module_preset=\u00bbdefault\u00bb min_height=\u00bb34px\u00bb global_colors_info=\u00bb{}\u00bb][\/et_pb_divider][\/et_pb_column][\/et_pb_row][et_pb_row _builder_version=\u00bb4.21.0&#8243; _module_preset=\u00bbdefault\u00bb global_colors_info=\u00bb{}\u00bb][et_pb_column type=\u00bb4_4&#8243; _builder_version=\u00bb4.21.0&#8243; _module_preset=\u00bbdefault\u00bb global_colors_info=\u00bb{}\u00bb][et_pb_text _builder_version=\u00bb4.27.0&#8243; _module_preset=\u00bbdefault\u00bb text_font=\u00bb||||||||\u00bb text_font_size=\u00bb24px\u00bb text_orientation=\u00bbjustified\u00bb global_colors_info=\u00bb{}\u00bb]<\/p>\n<h2 style=\"border-bottom: 2px solid #ccc; padding-bottom: 10px; padding-left: 20px; margin-top: 40px;\">\n    <span style=\"color: #792d2e;\"><strong>OBJETIVO GENERAL DEL PROGRAMA EDUCATIVO<\/strong><\/span><br \/>\n<\/h2>\n<div style=\"padding-left: 60px; padding-right: 40px; margin-top: 20px; margin-bottom: 40px;\">\n<p style=\"text-align: justify; color: #444; font-size: 16px; line-height: 1.8;\">\n        Agricultura sustentable, que sean capaces de incorporarse en actividades productivas, de protecci\u00f3n al ambiente y de investigaci\u00f3n, validaci\u00f3n, transferencia, adaptaci\u00f3n e innovaci\u00f3n tecnol\u00f3gica.\n    <\/p>\n<\/div>\n<p>[\/et_pb_text][\/et_pb_column][\/et_pb_row][et_pb_row _builder_version=\u00bb4.16&#8243; _module_preset=\u00bbdefault\u00bb custom_padding=\u00bb18px||0px|||\u00bb locked=\u00bboff\u00bb global_colors_info=\u00bb{}\u00bb][et_pb_column type=\u00bb4_4&#8243; _builder_version=\u00bb4.16&#8243; _module_preset=\u00bbdefault\u00bb global_colors_info=\u00bb{}\u00bb][et_pb_divider color=\u00bb#d3af6f\u00bb divider_weight=\u00bb6px\u00bb _builder_version=\u00bb4.21.0&#8243; _module_preset=\u00bbdefault\u00bb min_height=\u00bb34px\u00bb global_colors_info=\u00bb{}\u00bb][\/et_pb_divider][\/et_pb_column][\/et_pb_row][et_pb_row _builder_version=\u00bb4.21.0&#8243; _module_preset=\u00bbdefault\u00bb global_colors_info=\u00bb{}\u00bb][et_pb_column type=\u00bb4_4&#8243; _builder_version=\u00bb4.21.0&#8243; _module_preset=\u00bbdefault\u00bb global_colors_info=\u00bb{}\u00bb][et_pb_text _builder_version=\u00bb4.27.0&#8243; _module_preset=\u00bbdefault\u00bb text_font=\u00bb||||||||\u00bb text_font_size=\u00bb24px\u00bb text_orientation=\u00bbjustified\u00bb global_colors_info=\u00bb{}\u00bb]<\/p>\n<h2 style=\"border-bottom: 2px solid #ccc; padding-bottom: 10px; padding-left: 20px; margin-top: 40px;\">\n    <span style=\"color: #792d2e;\"><strong>PERFIL DE EGRESO DEL PROGRAMA EDUCATIVO<\/strong><\/span><br \/>\n<\/h2>\n<div style=\"padding-left: 60px; padding-right: 40px; margin-top: 20px; margin-bottom: 40px;\">\n<p style=\"text-align: justify; color: #444; font-size: 16px; line-height: 1.8; margin-bottom: 10px;\">\n        \u2022 Participar en el dise\u00f1o, creaci\u00f3n, instalaci\u00f3n, operaci\u00f3n y mantenimiento de empresas agr\u00edcolas dentro de un marco de desarrollo regional, nacional e internacional.\n    <\/p>\n<p style=\"text-align: justify; color: #444; font-size: 16px; line-height: 1.8; margin-bottom: 10px;\">\n        \u2022 Participar en la coordinaci\u00f3n, desarrollo, asesor\u00eda y direcci\u00f3n t\u00e9cnica de empresas basadas en sistemas de producci\u00f3n de agricultura protegida, considerando las adecuaciones que implican las condiciones ecol\u00f3gicas y socioecon\u00f3micas de las distintas regiones del pa\u00eds.\n    <\/p>\n<p style=\"text-align: justify; color: #444; font-size: 16px; line-height: 1.8; margin-bottom: 10px;\">\n        \u2022 Innovar los sistemas de producci\u00f3n agr\u00edcola a trav\u00e9s de la aplicaci\u00f3n de modelos de predicci\u00f3n mediante el uso de herramientas inform\u00e1ticas, para la toma de decisiones en las actividades de riego, nutrici\u00f3n, manejo integrado de plagas, enfermedades y riesgo clim\u00e1tico.\n    <\/p>\n<\/div>\n<p>[\/et_pb_text][\/et_pb_column][\/et_pb_row][et_pb_row _builder_version=\u00bb4.16&#8243; _module_preset=\u00bbdefault\u00bb custom_padding=\u00bb18px||0px|||\u00bb locked=\u00bboff\u00bb global_colors_info=\u00bb{}\u00bb][et_pb_column type=\u00bb4_4&#8243; _builder_version=\u00bb4.16&#8243; _module_preset=\u00bbdefault\u00bb global_colors_info=\u00bb{}\u00bb][et_pb_divider color=\u00bb#d3af6f\u00bb divider_weight=\u00bb6px\u00bb _builder_version=\u00bb4.21.0&#8243; _module_preset=\u00bbdefault\u00bb min_height=\u00bb34px\u00bb global_colors_info=\u00bb{}\u00bb][\/et_pb_divider][\/et_pb_column][\/et_pb_row][et_pb_row _builder_version=\u00bb4.21.0&#8243; _module_preset=\u00bbdefault\u00bb global_colors_info=\u00bb{}\u00bb][et_pb_column type=\u00bb4_4&#8243; _builder_version=\u00bb4.21.0&#8243; _module_preset=\u00bbdefault\u00bb global_colors_info=\u00bb{}\u00bb][et_pb_text _builder_version=\u00bb4.27.0&#8243; _module_preset=\u00bbdefault\u00bb text_font=\u00bb||||||||\u00bb text_font_size=\u00bb24px\u00bb text_orientation=\u00bbjustified\u00bb global_colors_info=\u00bb{}\u00bb]<\/p>\n<h2 style=\"border-bottom: 2px solid #ccc; padding-bottom: 10px; padding-left: 20px; margin-top: 40px;\">\n    <span style=\"color: #792d2e;\"><strong>CAMPO DE ACCI\u00d3N<\/strong><\/span><br \/>\n<\/h2>\n<div style=\"padding-left: 60px; padding-right: 40px; margin-top: 20px; margin-bottom: 40px;\">\n<p style=\"text-align: justify; color: #444; font-size: 16px; line-height: 1.8;\">\n        Innovando sistemas de producci\u00f3n en el manejo de invernaderos, inocuidad alimentaria, manejo de software y manejo del agua a trav\u00e9s de los sistemas de riego bajo un enfoque sustentable en el \u00e1mbito nacional e internacional.\n    <\/p>\n<\/div>\n<p>[\/et_pb_text][\/et_pb_column][\/et_pb_row][et_pb_row _builder_version=\u00bb4.16&#8243; _module_preset=\u00bbdefault\u00bb custom_padding=\u00bb18px||0px|||\u00bb locked=\u00bboff\u00bb global_colors_info=\u00bb{}\u00bb][et_pb_column type=\u00bb4_4&#8243; _builder_version=\u00bb4.16&#8243; _module_preset=\u00bbdefault\u00bb global_colors_info=\u00bb{}\u00bb][et_pb_divider color=\u00bb#d3af6f\u00bb divider_weight=\u00bb6px\u00bb _builder_version=\u00bb4.21.0&#8243; _module_preset=\u00bbdefault\u00bb min_height=\u00bb34px\u00bb global_colors_info=\u00bb{}\u00bb][\/et_pb_divider][\/et_pb_column][\/et_pb_row][et_pb_row _builder_version=\u00bb4.27.0&#8243; _module_preset=\u00bbdefault\u00bb global_colors_info=\u00bb{}\u00bb][et_pb_column type=\u00bb4_4&#8243; _builder_version=\u00bb4.27.0&#8243; _module_preset=\u00bbdefault\u00bb global_colors_info=\u00bb{}\u00bb][et_pb_text _builder_version=\u00bb4.27.0&#8243; _module_preset=\u00bbdefault\u00bb global_colors_info=\u00bb{}\u00bb]<\/p>\n<h2><strong>Plan de Estudios<\/strong><\/h2>\n<p>[\/et_pb_text][\/et_pb_column][\/et_pb_row][et_pb_row column_structure=\u00bb1_4,1_4,1_4,1_4&#8243; _builder_version=\u00bb4.27.0&#8243; _module_preset=\u00bbdefault\u00bb global_colors_info=\u00bb{}\u00bb][et_pb_column type=\u00bb1_4&#8243; _builder_version=\u00bb4.27.0&#8243; _module_preset=\u00bbdefault\u00bb global_colors_info=\u00bb{}\u00bb][et_pb_text _builder_version=\u00bb4.27.0&#8243; _module_preset=\u00bbdefault\u00bb global_colors_info=\u00bb{}\u00bb]<\/p>\n<h2><strong><span style=\"text-decoration: underline;\">1er semestre<\/span><\/strong><\/h2>\n<ul>\n<li>\n<p>\u00c1lgebra Lineal<\/p>\n<\/li>\n<li>\n<p>Qu\u00edmica<\/p>\n<\/li>\n<li>\n<p>Taller de Elementos de Mec\u00e1nica de S\u00f3lidos<\/p>\n<\/li>\n<li>\n<p>Biolog\u00eda<\/p>\n<\/li>\n<li>\n<p>Tecnolog\u00edas de la Informaci\u00f3n y las Comunicaciones<\/p>\n<\/li>\n<li>\n<p>Taller de \u00c9tica<\/p>\n<\/li>\n<li>\n<p>Fundamentos de Investigaci\u00f3n<\/p>\n<\/li>\n<\/ul>\n<p><strong><span style=\"text-decoration: underline;\"><\/span><\/strong><\/p>\n<p>[\/et_pb_text][\/et_pb_column][et_pb_column type=\u00bb1_4&#8243; _builder_version=\u00bb4.27.0&#8243; _module_preset=\u00bbdefault\u00bb global_colors_info=\u00bb{}\u00bb][et_pb_text _builder_version=\u00bb4.27.0&#8243; _module_preset=\u00bbdefault\u00bb global_colors_info=\u00bb{}\u00bb]<\/p>\n<h2><span style=\"text-decoration: underline;\"><strong>2do semestre<\/strong><\/span><\/h2>\n<ul>\n<li>\n<p>C\u00e1lculo Diferencial<\/p>\n<\/li>\n<li>\n<p>Qu\u00edmica Anal\u00edtica<\/p>\n<\/li>\n<li>\n<p>Edafolog\u00eda<\/p>\n<\/li>\n<li>\n<p>Elementos de Termodin\u00e1mica<\/p>\n<\/li>\n<li>\n<p>Bot\u00e1nica Aplicada<\/p>\n<\/li>\n<li>\n<p>Estad\u00edstica<\/p>\n<\/li>\n<\/ul>\n<p>[\/et_pb_text][\/et_pb_column][et_pb_column type=\u00bb1_4&#8243; _builder_version=\u00bb4.27.0&#8243; _module_preset=\u00bbdefault\u00bb global_colors_info=\u00bb{}\u00bb][et_pb_text _builder_version=\u00bb4.27.0&#8243; _module_preset=\u00bbdefault\u00bb global_colors_info=\u00bb{}\u00bb]<\/p>\n<h2><span style=\"text-decoration: underline;\"><strong>3er semestre<\/strong><\/span><\/h2>\n<ul>\n<li>C\u00e1lculo Integral<\/li>\n<li>Ecolog\u00eda<\/li>\n<li>Dise\u00f1o Agr\u00edcola Asistido por Computadora<\/li>\n<li>Bioqu\u00edmica<\/li>\n<li>Principios de Electromec\u00e1nica<\/li>\n<li>Topografia<\/li>\n<li>M\u00e9todos Estad\u00edsticos<\/li>\n<\/ul>\n<p>[\/et_pb_text][\/et_pb_column][et_pb_column type=\u00bb1_4&#8243; _builder_version=\u00bb4.27.0&#8243; _module_preset=\u00bbdefault\u00bb global_colors_info=\u00bb{}\u00bb][et_pb_text _builder_version=\u00bb4.27.0&#8243; _module_preset=\u00bbdefault\u00bb global_colors_info=\u00bb{}\u00bb]<\/p>\n<h2><span style=\"text-decoration: underline;\"><strong>4to semestre<\/strong><\/span><\/h2>\n<ul>\n<li><span style=\"text-decoration: underline;\"><\/span>Hidr\u00e1ulica<\/li>\n<li>Agroclimatolog\u00eda<\/li>\n<li>Dise\u00f1os Experimentales<\/li>\n<li>Fisiolog\u00eda Vegetal<\/li>\n<li>Microbiolog\u00eda<\/li>\n<li>Base de Datos y Sistemas de Informaci\u00f3n Geogr\u00e1fica<\/li>\n<\/ul>\n<p>[\/et_pb_text][\/et_pb_column][\/et_pb_row][et_pb_row column_structure=\u00bb1_4,1_4,1_4,1_4&#8243; _builder_version=\u00bb4.27.0&#8243; _module_preset=\u00bbdefault\u00bb global_colors_info=\u00bb{}\u00bb][et_pb_column type=\u00bb1_4&#8243; _builder_version=\u00bb4.27.0&#8243; _module_preset=\u00bbdefault\u00bb global_colors_info=\u00bb{}\u00bb][et_pb_text _builder_version=\u00bb4.27.0&#8243; _module_preset=\u00bbdefault\u00bb global_colors_info=\u00bb{}\u00bb]<\/p>\n<h2><span style=\"text-decoration: underline;\"><strong>5to Semestre<\/strong><\/span><\/h2>\n<ul>\n<li>Biolog\u00eda Molecular<\/li>\n<li>Nutrici\u00f3n Vegetal<\/li>\n<li>Sistemas de Producci\u00f3n Agr\u00edcola<\/li>\n<li>Entomolog\u00eda<\/li>\n<li>Fitopolog\u00eda<\/li>\n<li>Sistemas de Riego Superficial<\/li>\n<li>Desarrollo Sustentable<\/li>\n<\/ul>\n<p>[\/et_pb_text][\/et_pb_column][et_pb_column type=\u00bb1_4&#8243; _builder_version=\u00bb4.27.0&#8243; _module_preset=\u00bbdefault\u00bb global_colors_info=\u00bb{}\u00bb][et_pb_text _builder_version=\u00bb4.27.0&#8243; _module_preset=\u00bbdefault\u00bb global_colors_info=\u00bb{}\u00bb]<\/p>\n<h2><span style=\"text-decoration: underline;\"><strong>6to Semestre<\/strong><\/span><\/h2>\n<ul>\n<li><span style=\"text-decoration: underline;\"><\/span>Desarrollo Comunitario<\/li>\n<li>Sistemas de Riego Presurizado<\/li>\n<li>Agroecolog\u00eda<\/li>\n<li>Olericultura<\/li>\n<li>Intruducci\u00f3n a la Agricultura Protegida<\/li>\n<li>Taller De Investigaci\u00f3n I<\/li>\n<\/ul>\n<p>[\/et_pb_text][\/et_pb_column][et_pb_column type=\u00bb1_4&#8243; _builder_version=\u00bb4.27.0&#8243; _module_preset=\u00bbdefault\u00bb global_colors_info=\u00bb{}\u00bb][et_pb_text _builder_version=\u00bb4.27.0&#8243; _module_preset=\u00bbdefault\u00bb global_colors_info=\u00bb{}\u00bb]<\/p>\n<h2><strong><span style=\"text-decoration: underline;\">7mo Semestre<\/span><\/strong><\/h2>\n<ul>\n<li><span style=\"text-decoration: underline;\"><\/span>Agronegocios I<\/li>\n<li>Inocuidad Alimentaria y Bioseguridad<\/li>\n<li>Fertirrigaci\u00f3n<\/li>\n<li>Taller de Investigaci\u00f3n II<\/li>\n<\/ul>\n<p>[\/et_pb_text][\/et_pb_column][et_pb_column type=\u00bb1_4&#8243; _builder_version=\u00bb4.27.0&#8243; _module_preset=\u00bbdefault\u00bb global_colors_info=\u00bb{}\u00bb][et_pb_text _builder_version=\u00bb4.27.0&#8243; _module_preset=\u00bbdefault\u00bb global_colors_info=\u00bb{}\u00bb]<\/p>\n<h2><span style=\"text-decoration: underline;\"><strong>8vo Semestre<\/strong><\/span><\/h2>\n<ul>\n<li>Agronegocios II<\/li>\n<\/ul>\n<p>[\/et_pb_text][\/et_pb_column][\/et_pb_row][et_pb_row _builder_version=\u00bb4.21.0&#8243; _module_preset=\u00bbdefault\u00bb global_colors_info=\u00bb{}\u00bb][et_pb_column type=\u00bb4_4&#8243; _builder_version=\u00bb4.21.0&#8243; _module_preset=\u00bbdefault\u00bb global_colors_info=\u00bb{}\u00bb][et_pb_text _builder_version=\u00bb4.27.0&#8243; _module_preset=\u00bbdefault\u00bb text_font_size=\u00bb1.5rem\u00bb global_colors_info=\u00bb{}\u00bb]<\/p>\n<h2 style=\"border-bottom: 2px solid #ccc; padding-bottom: 10px; padding-left: 20px; margin-top: 40px;\">\n    <span style=\"color: #792d2e;\"><strong>DESCARGAS Y DOCUMENTACI\u00d3N OFICIAL<\/strong><\/span><br \/>\n<\/h2>\n<div style=\"padding-left: 60px; padding-right: 40px; margin-top: 20px; margin-bottom: 40px;\">\n<p style=\"text-align: justify; color: #444; font-size: 16px; line-height: 1.8; margin-bottom: 15px;\">\n        \u2022 IIAS-2010-221 &#8211; <a href=\"https:\/\/roque.tecnm.mx\/wp-content\/uploads\/2025\/02\/Reticula-Ingenieria-en-Innovacion-Agricola-Sustentable.pdf\" style=\"color: #792d2e; text-decoration: underline; font-weight: bold;\">Innovacion Agricola Sustentable<\/a>\n    <\/p>\n<p style=\"text-align: justify; color: #444; font-size: 16px; line-height: 1.8; margin-bottom: 15px;\">\n        \u2022 <a href=\"https:\/\/roque.tecnm.mx\/wp-content\/uploads\/2024\/09\/Reglamento_de_Estudiantes_del_TecNM.pdf\" style=\"color: #792d2e; text-decoration: underline; font-weight: bold;\">Reglamento de Estudiantes<\/a>\n    <\/p>\n<\/div>\n<p>[\/et_pb_text][\/et_pb_column][\/et_pb_row][\/et_pb_section]<\/p>\n","protected":false},"excerpt":{"rendered":"<p>MISI\u00d3N DEL PROGRAMA EDUCATIVO Formar profesionistas de excelencia en ingenier\u00eda en innovaci\u00f3n con espiritu de investigaci\u00f3n en la \u00e1reas agr\u00edcolas y pecuarias comprometidos con el desarrollo sostenido y sostenible en su entorno. VISI\u00d3N DEL PROGRAMA EDUCATIVO Ser un programa acad\u00e9mico de vanguardia en la producci\u00f3n agroalimentaria, centrado en el desarrollo de competencias profesionales, reconocido por [&hellip;]<\/p>\n","protected":false},"author":21,"featured_media":0,"parent":0,"menu_order":0,"comment_status":"closed","ping_status":"closed","template":"","meta":{"_et_pb_use_builder":"on","_et_pb_old_content":"","_et_gb_content_width":"","footnotes":""},"class_list":["post-6338","page","type-page","status-publish","hentry"],"_links":{"self":[{"href":"https:\/\/roque.tecnm.mx\/index.php?rest_route=\/wp\/v2\/pages\/6338"}],"collection":[{"href":"https:\/\/roque.tecnm.mx\/index.php?rest_route=\/wp\/v2\/pages"}],"about":[{"href":"https:\/\/roque.tecnm.mx\/index.php?rest_route=\/wp\/v2\/types\/page"}],"author":[{"embeddable":true,"href":"https:\/\/roque.tecnm.mx\/index.php?rest_route=\/wp\/v2\/users\/21"}],"replies":[{"embeddable":true,"href":"https:\/\/roque.tecnm.mx\/index.php?rest_route=%2Fwp%2Fv2%2Fcomments&post=6338"}],"version-history":[{"count":14,"href":"https:\/\/roque.tecnm.mx\/index.php?rest_route=\/wp\/v2\/pages\/6338\/revisions"}],"predecessor-version":[{"id":10906,"href":"https:\/\/roque.tecnm.mx\/index.php?rest_route=\/wp\/v2\/pages\/6338\/revisions\/10906"}],"wp:attachment":[{"href":"https:\/\/roque.tecnm.mx\/index.php?rest_route=%2Fwp%2Fv2%2Fmedia&parent=6338"}],"curies":[{"name":"wp","href":"https:\/\/api.w.org\/{rel}","templated":true}]}}