{"id":6346,"date":"2023-07-23T17:12:24","date_gmt":"2023-07-23T23:12:24","guid":{"rendered":"http:\/\/web.roque.cetech.com.mx\/?page_id=6346"},"modified":"2026-02-26T20:20:58","modified_gmt":"2026-02-27T02:20:58","slug":"6346-2","status":"publish","type":"page","link":"https:\/\/roque.tecnm.mx\/?page_id=6346","title":{"rendered":"ITR_Hidro"},"content":{"rendered":"<p>[et_pb_section fb_built=\u00bb1&#8243; _builder_version=\u00bb4.21.0&#8243; _module_preset=\u00bbdefault\u00bb background_enable_color=\u00bboff\u00bb background_image=\u00bbhttp:\/\/web.roque.cetech.com.mx\/wp-content\/uploads\/2023\/03\/Diseno-sin-titulo-20.png\u00bb background_blend=\u00bbsoft-light\u00bb custom_padding=\u00bb||80px|||\u00bb top_divider_style=\u00bbmountains2&#8243; top_divider_color=\u00bb#d3af6f\u00bb top_divider_height=\u00bb40px\u00bb bottom_divider_style=\u00bbasymmetric4&#8243; bottom_divider_color=\u00bb#1b396a\u00bb global_colors_info=\u00bb{}\u00bb][et_pb_row _builder_version=\u00bb4.27.0&#8243; _module_preset=\u00bbdefault\u00bb global_colors_info=\u00bb{}\u00bb][et_pb_column type=\u00bb4_4&#8243; _builder_version=\u00bb4.27.0&#8243; _module_preset=\u00bbdefault\u00bb global_colors_info=\u00bb{}\u00bb][et_pb_code _builder_version=\u00bb4.27.0&#8243; _module_preset=\u00bbdefault\u00bb hover_enabled=\u00bb0&#8243; global_colors_info=\u00bb{}\u00bb sticky_enabled=\u00bb0&#8243;]<\/p>\n<style><!-- [et_pb_line_break_holder] -->    .header-carrera-premium {<!-- [et_pb_line_break_holder] -->        width: 95%;<!-- [et_pb_line_break_holder] -->        margin: 20px auto;<!-- [et_pb_line_break_holder] -->        \/* --- AJUSTES DE ALTURA --- *\/<!-- [et_pb_line_break_holder] -->        min-height: 100px; \/* Reducido de 200px a 100px *\/<!-- [et_pb_line_break_holder] -->        padding: 30px 0;   \/* Reducido de 60px a 30px *\/<!-- [et_pb_line_break_holder] -->        \/* ------------------------- *\/<!-- [et_pb_line_break_holder] -->        text-align: center;<!-- [et_pb_line_break_holder] -->        position: relative;<!-- [et_pb_line_break_holder] -->        overflow: hidden;<!-- [et_pb_line_break_holder] -->        display: flex;<!-- [et_pb_line_break_holder] -->        align-items: center;<!-- [et_pb_line_break_holder] -->        justify-content: center;<!-- [et_pb_line_break_holder] -->        border-radius: 30px; \/* Un poco menos de redondeado para menor altura *\/<!-- [et_pb_line_break_holder] -->        box-shadow: 0 10px 25px rgba(121, 45, 46, 0.2);<!-- [et_pb_line_break_holder] --><!-- [et_pb_line_break_holder] -->        background: linear-gradient(180deg, #792d2e 50%, #8b3435 50%);<!-- [et_pb_line_break_holder] -->        background-image: <!-- [et_pb_line_break_holder] -->            radial-gradient(rgba(255, 255, 255, 0.05) 1px, transparent 1px),<!-- [et_pb_line_break_holder] -->            linear-gradient(180deg, #792d2e 50%, #8b3435 50%);<!-- [et_pb_line_break_holder] -->        background-size: 20px 20px, 100% 100%;<!-- [et_pb_line_break_holder] -->    }<!-- [et_pb_line_break_holder] --><!-- [et_pb_line_break_holder] -->    .header-carrera-premium::before {<!-- [et_pb_line_break_holder] -->        content: \"\";<!-- [et_pb_line_break_holder] -->        position: absolute;<!-- [et_pb_line_break_holder] -->        top: 0;<!-- [et_pb_line_break_holder] -->        left: 0;<!-- [et_pb_line_break_holder] -->        right: 0;<!-- [et_pb_line_break_holder] -->        height: 50%;<!-- [et_pb_line_break_holder] -->        background: linear-gradient(rgba(255,255,255,0.05), transparent);<!-- [et_pb_line_break_holder] -->        pointer-events: none;<!-- [et_pb_line_break_holder] -->    }<!-- [et_pb_line_break_holder] --><!-- [et_pb_line_break_holder] -->    .nombre-carrera-final {<!-- [et_pb_line_break_holder] -->        color: #ffffff;<!-- [et_pb_line_break_holder] -->        font-family: 'Montserrat', sans-serif;<!-- [et_pb_line_break_holder] -->        font-size: 36px; \/* Tama\u00f1o fijo m\u00e1s est\u00e9tico para t\u00edtulos cortos *\/<!-- [et_pb_line_break_holder] -->        font-weight: 800;<!-- [et_pb_line_break_holder] -->        letter-spacing: 2px;<!-- [et_pb_line_break_holder] -->        text-shadow: 0 4px 8px rgba(0,0,0,0.3);<!-- [et_pb_line_break_holder] -->        z-index: 5;<!-- [et_pb_line_break_holder] -->        padding: 0 20px;<!-- [et_pb_line_break_holder] -->        line-height: 1em !important;<!-- [et_pb_line_break_holder] -->    }<!-- [et_pb_line_break_holder] --><\/style>\n<p><!-- [et_pb_line_break_holder] --><!-- [et_pb_line_break_holder] --><\/p>\n<div class=\"header-carrera-premium\"><!-- [et_pb_line_break_holder] -->    <\/p>\n<div class=\"nombre-carrera-final\">Ingenier\u00eda en Hidrol\u00f3gica<\/div>\n<p><!-- [et_pb_line_break_holder] --><\/div>\n<p>[\/et_pb_code][\/et_pb_column][\/et_pb_row][et_pb_row _builder_version=\u00bb4.16&#8243; _module_preset=\u00bbdefault\u00bb custom_padding=\u00bb18px||0px|||\u00bb locked=\u00bboff\u00bb global_colors_info=\u00bb{}\u00bb][et_pb_column type=\u00bb4_4&#8243; _builder_version=\u00bb4.16&#8243; _module_preset=\u00bbdefault\u00bb global_colors_info=\u00bb{}\u00bb][et_pb_divider color=\u00bb#d3af6f\u00bb divider_weight=\u00bb6px\u00bb _builder_version=\u00bb4.21.0&#8243; _module_preset=\u00bbdefault\u00bb min_height=\u00bb34px\u00bb global_colors_info=\u00bb{}\u00bb][\/et_pb_divider][\/et_pb_column][\/et_pb_row][et_pb_row _builder_version=\u00bb4.21.0&#8243; _module_preset=\u00bbdefault\u00bb global_colors_info=\u00bb{}\u00bb][et_pb_column type=\u00bb4_4&#8243; _builder_version=\u00bb4.21.0&#8243; _module_preset=\u00bbdefault\u00bb global_colors_info=\u00bb{}\u00bb][et_pb_text _builder_version=\u00bb4.27.0&#8243; _module_preset=\u00bbdefault\u00bb text_font=\u00bb||||||||\u00bb text_font_size=\u00bb24px\u00bb header_font=\u00bb||||||||\u00bb text_orientation=\u00bbjustified\u00bb global_colors_info=\u00bb{}\u00bb]<\/p>\n<h2 style=\"border-bottom: 2px solid #ccc; padding-bottom: 10px; padding-left: 20px; margin-top: 40px;\">\n    <span style=\"color: #792d2e;\"><strong>MISI\u00d3N DEL PROGRAMA EDUCATIVO<\/strong><\/span><br \/>\n<\/h2>\n<div style=\"padding-left: 60px; padding-right: 40px; margin-top: 20px; margin-bottom: 40px;\">\n<p style=\"text-align: justify; color: #444; font-size: 16px; line-height: 1.8;\">\n        Formar profesionistas de excelencia en ingenier\u00eda en hidrol\u00f3gica con esp\u00edritu de investigaci\u00f3n en la \u00e1reas agr\u00edcolas y pecuarias comprometidos con el desarrollo sostenido y sostenible en su entorno.\n    <\/p>\n<\/div>\n<p>[\/et_pb_text][\/et_pb_column][\/et_pb_row][et_pb_row _builder_version=\u00bb4.16&#8243; _module_preset=\u00bbdefault\u00bb custom_padding=\u00bb18px||0px|||\u00bb locked=\u00bboff\u00bb global_colors_info=\u00bb{}\u00bb][et_pb_column type=\u00bb4_4&#8243; _builder_version=\u00bb4.16&#8243; _module_preset=\u00bbdefault\u00bb global_colors_info=\u00bb{}\u00bb][et_pb_divider color=\u00bb#d3af6f\u00bb divider_weight=\u00bb6px\u00bb _builder_version=\u00bb4.21.0&#8243; _module_preset=\u00bbdefault\u00bb min_height=\u00bb34px\u00bb global_colors_info=\u00bb{}\u00bb][\/et_pb_divider][\/et_pb_column][\/et_pb_row][et_pb_row _builder_version=\u00bb4.21.0&#8243; _module_preset=\u00bbdefault\u00bb global_colors_info=\u00bb{}\u00bb][et_pb_column type=\u00bb4_4&#8243; _builder_version=\u00bb4.21.0&#8243; _module_preset=\u00bbdefault\u00bb global_colors_info=\u00bb{}\u00bb][et_pb_text _builder_version=\u00bb4.27.0&#8243; _module_preset=\u00bbdefault\u00bb text_font=\u00bb||||||||\u00bb text_font_size=\u00bb24px\u00bb text_orientation=\u00bbjustified\u00bb global_colors_info=\u00bb{}\u00bb]<\/p>\n<h2 style=\"border-bottom: 2px solid #ccc; padding-bottom: 10px; padding-left: 20px; margin-top: 40px;\">\n    <span style=\"color: #792d2e;\"><strong>VISI\u00d3N DEL PROGRAMA EDUCATIVO<\/strong><\/span><br \/>\n<\/h2>\n<div style=\"padding-left: 60px; padding-right: 40px; margin-top: 20px; margin-bottom: 40px;\">\n<p style=\"text-align: justify; color: #444; font-size: 16px; line-height: 1.8;\">\n        Ser un programa acad\u00e9mico de vanguardia en la producci\u00f3n agroalimentaria, centrado en el desarrollo de competencias profesionales, reconocido por su calidad, pertinencia e igualdad, por organismos nacionales e internacionales.\n    <\/p>\n<\/div>\n<p>[\/et_pb_text][\/et_pb_column][\/et_pb_row][et_pb_row _builder_version=\u00bb4.16&#8243; _module_preset=\u00bbdefault\u00bb custom_padding=\u00bb18px||0px|||\u00bb locked=\u00bboff\u00bb global_colors_info=\u00bb{}\u00bb][et_pb_column type=\u00bb4_4&#8243; _builder_version=\u00bb4.16&#8243; _module_preset=\u00bbdefault\u00bb global_colors_info=\u00bb{}\u00bb][et_pb_divider color=\u00bb#d3af6f\u00bb divider_weight=\u00bb6px\u00bb _builder_version=\u00bb4.21.0&#8243; _module_preset=\u00bbdefault\u00bb min_height=\u00bb34px\u00bb global_colors_info=\u00bb{}\u00bb][\/et_pb_divider][\/et_pb_column][\/et_pb_row][et_pb_row _builder_version=\u00bb4.21.0&#8243; _module_preset=\u00bbdefault\u00bb global_colors_info=\u00bb{}\u00bb][et_pb_column type=\u00bb4_4&#8243; _builder_version=\u00bb4.21.0&#8243; _module_preset=\u00bbdefault\u00bb global_colors_info=\u00bb{}\u00bb][et_pb_text _builder_version=\u00bb4.27.0&#8243; _module_preset=\u00bbdefault\u00bb text_font=\u00bb||||||||\u00bb text_font_size=\u00bb24px\u00bb text_orientation=\u00bbjustified\u00bb global_colors_info=\u00bb{}\u00bb]<\/p>\n<h2 style=\"border-bottom: 2px solid #ccc; padding-bottom: 10px; padding-left: 20px; margin-top: 40px;\">\n    <span style=\"color: #792d2e;\"><strong>VALORES DEL PROGRAMA EDUCATIVO<\/strong><\/span><br \/>\n<\/h2>\n<div style=\"padding-left: 60px; padding-right: 40px; margin-top: 20px; margin-bottom: 40px;\">\n<p style=\"text-align: justify; color: #444; font-size: 16px; line-height: 1.8; margin-bottom: 5px;\">\n        \u2022 \u00c9tica\n    <\/p>\n<p style=\"text-align: justify; color: #444; font-size: 16px; line-height: 1.8; margin-bottom: 5px;\">\n        \u2022 Transparencia\n    <\/p>\n<p style=\"text-align: justify; color: #444; font-size: 16px; line-height: 1.8; margin-bottom: 5px;\">\n        \u2022 Resiliencia\n    <\/p>\n<p style=\"text-align: justify; color: #444; font-size: 16px; line-height: 1.8; margin-bottom: 5px;\">\n        \u2022 Trabajo en Equipo\n    <\/p>\n<p style=\"text-align: justify; color: #444; font-size: 16px; line-height: 1.8; margin-bottom: 5px;\">\n        \u2022 Honestidad\n    <\/p>\n<p style=\"text-align: justify; color: #444; font-size: 16px; line-height: 1.8; margin-bottom: 5px;\">\n        \u2022 Respeto\n    <\/p>\n<p style=\"text-align: justify; color: #444; font-size: 16px; line-height: 1.8; margin-bottom: 5px;\">\n        \u2022 Solidaridad\n    <\/p>\n<\/div>\n<p>[\/et_pb_text][\/et_pb_column][\/et_pb_row][et_pb_row _builder_version=\u00bb4.16&#8243; _module_preset=\u00bbdefault\u00bb custom_padding=\u00bb18px||0px|||\u00bb locked=\u00bboff\u00bb global_colors_info=\u00bb{}\u00bb][et_pb_column type=\u00bb4_4&#8243; _builder_version=\u00bb4.16&#8243; _module_preset=\u00bbdefault\u00bb global_colors_info=\u00bb{}\u00bb][et_pb_divider color=\u00bb#d3af6f\u00bb divider_weight=\u00bb6px\u00bb _builder_version=\u00bb4.21.0&#8243; _module_preset=\u00bbdefault\u00bb min_height=\u00bb34px\u00bb global_colors_info=\u00bb{}\u00bb][\/et_pb_divider][\/et_pb_column][\/et_pb_row][et_pb_row _builder_version=\u00bb4.21.0&#8243; _module_preset=\u00bbdefault\u00bb global_colors_info=\u00bb{}\u00bb][et_pb_column type=\u00bb4_4&#8243; _builder_version=\u00bb4.21.0&#8243; _module_preset=\u00bbdefault\u00bb global_colors_info=\u00bb{}\u00bb][et_pb_text _builder_version=\u00bb4.27.0&#8243; _module_preset=\u00bbdefault\u00bb text_font=\u00bb||||||||\u00bb text_font_size=\u00bb24px\u00bb text_orientation=\u00bbjustified\u00bb global_colors_info=\u00bb{}\u00bb]<\/p>\n<h2 style=\"border-bottom: 2px solid #ccc; padding-bottom: 10px; padding-left: 20px; margin-top: 40px;\">\n    <span style=\"color: #792d2e;\"><strong>OBJETIVO GENERAL DEL PROGRAMA EDUCATIVO<\/strong><\/span><br \/>\n<\/h2>\n<div style=\"padding-left: 60px; padding-right: 40px; margin-top: 20px; margin-bottom: 40px;\">\n<p style=\"text-align: justify; color: #444; font-size: 16px; line-height: 1.8;\">\n        Esta carrera tiene como objetivo \u00abformar profesionistas en el campo agropecuario, industrial y urbano, capaces de adaptar y transferir tecnolog\u00edas en aprovechamiento de los recursos h\u00eddricos, para eficientar los procesos productivos y de uso dom\u00e9stico con responsabilidad, racionalidad y visi\u00f3n de futuro para coadyuvar al cambio clim\u00e1tico y desarrollo sustentable.\n    <\/p>\n<\/div>\n<p>[\/et_pb_text][\/et_pb_column][\/et_pb_row][et_pb_row _builder_version=\u00bb4.16&#8243; _module_preset=\u00bbdefault\u00bb custom_padding=\u00bb18px||0px|||\u00bb locked=\u00bboff\u00bb global_colors_info=\u00bb{}\u00bb][et_pb_column type=\u00bb4_4&#8243; _builder_version=\u00bb4.16&#8243; _module_preset=\u00bbdefault\u00bb global_colors_info=\u00bb{}\u00bb][et_pb_divider color=\u00bb#d3af6f\u00bb divider_weight=\u00bb6px\u00bb _builder_version=\u00bb4.21.0&#8243; _module_preset=\u00bbdefault\u00bb min_height=\u00bb34px\u00bb global_colors_info=\u00bb{}\u00bb][\/et_pb_divider][\/et_pb_column][\/et_pb_row][et_pb_row _builder_version=\u00bb4.21.0&#8243; _module_preset=\u00bbdefault\u00bb global_colors_info=\u00bb{}\u00bb][et_pb_column type=\u00bb4_4&#8243; _builder_version=\u00bb4.21.0&#8243; _module_preset=\u00bbdefault\u00bb global_colors_info=\u00bb{}\u00bb][et_pb_text _builder_version=\u00bb4.27.0&#8243; _module_preset=\u00bbdefault\u00bb text_font=\u00bb||||||||\u00bb text_font_size=\u00bb24px\u00bb text_orientation=\u00bbjustified\u00bb global_colors_info=\u00bb{}\u00bb]<\/p>\n<h2 style=\"border-bottom: 2px solid #ccc; padding-bottom: 10px; padding-left: 20px; margin-top: 40px;\">\n    <span style=\"color: #792d2e;\"><strong>PERFIL DE EGRESO DEL PROGRAMA EDUCATIVO<\/strong><\/span><br \/>\n<\/h2>\n<div style=\"padding-left: 60px; padding-right: 40px; margin-top: 20px; margin-bottom: 40px;\">\n<p style=\"text-align: justify; color: #444; font-size: 16px; line-height: 1.8; margin-bottom: 10px;\">\n        \u2022 Formular y desarrollar proyectos para el aprovechamiento eficiente del agua.\n    <\/p>\n<p style=\"text-align: justify; color: #444; font-size: 16px; line-height: 1.8; margin-bottom: 10px;\">\n        \u2022 Generar, desarrollar y aplicar estrategias para el uso sustentable del agua.\n    <\/p>\n<p style=\"text-align: justify; color: #444; font-size: 16px; line-height: 1.8; margin-bottom: 10px;\">\n        \u2022 Generar y transferir tecnolog\u00edas para la captaci\u00f3n, distribuci\u00f3n, tratamiento y abastecimiento eficiente del agua en usos agropecuarios, industrial y p\u00fablico.\n    <\/p>\n<p style=\"text-align: justify; color: #444; font-size: 16px; line-height: 1.8; margin-bottom: 10px;\">\n        \u2022 Promover la cultura del uso eficiente del agua en los sectores productivos y urbanos as\u00ed como la reutilizaci\u00f3n de aguas tratadas.\n    <\/p>\n<p style=\"text-align: justify; color: #444; font-size: 16px; line-height: 1.8; margin-bottom: 10px;\">\n        \u2022 Aplicar las tecnolog\u00edas de la informaci\u00f3n y la comunicaci\u00f3n para eficientar el aprovechamiento de los recursos h\u00eddricos, as\u00ed como predecir y prevenir desastres naturales en beneficio de la sociedad.\n    <\/p>\n<p style=\"text-align: justify; color: #444; font-size: 16px; line-height: 1.8; margin-bottom: 10px;\">\n        \u2022 Aplicar metodolog\u00edas de an\u00e1lisis de aguas en los diferentes sistemas hidrol\u00f3gicos y aguas residuales.\n    <\/p>\n<p style=\"text-align: justify; color: #444; font-size: 16px; line-height: 1.8; margin-bottom: 10px;\">\n        \u2022 Evaluar las relaciones de causa-efecto entre los factores ambientales, calidad del agua, contaminaci\u00f3n de suelo, equilibrio ecol\u00f3gico y cambio clim\u00e1tico que afecte a los Sistemas H\u00eddricos.\n    <\/p>\n<p style=\"text-align: justify; color: #444; font-size: 16px; line-height: 1.8; margin-bottom: 10px;\">\n        \u2022 Evaluar el impacto de las actividades humanas en la cuenca hidrol\u00f3gica, para proponer estrategias en la preservaci\u00f3n y conservaci\u00f3n del agua.\n    <\/p>\n<p style=\"text-align: justify; color: #444; font-size: 16px; line-height: 1.8; margin-bottom: 10px;\">\n        \u2022 Desarrollar e implementar proyectos tecnol\u00f3gicos y de investigaci\u00f3n cient\u00edfica para el manejo adecuado de aguas superficiales y subterr\u00e1neas.\n    <\/p>\n<p style=\"text-align: justify; color: #444; font-size: 16px; line-height: 1.8; margin-bottom: 10px;\">\n        \u2022 Desarrollar, innovar e implementar proyectos que propicien la utilizaci\u00f3n de energ\u00edas alternativas basadas en sistemas h\u00eddricos.\n    <\/p>\n<p style=\"text-align: justify; color: #444; font-size: 16px; line-height: 1.8; margin-bottom: 10px;\">\n        \u2022 Gestionar los recursos h\u00eddricos aplicando la legislaci\u00f3n nacional e internacional.\n    <\/p>\n<p style=\"text-align: justify; color: #444; font-size: 16px; line-height: 1.8; margin-bottom: 10px;\">\n        \u2022 Proponer proyectos hidr\u00e1ulicos que propicien el uso racional y sustentable del recurso h\u00eddrico.\n    <\/p>\n<\/div>\n<p>[\/et_pb_text][\/et_pb_column][\/et_pb_row][et_pb_row _builder_version=\u00bb4.16&#8243; _module_preset=\u00bbdefault\u00bb custom_padding=\u00bb18px||0px|||\u00bb locked=\u00bboff\u00bb global_colors_info=\u00bb{}\u00bb][et_pb_column type=\u00bb4_4&#8243; _builder_version=\u00bb4.16&#8243; _module_preset=\u00bbdefault\u00bb global_colors_info=\u00bb{}\u00bb][et_pb_divider color=\u00bb#d3af6f\u00bb divider_weight=\u00bb6px\u00bb _builder_version=\u00bb4.21.0&#8243; _module_preset=\u00bbdefault\u00bb min_height=\u00bb34px\u00bb global_colors_info=\u00bb{}\u00bb][\/et_pb_divider][\/et_pb_column][\/et_pb_row][et_pb_row _builder_version=\u00bb4.21.0&#8243; _module_preset=\u00bbdefault\u00bb global_colors_info=\u00bb{}\u00bb][et_pb_column type=\u00bb4_4&#8243; _builder_version=\u00bb4.21.0&#8243; _module_preset=\u00bbdefault\u00bb global_colors_info=\u00bb{}\u00bb][et_pb_text _builder_version=\u00bb4.27.0&#8243; _module_preset=\u00bbdefault\u00bb text_font_size=\u00bb1.5rem\u00bb global_colors_info=\u00bb{}\u00bb]<\/p>\n<h2 style=\"border-bottom: 2px solid #ccc; padding-bottom: 10px; padding-left: 20px; margin-top: 40px;\">\n    <span style=\"color: #792d2e;\"><strong>DESCARGAS Y DOCUMENTACI\u00d3N OFICIAL<\/strong><\/span><br \/>\n<\/h2>\n<div style=\"padding-left: 60px; padding-right: 40px; margin-top: 20px; margin-bottom: 40px;\">\n<p style=\"text-align: justify; color: #444; font-size: 16px; line-height: 1.8; margin-bottom: 15px;\">\n        \u2022 IHID-2010-236 &#8211; <a href=\"https:\/\/roque.tecnm.mx\/wp-content\/uploads\/2025\/02\/Reticula-Ingenieria-Hidrologica.pdf\" style=\"color: #792d2e; text-decoration: underline; font-weight: bold;\">Hidrol\u00f3gica<\/a>\n    <\/p>\n<p style=\"text-align: justify; color: #444; font-size: 16px; line-height: 1.8; margin-bottom: 15px;\">\n        \u2022 <a href=\"https:\/\/roque.tecnm.mx\/wp-content\/uploads\/2024\/09\/Reglamento_de_Estudiantes_del_TecNM.pdf\" style=\"color: #792d2e; text-decoration: underline; font-weight: bold;\">Reglamento de Estudiantes<\/a>\n    <\/p>\n<\/div>\n<p>[\/et_pb_text][\/et_pb_column][\/et_pb_row][\/et_pb_section]<\/p>\n","protected":false},"excerpt":{"rendered":"<p>MISI\u00d3N DEL PROGRAMA EDUCATIVO Formar profesionistas de excelencia en ingenier\u00eda en hidrol\u00f3gica con esp\u00edritu de investigaci\u00f3n en la \u00e1reas agr\u00edcolas y pecuarias comprometidos con el desarrollo sostenido y sostenible en su entorno. VISI\u00d3N DEL PROGRAMA EDUCATIVO Ser un programa acad\u00e9mico de vanguardia en la producci\u00f3n agroalimentaria, centrado en el desarrollo de competencias profesionales, reconocido por [&hellip;]<\/p>\n","protected":false},"author":21,"featured_media":0,"parent":0,"menu_order":0,"comment_status":"closed","ping_status":"closed","template":"","meta":{"_et_pb_use_builder":"on","_et_pb_old_content":"","_et_gb_content_width":"","footnotes":""},"class_list":["post-6346","page","type-page","status-publish","hentry"],"_links":{"self":[{"href":"https:\/\/roque.tecnm.mx\/index.php?rest_route=\/wp\/v2\/pages\/6346"}],"collection":[{"href":"https:\/\/roque.tecnm.mx\/index.php?rest_route=\/wp\/v2\/pages"}],"about":[{"href":"https:\/\/roque.tecnm.mx\/index.php?rest_route=\/wp\/v2\/types\/page"}],"author":[{"embeddable":true,"href":"https:\/\/roque.tecnm.mx\/index.php?rest_route=\/wp\/v2\/users\/21"}],"replies":[{"embeddable":true,"href":"https:\/\/roque.tecnm.mx\/index.php?rest_route=%2Fwp%2Fv2%2Fcomments&post=6346"}],"version-history":[{"count":12,"href":"https:\/\/roque.tecnm.mx\/index.php?rest_route=\/wp\/v2\/pages\/6346\/revisions"}],"predecessor-version":[{"id":10907,"href":"https:\/\/roque.tecnm.mx\/index.php?rest_route=\/wp\/v2\/pages\/6346\/revisions\/10907"}],"wp:attachment":[{"href":"https:\/\/roque.tecnm.mx\/index.php?rest_route=%2Fwp%2Fv2%2Fmedia&parent=6346"}],"curies":[{"name":"wp","href":"https:\/\/api.w.org\/{rel}","templated":true}]}}