{"id":6464,"date":"2023-09-01T17:48:17","date_gmt":"2023-09-01T23:48:17","guid":{"rendered":"http:\/\/roque.tecnm.mx\/?page_id=6464"},"modified":"2026-04-20T13:17:20","modified_gmt":"2026-04-20T19:17:20","slug":"itr_certificacion","status":"publish","type":"page","link":"https:\/\/roque.tecnm.mx\/?page_id=6464","title":{"rendered":"ITR_Certificacion"},"content":{"rendered":"<p>[et_pb_section fb_built=\u00bb1&#8243; _builder_version=\u00bb4.21.0&#8243; _module_preset=\u00bbdefault\u00bb background_enable_color=\u00bboff\u00bb background_image=\u00bbhttp:\/\/web.roque.cetech.com.mx\/wp-content\/uploads\/2023\/03\/Diseno-sin-titulo-20.png\u00bb background_blend=\u00bbsoft-light\u00bb custom_padding=\u00bb||80px|||\u00bb top_divider_style=\u00bbmountains2&#8243; top_divider_color=\u00bb#d3af6f\u00bb top_divider_height=\u00bb40px\u00bb bottom_divider_style=\u00bbasymmetric4&#8243; bottom_divider_color=\u00bb#1b396a\u00bb global_colors_info=\u00bb{}\u00bb][et_pb_row column_structure=\u00bb3_4,1_4&#8243; disabled_on=\u00bboff|off|off\u00bb _builder_version=\u00bb4.21.0&#8243; _module_preset=\u00bbdefault\u00bb custom_margin=\u00bb|auto|9px|auto||\u00bb custom_padding=\u00bb40px||0px|||\u00bb locked=\u00bboff\u00bb global_colors_info=\u00bb{}\u00bb][et_pb_column type=\u00bb3_4&#8243; _builder_version=\u00bb4.16&#8243; _module_preset=\u00bbdefault\u00bb global_colors_info=\u00bb{}\u00bb][et_pb_text _builder_version=\u00bb4.21.0&#8243; _module_preset=\u00bbdefault\u00bb text_font=\u00bbMontserrat|900|||||||\u00bb text_text_color=\u00bb#792d2e\u00bb text_font_size=\u00bb3rem\u00bb text_letter_spacing=\u00bb0rem\u00bb text_line_height=\u00bb2.5rem\u00bb width=\u00bb100%\u00bb module_alignment=\u00bbleft\u00bb overflow-x=\u00bbauto\u00bb custom_margin=\u00bb0px|-206px|0px||true|false\u00bb custom_padding=\u00bb10px||10px||true|false\u00bb global_colors_info=\u00bb{}\u00bb]<\/p>\n<p>PROCESO DE CERTIFICACI\u00d3N<\/p>\n<p>[\/et_pb_text][\/et_pb_column][et_pb_column type=\u00bb1_4&#8243; _builder_version=\u00bb4.16&#8243; _module_preset=\u00bbdefault\u00bb global_colors_info=\u00bb{}\u00bb][et_pb_divider color=\u00bb#1b396a\u00bb divider_style=\u00bbdotted\u00bb divider_position=\u00bbcenter\u00bb divider_weight=\u00bb6px\u00bb _builder_version=\u00bb4.21.0&#8243; _module_preset=\u00bbdefault\u00bb overflow-x=\u00bbhidden\u00bb custom_margin=\u00bb|||-40px||\u00bb custom_padding=\u00bb5px||23px|193px||\u00bb global_colors_info=\u00bb{}\u00bb][\/et_pb_divider][\/et_pb_column][\/et_pb_row][et_pb_row _builder_version=\u00bb4.16&#8243; _module_preset=\u00bbdefault\u00bb custom_padding=\u00bb18px||0px|||\u00bb locked=\u00bboff\u00bb global_colors_info=\u00bb{}\u00bb][et_pb_column type=\u00bb4_4&#8243; _builder_version=\u00bb4.16&#8243; _module_preset=\u00bbdefault\u00bb global_colors_info=\u00bb{}\u00bb][et_pb_divider color=\u00bb#d3af6f\u00bb divider_weight=\u00bb6px\u00bb _builder_version=\u00bb4.21.0&#8243; _module_preset=\u00bbdefault\u00bb min_height=\u00bb34px\u00bb global_colors_info=\u00bb{}\u00bb][\/et_pb_divider][\/et_pb_column][\/et_pb_row][et_pb_row _builder_version=\u00bb4.21.0&#8243; _module_preset=\u00bbdefault\u00bb global_colors_info=\u00bb{}\u00bb][et_pb_column type=\u00bb4_4&#8243; _builder_version=\u00bb4.21.0&#8243; _module_preset=\u00bbdefault\u00bb global_colors_info=\u00bb{}\u00bb][et_pb_text _builder_version=\u00bb4.27.0&#8243; _module_preset=\u00bbdefault\u00bb text_font_size=\u00bb1.5rem\u00bb hover_enabled=\u00bb0&#8243; global_colors_info=\u00bb{}\u00bb sticky_enabled=\u00bb0&#8243; text_text_color=\u00bb#12558C\u00bb]<\/p>\n<div style=\"padding-left: 20px; padding-right: 20px; margin-top: 20px;\">\n<div style=\"background-color: #f8f9fa; border-left: 5px solid #792d2e; padding: 20px; border-radius: 4px; display: flex; align-items: center; justify-content: space-between; box-shadow: 0 2px 4px rgba(0,0,0,0.05);\">\n<div style=\"display: flex; align-items: center;\">\n<p>&nbsp;<\/p>\n<p><img loading=\"lazy\" decoding=\"async\" src=\"https:\/\/images.emojiterra.com\/google\/android-10\/512px\/1f449.png\" alt=\"\ud83d\udc49 Dorso De Mano Con \u00cdndice A La Derecha Emoji: Significado y Uso\" width=\"48\" height=\"48\" \/><\/p>\n<div>\n<h4 style=\"margin: 0; color: #333; font-family: Arial, sans-serif;\"><a href=\"https:\/\/roque.tecnm.mx\/wp-content\/uploads\/2026\/04\/Requisitos-de-certificado-2026.pdf\">Documentaci\u00f3n Necesaria<\/a><\/h4>\n<p style=\"margin: 5px 0 0; color: #666; font-size: 14px; font-family: Arial, sans-serif;\">Consulte el listado oficial de documentos para el nivel Licenciatura.<\/p>\n<\/div>\n<\/div>\n<div style=\"text-align: right;\">\n<p><a href=\"https:\/\/roque.tecnm.mx\/wp-content\/uploads\/2023\/09\/requisitosExpedicionCertificado.pdf\" target=\"_blank\" rel=\"attachment noopener wp-att-6467\" style=\"background-color: #792d2e; color: white; padding: 10px 20px; text-decoration: none; font-family: Arial, sans-serif; font-weight: bold; border-radius: 4px; transition: background 0.3s ease;\"><\/a><\/p>\n<p><a href=\"https:\/\/roque.tecnm.mx\/wp-content\/uploads\/2023\/09\/requisitosExpedicionCertificado.pdf\" target=\"_blank\" rel=\"attachment noopener wp-att-6467\" style=\"background-color: #792d2e; color: white; padding: 10px 20px; text-decoration: none; font-family: Arial, sans-serif; font-weight: bold; border-radius: 4px; transition: background 0.3s ease;\"> <\/a><a href=\"https:\/\/roque.tecnm.mx\/wp-content\/uploads\/2023\/09\/requisitosExpedicionCertificado.pdf\" target=\"_blank\" rel=\"attachment noopener wp-att-6467\" style=\"background-color: #792d2e; color: white; padding: 10px 20px; text-decoration: none; font-family: Arial, sans-serif; font-weight: bold; border-radius: 4px; transition: background 0.3s ease;\"><\/a><\/p>\n<\/div>\n<\/div>\n<\/div>\n<div style=\"padding-left: 25px; margin-top: 10px;\">\n<p style=\"font-size: 12px; color: #888; font-family: Arial, sans-serif;\">* El archivo se abrir\u00e1 en una pesta\u00f1a nueva. Aseg\u00farese de contar con un lector de PDF instalado.<\/p>\n<\/div>\n<p>[\/et_pb_text][\/et_pb_column][\/et_pb_row][et_pb_row _builder_version=\u00bb4.21.0&#8243; _module_preset=\u00bbdefault\u00bb global_colors_info=\u00bb{}\u00bb][et_pb_column type=\u00bb4_4&#8243; _builder_version=\u00bb4.21.0&#8243; _module_preset=\u00bbdefault\u00bb global_colors_info=\u00bb{}\u00bb][et_pb_text _builder_version=\u00bb4.27.0&#8243; _module_preset=\u00bbdefault\u00bb text_font_size=\u00bb1.5rem\u00bb global_colors_info=\u00bb{}\u00bb]<\/p>\n<h2 style=\"border-bottom: 2px solid #ccc; padding-bottom: 10px; padding-left: 20px; margin-top: 40px;\"><span style=\"color: #792d2e;\"><strong>Tr\u00e1mites de Certificaci\u00f3n<\/strong><\/span><\/h2>\n<div style=\"padding-left: 20px; padding-right: 20px; margin-top: 20px;\">\n<table style=\"width: 100%; border-collapse: collapse; font-family: Arial, sans-serif; font-size: 14px; color: #333; box-shadow: 0 2px 5px rgba(0,0,0,0.1);\">\n<thead>\n<tr style=\"background-color: #792d2e; color: white; text-align: center;\">\n<th style=\"border: 1px solid #ddd; padding: 15px; width: 35%;\"><span style=\"color: #ffffff;\">Fecha<\/span><\/th>\n<th style=\"border: 1px solid #ddd; padding: 15px; width: 45%;\"><span style=\"color: #ffffff;\">Actividad<\/span><\/th>\n<th style=\"border: 1px solid #ddd; padding: 15px; width: 20%;\"><span style=\"color: #ffffff;\">Horario<\/span><\/th>\n<\/tr>\n<\/thead>\n<tbody>\n<tr>\n<td style=\"border: 1px solid #ddd; padding: 15px; text-align: center; font-weight: bold;\"><span data-olk-copy-source=\"MessageBody\">9 de febrero a 24 de junio de 2026<\/span><\/td>\n<td style=\"border: 1px solid #ddd; padding: 15px; line-height: 1.5;\">Recepci\u00f3n de documentos para tr\u00e1mite de certificado.<\/td>\n<td style=\"border: 1px solid #ddd; padding: 15px; text-align: center; background-color: #fcfcfc;\">9:00 a 15:00 horas<\/td>\n<\/tr>\n<\/tbody>\n<\/table>\n<\/div>\n<div style=\"padding-left: 20px; margin-top: 15px;\">\n<p style=\"font-size: 12px; color: #666; font-style: italic;\">* Nota: Aseg\u00farese de cumplir con todos los requisitos documentales antes de acudir a la ventanilla.<\/p>\n<\/div>\n<p>[\/et_pb_text][\/et_pb_column][\/et_pb_row][\/et_pb_section]<\/p>\n","protected":false},"excerpt":{"rendered":"<p>PROCESO DE CERTIFICACI\u00d3N &nbsp; Documentaci\u00f3n Necesaria Consulte el listado oficial de documentos para el nivel Licenciatura. * El archivo se abrir\u00e1 en una pesta\u00f1a nueva. Aseg\u00farese de contar con un lector de PDF instalado. Tr\u00e1mites de Certificaci\u00f3n Fecha Actividad Horario 9 de febrero a 24 de junio de 2026 Recepci\u00f3n de documentos para tr\u00e1mite de [&hellip;]<\/p>\n","protected":false},"author":21,"featured_media":0,"parent":0,"menu_order":0,"comment_status":"closed","ping_status":"closed","template":"","meta":{"_et_pb_use_builder":"on","_et_pb_old_content":"","_et_gb_content_width":"","footnotes":""},"class_list":["post-6464","page","type-page","status-publish","hentry"],"_links":{"self":[{"href":"https:\/\/roque.tecnm.mx\/index.php?rest_route=\/wp\/v2\/pages\/6464"}],"collection":[{"href":"https:\/\/roque.tecnm.mx\/index.php?rest_route=\/wp\/v2\/pages"}],"about":[{"href":"https:\/\/roque.tecnm.mx\/index.php?rest_route=\/wp\/v2\/types\/page"}],"author":[{"embeddable":true,"href":"https:\/\/roque.tecnm.mx\/index.php?rest_route=\/wp\/v2\/users\/21"}],"replies":[{"embeddable":true,"href":"https:\/\/roque.tecnm.mx\/index.php?rest_route=%2Fwp%2Fv2%2Fcomments&post=6464"}],"version-history":[{"count":13,"href":"https:\/\/roque.tecnm.mx\/index.php?rest_route=\/wp\/v2\/pages\/6464\/revisions"}],"predecessor-version":[{"id":11004,"href":"https:\/\/roque.tecnm.mx\/index.php?rest_route=\/wp\/v2\/pages\/6464\/revisions\/11004"}],"wp:attachment":[{"href":"https:\/\/roque.tecnm.mx\/index.php?rest_route=%2Fwp%2Fv2%2Fmedia&parent=6464"}],"curies":[{"name":"wp","href":"https:\/\/api.w.org\/{rel}","templated":true}]}}