{"id":6469,"date":"2023-09-01T18:01:59","date_gmt":"2023-09-02T00:01:59","guid":{"rendered":"http:\/\/roque.tecnm.mx\/?page_id=6469"},"modified":"2026-02-24T17:13:16","modified_gmt":"2026-02-24T23:13:16","slug":"itr_titulacion","status":"publish","type":"page","link":"https:\/\/roque.tecnm.mx\/?page_id=6469","title":{"rendered":"ITR_titulaci\u00f3n"},"content":{"rendered":"<p>[et_pb_section fb_built=\u00bb1&#8243; _builder_version=\u00bb4.21.0&#8243; _module_preset=\u00bbdefault\u00bb background_enable_color=\u00bboff\u00bb background_image=\u00bbhttp:\/\/web.roque.cetech.com.mx\/wp-content\/uploads\/2023\/03\/Diseno-sin-titulo-20.png\u00bb background_blend=\u00bbsoft-light\u00bb custom_padding=\u00bb||80px|||\u00bb top_divider_style=\u00bbmountains2&#8243; top_divider_color=\u00bb#d3af6f\u00bb top_divider_height=\u00bb40px\u00bb bottom_divider_style=\u00bbasymmetric4&#8243; bottom_divider_color=\u00bb#1b396a\u00bb global_colors_info=\u00bb{}\u00bb][et_pb_row column_structure=\u00bb3_4,1_4&#8243; disabled_on=\u00bboff|off|off\u00bb _builder_version=\u00bb4.21.0&#8243; _module_preset=\u00bbdefault\u00bb custom_margin=\u00bb|auto|9px|auto||\u00bb custom_padding=\u00bb40px||0px|||\u00bb locked=\u00bboff\u00bb global_colors_info=\u00bb{}\u00bb][et_pb_column type=\u00bb3_4&#8243; _builder_version=\u00bb4.16&#8243; _module_preset=\u00bbdefault\u00bb global_colors_info=\u00bb{}\u00bb][et_pb_text _builder_version=\u00bb4.21.0&#8243; _module_preset=\u00bbdefault\u00bb text_font=\u00bbMontserrat|900|||||||\u00bb text_text_color=\u00bb#792d2e\u00bb text_font_size=\u00bb3rem\u00bb text_letter_spacing=\u00bb0rem\u00bb text_line_height=\u00bb3rem\u00bb header_line_height=\u00bb1.8rem\u00bb width=\u00bb100%\u00bb module_alignment=\u00bbleft\u00bb overflow-x=\u00bbauto\u00bb custom_margin=\u00bb0px|0px|0px||true|false\u00bb custom_padding=\u00bb10px||10px||true|false\u00bb global_colors_info=\u00bb{}\u00bb]<\/p>\n<p>TITULACI\u00d3N<\/p>\n<p>[\/et_pb_text][\/et_pb_column][et_pb_column type=\u00bb1_4&#8243; _builder_version=\u00bb4.16&#8243; _module_preset=\u00bbdefault\u00bb global_colors_info=\u00bb{}\u00bb][et_pb_divider color=\u00bb#1b396a\u00bb divider_style=\u00bbdotted\u00bb divider_position=\u00bbcenter\u00bb divider_weight=\u00bb5px\u00bb _builder_version=\u00bb4.21.0&#8243; _module_preset=\u00bbdefault\u00bb overflow-x=\u00bbhidden\u00bb custom_margin=\u00bb|||0px|false|false\u00bb custom_padding=\u00bb5px||23px|160px|false|false\u00bb global_colors_info=\u00bb{}\u00bb][\/et_pb_divider][\/et_pb_column][\/et_pb_row][et_pb_row _builder_version=\u00bb4.16&#8243; _module_preset=\u00bbdefault\u00bb custom_padding=\u00bb18px||0px|||\u00bb locked=\u00bboff\u00bb global_colors_info=\u00bb{}\u00bb][et_pb_column type=\u00bb4_4&#8243; _builder_version=\u00bb4.16&#8243; _module_preset=\u00bbdefault\u00bb global_colors_info=\u00bb{}\u00bb][et_pb_divider color=\u00bb#d3af6f\u00bb divider_weight=\u00bb6px\u00bb _builder_version=\u00bb4.21.0&#8243; _module_preset=\u00bbdefault\u00bb min_height=\u00bb34px\u00bb global_colors_info=\u00bb{}\u00bb][\/et_pb_divider][\/et_pb_column][\/et_pb_row][et_pb_row _builder_version=\u00bb4.27.0&#8243; _module_preset=\u00bbdefault\u00bb global_colors_info=\u00bb{}\u00bb][et_pb_column type=\u00bb4_4&#8243; _builder_version=\u00bb4.27.0&#8243; _module_preset=\u00bbdefault\u00bb global_colors_info=\u00bb{}\u00bb][et_pb_image src=\u00bbhttps:\/\/roque.tecnm.mx\/wp-content\/uploads\/2025\/10\/titula.jpg\u00bb title_text=\u00bbtitula\u00bb align=\u00bbcenter\u00bb _builder_version=\u00bb4.27.0&#8243; _module_preset=\u00bbdefault\u00bb global_colors_info=\u00bb{}\u00bb][\/et_pb_image][\/et_pb_column][\/et_pb_row][et_pb_row _builder_version=\u00bb4.27.0&#8243; _module_preset=\u00bbdefault\u00bb global_colors_info=\u00bb{}\u00bb][et_pb_column type=\u00bb4_4&#8243; _builder_version=\u00bb4.21.0&#8243; _module_preset=\u00bbdefault\u00bb global_colors_info=\u00bb{}\u00bb][et_pb_text _builder_version=\u00bb4.27.0&#8243; _module_preset=\u00bbdefault\u00bb text_font_size=\u00bb1.5rem\u00bb header_text_color=\u00bb#E09900&#8243; header_font_size=\u00bb2.5rem\u00bb text_orientation=\u00bbjustified\u00bb hover_enabled=\u00bb0&#8243; global_colors_info=\u00bb{}\u00bb sticky_enabled=\u00bb0&#8243;]<\/p>\n<h2 style=\"border-bottom: 2px solid #ccc; padding-bottom: 10px; padding-left: 20px; margin-top: 40px;\"><span style=\"color: #792d2e;\"><strong>\ud83c\udf93 Proceso de Titulaci\u00f3n 2026<\/strong><\/span><\/h2>\n<div style=\"padding-left: 60px; margin-top: 20px; margin-bottom: 40px;\">\n<div style=\"background-color: #fdf2f2; border-left: 5px solid #792d2e; padding: 15px 20px; margin-bottom: 30px;\">\n<p style=\"margin-bottom: 0;\"><span style=\"color: #792d2e;\">\u2794<\/span><br \/><a href=\"https:\/\/roque.tecnm.mx\/wp-content\/uploads\/2025\/10\/Proceso-de-titulacion.pdf\" target=\"_blank\" style=\"color: #792d2e; font-weight: bold; font-size: 18px; text-decoration: underline;\" rel=\"noopener\"><br \/>DESCARGA AQU\u00cd EL PROCESO DE TITULACI\u00d3N COMPLETO<br \/><\/a><\/p>\n<\/div>\n<h3 style=\"color: #792d2e; font-size: 20px;\">\ud83d\udcc5 Calendario Enero &#8211; Junio 2026<\/h3>\n<table style=\"width: 100%; border-collapse: collapse; margin-bottom: 30px; color: #444; font-size: 16px;\">\n<thead>\n<tr style=\"background-color: #792d2e; color: white;\">\n<th style=\"padding: 12px; border: 1px solid #ddd; text-align: left;\"><span style=\"color: #ffffff;\">Fecha<\/span><\/th>\n<th style=\"padding: 12px; border: 1px solid #ddd; text-align: left;\"><span style=\"color: #ffffff;\">Actividad<\/span><\/th>\n<th style=\"padding: 12px; border: 1px solid #ddd; text-align: left;\"><span style=\"color: #ffffff;\">Contacto<\/span><\/th>\n<\/tr>\n<\/thead>\n<tbody>\n<tr>\n<td style=\"padding: 12px; border: 1px solid #ddd; font-weight: bold;\">18 de marzo<\/td>\n<td style=\"padding: 12px; border: 1px solid #ddd; text-align: justify;\">Fecha l\u00edmite de recepci\u00f3n de documentos en servicios escolares. Solo se recibir\u00e1n expedientes que han sido validados v\u00eda correo electr\u00f3nico. Env\u00eda tus documentos por correo a m\u00e1s tardar el d\u00eda 16 de marzo para que puedan ser revisados y validados. Lee cuidadosamente el proceso de titulaci\u00f3n para mayor informaci\u00f3n.<\/td>\n<td style=\"padding: 12px; border: 1px solid #ddd;\"><a href=\"mailto:titulacion.se@roque.tecnm.mx\" style=\"color: #004d99;\">titulacion.se@roque.tecnm.mx<\/a><\/td>\n<\/tr>\n<tr style=\"background-color: #f9f9f9;\">\n<td style=\"padding: 12px; border: 1px solid #ddd; font-weight: bold;\">25 de marzo<\/td>\n<td style=\"padding: 12px; border: 1px solid #ddd; text-align: justify;\">Fecha l\u00edmite para <strong>Sustentaci\u00f3n de Acto Protocolario<\/strong> asignada por la Divisi\u00f3n de Estudios Profesionales.<\/td>\n<td style=\"padding: 12px; border: 1px solid #ddd;\"><a href=\"mailto:titulacion.dep@roque.tecnm.mx\" style=\"color: #004d99;\">titulacion.dep@roque.tecnm.mx<\/a><\/td>\n<\/tr>\n<\/tbody>\n<\/table>\n<div style=\"display: grid; grid-template-columns: 1fr 1fr 1fr; gap: 15px; margin-bottom: 40px;\">\n<div style=\"border: 1px solid #eee; padding: 15px; text-align: center; border-radius: 5px;\">\n<p><strong style=\"color: #792d2e;\">Licenciatura<\/strong><\/p>\n<p><a href=\"https:\/\/roque.tecnm.mx\/wp-content\/uploads\/2025\/10\/Requisitos-Titulacion-Licenciatura-Anexo-I.pdf\" style=\"font-size: 14px; color: #004d99;\">Descargar Anexo I<\/a><\/p>\n<\/div>\n<div style=\"border: 1px solid #eee; padding: 15px; text-align: center; border-radius: 5px;\">\n<p><strong style=\"color: #792d2e;\">Maestr\u00eda<\/strong><\/p>\n<p><a href=\"https:\/\/roque.tecnm.mx\/wp-content\/uploads\/2025\/10\/REQUISITOS-TITULACION-MAESTRIA-NVO.pdf\" style=\"font-size: 14px; color: #004d99;\">Documentaci\u00f3n T\u00edtulo<\/a><\/p>\n<\/div>\n<div style=\"border: 1px solid #eee; padding: 15px; text-align: center; border-radius: 5px;\">\n<p><strong style=\"color: #792d2e;\">Doctorado<\/strong><\/p>\n<p><a href=\"https:\/\/roque.tecnm.mx\/wp-content\/uploads\/2025\/10\/REQUISITOS-TITULACION-DOCTORADO-NVO.pdf\" style=\"font-size: 14px; color: #004d99;\">Documentaci\u00f3n T\u00edtulo<\/a><\/p>\n<\/div>\n<\/div>\n<div style=\"border-top: 1px solid #ccc; padding-top: 20px; color: #666666; font-size: 15px;\">\n<p style=\"margin-bottom: 5px;\"><strong>Lic. Sa\u00fal Armando Cerca Vazquez<\/strong> \u2013 Jefe de la DEP<\/p>\n<p style=\"margin-bottom: 5px;\"><strong>Ma. del Carmen Ruiz Hern\u00e1ndez<\/strong> \u2013 Coordinadora de Titulaci\u00f3n<\/p>\n<p style=\"margin-bottom: 5px;\"><strong>M.C. Fabiola Herrera Enciso<\/strong> \u2013 Jefa de Servicios Escolares<\/p>\n<p style=\"margin-bottom: 5px;\"><strong>Andrea Rodr\u00edguez Lemus<\/strong> \u2013 Responsable de Titulaci\u00f3n (SE)<\/p>\n<\/div>\n<\/div>\n<p>[\/et_pb_text][\/et_pb_column][\/et_pb_row][\/et_pb_section]<\/p>\n","protected":false},"excerpt":{"rendered":"<p>TITULACI\u00d3N\ud83c\udf93 Proceso de Titulaci\u00f3n 2026 \u2794DESCARGA AQU\u00cd EL PROCESO DE TITULACI\u00d3N COMPLETO \ud83d\udcc5 Calendario Enero &#8211; Junio 2026 Fecha Actividad Contacto 18 de marzo Fecha l\u00edmite de recepci\u00f3n de documentos en servicios escolares. Solo se recibir\u00e1n expedientes que han sido validados v\u00eda correo electr\u00f3nico. Env\u00eda tus documentos por correo a m\u00e1s tardar el d\u00eda 16 [&hellip;]<\/p>\n","protected":false},"author":21,"featured_media":0,"parent":0,"menu_order":0,"comment_status":"closed","ping_status":"closed","template":"","meta":{"_et_pb_use_builder":"on","_et_pb_old_content":"","_et_gb_content_width":"","footnotes":""},"class_list":["post-6469","page","type-page","status-publish","hentry"],"_links":{"self":[{"href":"https:\/\/roque.tecnm.mx\/index.php?rest_route=\/wp\/v2\/pages\/6469"}],"collection":[{"href":"https:\/\/roque.tecnm.mx\/index.php?rest_route=\/wp\/v2\/pages"}],"about":[{"href":"https:\/\/roque.tecnm.mx\/index.php?rest_route=\/wp\/v2\/types\/page"}],"author":[{"embeddable":true,"href":"https:\/\/roque.tecnm.mx\/index.php?rest_route=\/wp\/v2\/users\/21"}],"replies":[{"embeddable":true,"href":"https:\/\/roque.tecnm.mx\/index.php?rest_route=%2Fwp%2Fv2%2Fcomments&post=6469"}],"version-history":[{"count":46,"href":"https:\/\/roque.tecnm.mx\/index.php?rest_route=\/wp\/v2\/pages\/6469\/revisions"}],"predecessor-version":[{"id":10779,"href":"https:\/\/roque.tecnm.mx\/index.php?rest_route=\/wp\/v2\/pages\/6469\/revisions\/10779"}],"wp:attachment":[{"href":"https:\/\/roque.tecnm.mx\/index.php?rest_route=%2Fwp%2Fv2%2Fmedia&parent=6469"}],"curies":[{"name":"wp","href":"https:\/\/api.w.org\/{rel}","templated":true}]}}