{"id":6503,"date":"2023-09-01T18:21:00","date_gmt":"2023-09-02T00:21:00","guid":{"rendered":"http:\/\/roque.tecnm.mx\/?page_id=6503"},"modified":"2026-02-24T16:55:24","modified_gmt":"2026-02-24T22:55:24","slug":"itr_residencias_profesionales","status":"publish","type":"page","link":"https:\/\/roque.tecnm.mx\/?page_id=6503","title":{"rendered":"ITR_Residencias_Profesionales"},"content":{"rendered":"<p>[et_pb_section fb_built=\u00bb1&#8243; _builder_version=\u00bb4.21.0&#8243; _module_preset=\u00bbdefault\u00bb background_enable_color=\u00bboff\u00bb background_image=\u00bbhttp:\/\/web.roque.cetech.com.mx\/wp-content\/uploads\/2023\/03\/Diseno-sin-titulo-20.png\u00bb background_blend=\u00bbsoft-light\u00bb custom_padding=\u00bb||80px|||\u00bb top_divider_style=\u00bbmountains2&#8243; top_divider_color=\u00bb#d3af6f\u00bb top_divider_height=\u00bb40px\u00bb bottom_divider_style=\u00bbasymmetric4&#8243; bottom_divider_color=\u00bb#1b396a\u00bb global_colors_info=\u00bb{}\u00bb][et_pb_row column_structure=\u00bb3_4,1_4&#8243; disabled_on=\u00bboff|off|off\u00bb _builder_version=\u00bb4.21.0&#8243; _module_preset=\u00bbdefault\u00bb custom_margin=\u00bb|auto|9px|auto||\u00bb custom_padding=\u00bb40px||0px|||\u00bb locked=\u00bboff\u00bb global_colors_info=\u00bb{}\u00bb][et_pb_column type=\u00bb3_4&#8243; _builder_version=\u00bb4.16&#8243; _module_preset=\u00bbdefault\u00bb global_colors_info=\u00bb{}\u00bb][et_pb_text _builder_version=\u00bb4.21.0&#8243; _module_preset=\u00bbdefault\u00bb text_font=\u00bbMontserrat|900|||||||\u00bb text_text_color=\u00bb#792d2e\u00bb text_font_size=\u00bb3rem\u00bb text_letter_spacing=\u00bb0rem\u00bb text_line_height=\u00bb3rem\u00bb header_line_height=\u00bb1.8rem\u00bb width=\u00bb100%\u00bb module_alignment=\u00bbleft\u00bb overflow-x=\u00bbauto\u00bb custom_margin=\u00bb0px|0px|0px||true|false\u00bb custom_padding=\u00bb10px||10px||true|false\u00bb global_colors_info=\u00bb{}\u00bb]<\/p>\n<p>RESIDENCIAS PROFESIONALES<\/p>\n<p>[\/et_pb_text][\/et_pb_column][et_pb_column type=\u00bb1_4&#8243; _builder_version=\u00bb4.16&#8243; _module_preset=\u00bbdefault\u00bb global_colors_info=\u00bb{}\u00bb][et_pb_divider color=\u00bb#1b396a\u00bb divider_style=\u00bbdotted\u00bb divider_position=\u00bbcenter\u00bb divider_weight=\u00bb5px\u00bb _builder_version=\u00bb4.21.0&#8243; _module_preset=\u00bbdefault\u00bb overflow-x=\u00bbhidden\u00bb custom_margin=\u00bb|||0px|false|false\u00bb custom_padding=\u00bb5px||23px|160px|false|false\u00bb global_colors_info=\u00bb{}\u00bb][\/et_pb_divider][\/et_pb_column][\/et_pb_row][et_pb_row _builder_version=\u00bb4.16&#8243; _module_preset=\u00bbdefault\u00bb custom_padding=\u00bb18px||0px|||\u00bb locked=\u00bboff\u00bb global_colors_info=\u00bb{}\u00bb][et_pb_column type=\u00bb4_4&#8243; _builder_version=\u00bb4.16&#8243; _module_preset=\u00bbdefault\u00bb global_colors_info=\u00bb{}\u00bb][et_pb_divider color=\u00bb#d3af6f\u00bb divider_weight=\u00bb6px\u00bb _builder_version=\u00bb4.21.0&#8243; _module_preset=\u00bbdefault\u00bb min_height=\u00bb34px\u00bb global_colors_info=\u00bb{}\u00bb][\/et_pb_divider][\/et_pb_column][\/et_pb_row][et_pb_row _builder_version=\u00bb4.21.0&#8243; _module_preset=\u00bbdefault\u00bb global_colors_info=\u00bb{}\u00bb][et_pb_column type=\u00bb4_4&#8243; _builder_version=\u00bb4.21.0&#8243; _module_preset=\u00bbdefault\u00bb global_colors_info=\u00bb{}\u00bb][et_pb_text _builder_version=\u00bb4.27.0&#8243; _module_preset=\u00bbdefault\u00bb text_font_size=\u00bb1.2rem\u00bb text_line_height=\u00bb2rem\u00bb header_text_color=\u00bb#E09900&#8243; header_font_size=\u00bb2.5rem\u00bb text_orientation=\u00bbjustified\u00bb hover_enabled=\u00bb0&#8243; global_colors_info=\u00bb{}\u00bb sticky_enabled=\u00bb0&#8243;]<\/p>\n<h2 style=\"border-bottom: 2px solid #ccc; padding-bottom: 10px; padding-left: 20px;\">\n    <span style=\"color: #792d2e;\"><strong>\ud83d\udcbc Residencias Profesionales<\/strong><\/span><br \/>\n<\/h2>\n<div style=\"padding-left: 60px; margin-top: 20px; margin-bottom: 40px;\">\n<p style=\"color: #666666; font-size: 18px; line-height: 1.6; margin-bottom: 20px;\">\n        Es un espacio de desempe\u00f1o extraescolar que permite al alumno aplicar sus conocimientos en el sector productivo, resolviendo problemas reales y culminando con un <strong>Informe T\u00e9cnico<\/strong> que cubre los cr\u00e9ditos del noveno semestre.\n    <\/p>\n<div style=\"background-color: #f9f9f9; border-left: 5px solid #792d2e; padding: 15px 20px; margin-left: 30px; margin-bottom: 25px;\">\n<p style=\"color: #666666; font-size: 17px; margin-bottom: 0;\">\n            <strong style=\"color: #792d2e;\">\ud83c\udfaf Objetivo:<\/strong> Reforzar la formaci\u00f3n profesional mediante una experiencia acad\u00e9mica y te\u00f3rico-pr\u00e1ctica en el \u00e1mbito laboral.\n        <\/p>\n<\/p><\/div>\n<h3 style=\"color: #792d2e; font-size: 20px; margin-left: 20px;\">\ud83d\udccb Requisitos y Documentaci\u00f3n<\/h3>\n<ul style=\"color: #666666; font-size: 16px; line-height: 1.8; list-style-type: none; padding-left: 40px;\">\n<li><span style=\"color: #792d2e;\">\u25cf<\/span> <strong>Entrega al Coordinador:<\/strong> Liberaci\u00f3n de Servicio Social, Recibo de pago oficial y Anteproyecto.<\/li>\n<li><span style=\"color: #792d2e;\">\u25cf<\/span> <strong>Carga Acad\u00e9mica:<\/strong> Solicitar la carga de residencias durante el periodo de reinscripciones.<\/li>\n<li><span style=\"color: #792d2e;\">\u25cf<\/span> <strong>Gesti\u00f3n CETECH:<\/strong> Captura de anteproyecto y solicitud; obtenci\u00f3n de Carta de Presentaci\u00f3n.<\/li>\n<\/ul>\n<div style=\"display: grid; grid-template-columns: 1fr; gap: 10px; margin-top: 20px; margin-left: 40px;\">\n<p style=\"margin-bottom: 5px;\">\n            <span style=\"color: #792d2e;\">\u2794<\/span> <a href=\"https:\/\/roque.tecnm.mx\/wp-content\/uploads\/2025\/04\/TNMR-AC-PO-004-Operacion-y-Acreditacion-de-las-Residencias-Profesionales.pdf\" style=\"color: #004d99; font-weight: bold;\">Lineamiento: Operaci\u00f3n y Acreditaci\u00f3n<\/a>\n        <\/p>\n<p style=\"margin-bottom: 5px;\">\n            <span style=\"color: #792d2e;\">\u2794<\/span> <a href=\"https:\/\/roque.tecnm.mx\/wp-content\/uploads\/2025\/04\/TNMR-AC-PO-004-A01-Estructura-de-Proyecto-de-Residencia-Profesional1.doc\" style=\"color: #004d99;\">Estructura del Proyecto de Residencia<\/a>\n        <\/p>\n<p style=\"margin-bottom: 5px;\">\n            <span style=\"color: #792d2e;\">\u2794<\/span> <a href=\"https:\/\/roque.tecnm.mx\/wp-content\/uploads\/2025\/04\/TNMR-AC-PO-004-06-Evaluacion-de-Residencias-Profesionales.doc\" style=\"color: #004d99;\">Formato de Seguimiento y Evaluaci\u00f3n<\/a>\n        <\/p>\n<\/p><\/div>\n<p style=\"margin-top: 25px; color: #666666; font-size: 16px; margin-left: 20px;\">\n        <strong>\ud83e\udd1d Convenios de Colaboraci\u00f3n:<\/strong><br \/>\n        <a href=\"https:\/\/roque.tecnm.mx\/wp-content\/uploads\/2023\/09\/CONVENIO_DE_COLABORACION_RESIDENCIAS_PROFESIONALES_EMPRESA_Actualizado.docx\" style=\"color: #666666;\">Sector Empresa<\/a> |<br \/>\n        <a href=\"https:\/\/roque.tecnm.mx\/wp-content\/uploads\/2023\/09\/CONVENIO_DE_COLABORACION_RESIDENCIAS_PROFESIONALES_Dependencia_Actualizado.docx\" style=\"color: #666666;\">Sector Dependencia<\/a> |<br \/>\n        <a href=\"http:\/\/roque.te[\/et_pb_text][\/et_pb_column][\/et_pb_row][\/et_pb_section]\n<\/p>\n","protected":false},"excerpt":{"rendered":"<p>RESIDENCIAS PROFESIONALES \ud83d\udcbc Residencias Profesionales Es un espacio de desempe\u00f1o extraescolar que permite al alumno aplicar sus conocimientos en el sector productivo, resolviendo problemas reales y culminando con un Informe T\u00e9cnico que cubre los cr\u00e9ditos del noveno semestre. \ud83c\udfaf Objetivo: Reforzar la formaci\u00f3n profesional mediante una experiencia acad\u00e9mica y te\u00f3rico-pr\u00e1ctica en el \u00e1mbito laboral. \ud83d\udccb [&hellip;]<\/p>\n","protected":false},"author":21,"featured_media":0,"parent":0,"menu_order":0,"comment_status":"closed","ping_status":"closed","template":"","meta":{"_et_pb_use_builder":"on","_et_pb_old_content":"","_et_gb_content_width":"","footnotes":""},"class_list":["post-6503","page","type-page","status-publish","hentry"],"_links":{"self":[{"href":"https:\/\/roque.tecnm.mx\/index.php?rest_route=\/wp\/v2\/pages\/6503"}],"collection":[{"href":"https:\/\/roque.tecnm.mx\/index.php?rest_route=\/wp\/v2\/pages"}],"about":[{"href":"https:\/\/roque.tecnm.mx\/index.php?rest_route=\/wp\/v2\/types\/page"}],"author":[{"embeddable":true,"href":"https:\/\/roque.tecnm.mx\/index.php?rest_route=\/wp\/v2\/users\/21"}],"replies":[{"embeddable":true,"href":"https:\/\/roque.tecnm.mx\/index.php?rest_route=%2Fwp%2Fv2%2Fcomments&post=6503"}],"version-history":[{"count":13,"href":"https:\/\/roque.tecnm.mx\/index.php?rest_route=\/wp\/v2\/pages\/6503\/revisions"}],"predecessor-version":[{"id":10777,"href":"https:\/\/roque.tecnm.mx\/index.php?rest_route=\/wp\/v2\/pages\/6503\/revisions\/10777"}],"wp:attachment":[{"href":"https:\/\/roque.tecnm.mx\/index.php?rest_route=%2Fwp%2Fv2%2Fmedia&parent=6503"}],"curies":[{"name":"wp","href":"https:\/\/api.w.org\/{rel}","templated":true}]}}