{"id":6853,"date":"2023-11-17T09:37:41","date_gmt":"2023-11-17T15:37:41","guid":{"rendered":"http:\/\/roque.tecnm.mx\/?page_id=6853"},"modified":"2026-02-24T19:01:25","modified_gmt":"2026-02-25T01:01:25","slug":"posgrado-2","status":"publish","type":"page","link":"https:\/\/roque.tecnm.mx\/?page_id=6853","title":{"rendered":"Posgrado"},"content":{"rendered":"<p>[et_pb_section fb_built=\u00bb1&#8243; _builder_version=\u00bb4.21.0&#8243; _module_preset=\u00bbdefault\u00bb background_enable_color=\u00bboff\u00bb background_image=\u00bbhttp:\/\/web.roque.cetech.com.mx\/wp-content\/uploads\/2023\/03\/Diseno-sin-titulo-20.png\u00bb background_blend=\u00bbsoft-light\u00bb custom_padding=\u00bb||80px|||\u00bb top_divider_style=\u00bbmountains2&#8243; top_divider_color=\u00bb#d3af6f\u00bb top_divider_height=\u00bb40px\u00bb bottom_divider_style=\u00bbasymmetric4&#8243; bottom_divider_color=\u00bb#1b396a\u00bb global_colors_info=\u00bb{}\u00bb][et_pb_row column_structure=\u00bb3_4,1_4&#8243; disabled_on=\u00bboff|off|off\u00bb _builder_version=\u00bb4.21.0&#8243; _module_preset=\u00bbdefault\u00bb custom_margin=\u00bb|auto|9px|auto||\u00bb custom_padding=\u00bb40px||0px|||\u00bb locked=\u00bboff\u00bb global_colors_info=\u00bb{}\u00bb][et_pb_column type=\u00bb3_4&#8243; _builder_version=\u00bb4.16&#8243; _module_preset=\u00bbdefault\u00bb global_colors_info=\u00bb{}\u00bb][et_pb_text _builder_version=\u00bb4.21.0&#8243; _module_preset=\u00bbdefault\u00bb text_font=\u00bbMontserrat|900|||||||\u00bb text_text_color=\u00bb#792d2e\u00bb text_font_size=\u00bb3rem\u00bb text_letter_spacing=\u00bb0rem\u00bb text_line_height=\u00bb3rem\u00bb header_line_height=\u00bb1.8rem\u00bb width=\u00bb100%\u00bb module_alignment=\u00bbleft\u00bb overflow-x=\u00bbauto\u00bb custom_margin=\u00bb0px|0px|0px||true|false\u00bb custom_padding=\u00bb10px||10px||true|false\u00bb global_colors_info=\u00bb{}\u00bb]<\/p>\n<p>POSGRADO<\/p>\n<p>[\/et_pb_text][\/et_pb_column][et_pb_column type=\u00bb1_4&#8243; _builder_version=\u00bb4.16&#8243; _module_preset=\u00bbdefault\u00bb global_colors_info=\u00bb{}\u00bb][et_pb_divider color=\u00bb#1b396a\u00bb divider_style=\u00bbdotted\u00bb divider_position=\u00bbcenter\u00bb divider_weight=\u00bb5px\u00bb _builder_version=\u00bb4.21.0&#8243; _module_preset=\u00bbdefault\u00bb overflow-x=\u00bbhidden\u00bb custom_margin=\u00bb|||0px|false|false\u00bb custom_padding=\u00bb5px||23px|160px|false|false\u00bb global_colors_info=\u00bb{}\u00bb][\/et_pb_divider][\/et_pb_column][\/et_pb_row][et_pb_row _builder_version=\u00bb4.16&#8243; _module_preset=\u00bbdefault\u00bb custom_padding=\u00bb18px||0px|||\u00bb locked=\u00bboff\u00bb global_colors_info=\u00bb{}\u00bb][et_pb_column type=\u00bb4_4&#8243; _builder_version=\u00bb4.16&#8243; _module_preset=\u00bbdefault\u00bb global_colors_info=\u00bb{}\u00bb][et_pb_divider color=\u00bb#d3af6f\u00bb divider_weight=\u00bb6px\u00bb _builder_version=\u00bb4.21.0&#8243; _module_preset=\u00bbdefault\u00bb min_height=\u00bb34px\u00bb global_colors_info=\u00bb{}\u00bb][\/et_pb_divider][\/et_pb_column][\/et_pb_row][et_pb_row _builder_version=\u00bb4.21.0&#8243; _module_preset=\u00bbdefault\u00bb global_colors_info=\u00bb{}\u00bb][et_pb_column type=\u00bb4_4&#8243; _builder_version=\u00bb4.21.0&#8243; _module_preset=\u00bbdefault\u00bb global_colors_info=\u00bb{}\u00bb][et_pb_text _builder_version=\u00bb4.27.0&#8243; _module_preset=\u00bbdefault\u00bb text_font_size=\u00bb2rem\u00bb text_line_height=\u00bb6rem\u00bb ul_line_height=\u00bb2.5rem\u00bb hover_enabled=\u00bb0&#8243; global_colors_info=\u00bb{}\u00bb sticky_enabled=\u00bb0&#8243;]<\/p>\n<h2 style=\"border-bottom: 2px solid #ccc; padding-bottom: 10px; padding-left: 20px; margin-top: 40px;\">\n    <span style=\"color: #792d2e;\"><strong>CONVOCATORIAS DE POSGRADO 2026<\/strong><\/span><br \/>\n<\/h2>\n<div style=\"padding-left: 60px; padding-right: 40px; margin-top: 20px; margin-bottom: 40px;\">\n<div style=\"margin-bottom: 25px;\">\n<p style=\"color: #444; font-size: 16px; line-height: 1.6; margin-bottom: 5px;\">\n            <strong>\u2022 Convocatoria Maestr\u00eda en Ciencias en Biotecnolog\u00eda Agroalimentaria (Enero 2026)<\/strong>\n        <\/p>\n<p style=\"padding-left: 20px;\">\n            <a href=\"https:\/\/github.com\/iaestrada123-wq\/wp-pub\/raw\/main\/Convocatoria%20MCBA%202026%20Enero.pdf\" target=\"_blank\" rel=\"noopener\" style=\"color: #792d2e; text-decoration: underline; font-weight: bold;\">Ver m\u00e1s informaci\u00f3n<\/a>\n        <\/p>\n<\/p><\/div>\n<div style=\"margin-bottom: 25px;\">\n<p style=\"color: #444; font-size: 16px; line-height: 1.6; margin-bottom: 5px;\">\n            <strong>\u2022 Convocatoria Doctorado en Ciencias de Producci\u00f3n Agroalimentaria (Enero 2026)<\/strong>\n        <\/p>\n<p style=\"padding-left: 20px;\">\n            <a href=\"https:\/\/github.com\/iaestrada123-wq\/wp-pub\/raw\/main\/Convocatoria%20DCPA%202026%20Enero.pdf\" target=\"_blank\" rel=\"noopener\" style=\"color: #792d2e; text-decoration: underline; font-weight: bold;\">Ver m\u00e1s informaci\u00f3n<\/a>\n        <\/p>\n<\/p><\/div>\n<div style=\"margin-bottom: 25px;\">\n<p style=\"color: #444; font-size: 16px; line-height: 1.6; margin-bottom: 5px;\">\n            <strong>\u2022 Convocatoria Maestr\u00eda en Ciencias en Producci\u00f3n y Tecnolog\u00edas de Semillas (Enero 2026)<\/strong>\n        <\/p>\n<p style=\"padding-left: 20px;\">\n            <a href=\"https:\/\/github.com\/iaestrada123-wq\/wp-pub\/raw\/main\/Convocatoria%20MCPTS%202026%20Enero.pdf\" target=\"_blank\" rel=\"noopener\" style=\"color: #792d2e; text-decoration: underline; font-weight: bold;\">Ver m\u00e1s informaci\u00f3n<\/a>\n        <\/p>\n<\/p><\/div>\n<\/div>\n<p>[\/et_pb_text][\/et_pb_column][\/et_pb_row][\/et_pb_section]<\/p>\n","protected":false},"excerpt":{"rendered":"<p>POSGRADO CONVOCATORIAS DE POSGRADO 2026 \u2022 Convocatoria Maestr\u00eda en Ciencias en Biotecnolog\u00eda Agroalimentaria (Enero 2026) Ver m\u00e1s informaci\u00f3n \u2022 Convocatoria Doctorado en Ciencias de Producci\u00f3n Agroalimentaria (Enero 2026) Ver m\u00e1s informaci\u00f3n \u2022 Convocatoria Maestr\u00eda en Ciencias en Producci\u00f3n y Tecnolog\u00edas de Semillas (Enero 2026) Ver m\u00e1s informaci\u00f3n<\/p>\n","protected":false},"author":21,"featured_media":0,"parent":0,"menu_order":0,"comment_status":"closed","ping_status":"closed","template":"","meta":{"_et_pb_use_builder":"on","_et_pb_old_content":"","_et_gb_content_width":"","footnotes":""},"class_list":["post-6853","page","type-page","status-publish","hentry"],"_links":{"self":[{"href":"https:\/\/roque.tecnm.mx\/index.php?rest_route=\/wp\/v2\/pages\/6853"}],"collection":[{"href":"https:\/\/roque.tecnm.mx\/index.php?rest_route=\/wp\/v2\/pages"}],"about":[{"href":"https:\/\/roque.tecnm.mx\/index.php?rest_route=\/wp\/v2\/types\/page"}],"author":[{"embeddable":true,"href":"https:\/\/roque.tecnm.mx\/index.php?rest_route=\/wp\/v2\/users\/21"}],"replies":[{"embeddable":true,"href":"https:\/\/roque.tecnm.mx\/index.php?rest_route=%2Fwp%2Fv2%2Fcomments&post=6853"}],"version-history":[{"count":22,"href":"https:\/\/roque.tecnm.mx\/index.php?rest_route=\/wp\/v2\/pages\/6853\/revisions"}],"predecessor-version":[{"id":10804,"href":"https:\/\/roque.tecnm.mx\/index.php?rest_route=\/wp\/v2\/pages\/6853\/revisions\/10804"}],"wp:attachment":[{"href":"https:\/\/roque.tecnm.mx\/index.php?rest_route=%2Fwp%2Fv2%2Fmedia&parent=6853"}],"curies":[{"name":"wp","href":"https:\/\/api.w.org\/{rel}","templated":true}]}}