{"id":7625,"date":"2024-07-08T17:22:30","date_gmt":"2024-07-08T23:22:30","guid":{"rendered":"https:\/\/roque.tecnm.mx\/?page_id=7625"},"modified":"2024-07-09T18:13:52","modified_gmt":"2024-07-10T00:13:52","slug":"7625-2","status":"publish","type":"page","link":"https:\/\/roque.tecnm.mx\/?page_id=7625","title":{"rendered":"Contraloria 2024"},"content":{"rendered":"<p>[et_pb_section fb_built=\u00bb1&#8243; _builder_version=\u00bb4.21.0&#8243; _module_preset=\u00bbdefault\u00bb background_enable_color=\u00bboff\u00bb background_image=\u00bbhttp:\/\/web.roque.cetech.com.mx\/wp-content\/uploads\/2023\/03\/Diseno-sin-titulo-20.png\u00bb background_blend=\u00bbsoft-light\u00bb custom_padding=\u00bb||80px|||\u00bb top_divider_style=\u00bbmountains2&#8243; top_divider_color=\u00bb#d3af6f\u00bb top_divider_height=\u00bb40px\u00bb bottom_divider_style=\u00bbasymmetric4&#8243; bottom_divider_color=\u00bb#1b396a\u00bb da_disable_devices=\u00bboff|off|off\u00bb global_colors_info=\u00bb{}\u00bb da_is_popup=\u00bboff\u00bb da_exit_intent=\u00bboff\u00bb da_has_close=\u00bbon\u00bb da_alt_close=\u00bboff\u00bb da_dark_close=\u00bboff\u00bb da_not_modal=\u00bbon\u00bb da_is_singular=\u00bboff\u00bb da_with_loader=\u00bboff\u00bb da_has_shadow=\u00bbon\u00bb][et_pb_row column_structure=\u00bb3_4,1_4&#8243; disabled_on=\u00bboff|off|off\u00bb _builder_version=\u00bb4.21.0&#8243; _module_preset=\u00bbdefault\u00bb custom_margin=\u00bb|auto|9px|auto||\u00bb custom_padding=\u00bb40px||0px|||\u00bb locked=\u00bboff\u00bb global_colors_info=\u00bb{}\u00bb][et_pb_column type=\u00bb3_4&#8243; _builder_version=\u00bb4.16&#8243; _module_preset=\u00bbdefault\u00bb global_colors_info=\u00bb{}\u00bb][et_pb_text _builder_version=\u00bb4.21.0&#8243; _module_preset=\u00bbdefault\u00bb text_font=\u00bbMontserrat|900|||||||\u00bb text_text_color=\u00bb#792d2e\u00bb text_font_size=\u00bb3rem\u00bb text_letter_spacing=\u00bb0rem\u00bb text_line_height=\u00bb3rem\u00bb header_line_height=\u00bb1.8rem\u00bb width=\u00bb100%\u00bb module_alignment=\u00bbleft\u00bb overflow-x=\u00bbauto\u00bb custom_margin=\u00bb0px|0px|0px||true|false\u00bb custom_padding=\u00bb10px||10px||true|false\u00bb global_colors_info=\u00bb{}\u00bb]<\/p>\n<p>Contralor\u00eda Social<\/p>\n<p>[\/et_pb_text][\/et_pb_column][et_pb_column type=\u00bb1_4&#8243; _builder_version=\u00bb4.16&#8243; _module_preset=\u00bbdefault\u00bb global_colors_info=\u00bb{}\u00bb][et_pb_divider color=\u00bb#1b396a\u00bb divider_style=\u00bbdotted\u00bb divider_position=\u00bbcenter\u00bb divider_weight=\u00bb5px\u00bb _builder_version=\u00bb4.21.0&#8243; _module_preset=\u00bbdefault\u00bb overflow-x=\u00bbhidden\u00bb custom_margin=\u00bb|||0px|false|false\u00bb custom_padding=\u00bb5px||23px|160px|false|false\u00bb global_colors_info=\u00bb{}\u00bb][\/et_pb_divider][\/et_pb_column][\/et_pb_row][et_pb_row _builder_version=\u00bb4.16&#8243; _module_preset=\u00bbdefault\u00bb custom_padding=\u00bb18px||0px|||\u00bb locked=\u00bboff\u00bb global_colors_info=\u00bb{}\u00bb][et_pb_column type=\u00bb4_4&#8243; _builder_version=\u00bb4.16&#8243; _module_preset=\u00bbdefault\u00bb global_colors_info=\u00bb{}\u00bb][et_pb_divider color=\u00bb#d3af6f\u00bb divider_weight=\u00bb6px\u00bb _builder_version=\u00bb4.21.0&#8243; _module_preset=\u00bbdefault\u00bb min_height=\u00bb34px\u00bb global_colors_info=\u00bb{}\u00bb][\/et_pb_divider][\/et_pb_column][\/et_pb_row][et_pb_row _builder_version=\u00bb4.21.0&#8243; _module_preset=\u00bbdefault\u00bb global_colors_info=\u00bb{}\u00bb][et_pb_column type=\u00bb4_4&#8243; _builder_version=\u00bb4.21.0&#8243; _module_preset=\u00bbdefault\u00bb global_colors_info=\u00bb{}\u00bb][et_pb_tabs _builder_version=\u00bb4.21.0&#8243; _module_preset=\u00bbdefault\u00bb body_font_size=\u00bb1.25rem\u00bb body_line_height=\u00bb1.5rem\u00bb hover_enabled=\u00bb0&#8243; global_colors_info=\u00bb{}\u00bb sticky_enabled=\u00bb0&#8243;][et_pb_tab title=\u00bbPRODEP\u00bb _builder_version=\u00bb4.21.0&#8243; _module_preset=\u00bbdefault\u00bb global_colors_info=\u00bb{}\u00bb]<\/p>\n<h2 style=\"text-align: justify;\"><strong>\u00bfQu\u00e9 es el E010 \u201cPrograma de Servicios de Educaci\u00f3n Superior y <\/strong><strong>Posgrado?<\/strong><\/h2>\n<p style=\"text-align: justify;\">El Programa presupuestario E010 de \u201cServicios de Educaci\u00f3n Superior y Posgrado\u201d, se enfoca en el financiamiento de los programas de posgrado que se ofertan en el Tecnol\u00f3gico Nacional de M\u00e9xico \u201cTecNM\u201d, y que es requisito estar dentro del Sistema Nacional de Posgrado del CONACHyT \u201cSNP\u201d.<\/p>\n<p style=\"text-align: justify;\">Y se entiende que los estudios de posgrado son aquellos que se realizan despu\u00e9s de haber concluido los estudios de nivel licenciatura o equivalente, en alguna instituci\u00f3n de educaci\u00f3n superior nacional o extranjera con reconocimiento oficial.<\/p>\n<p style=\"text-align: justify;\">La finalidad de los estudios de posgrado es contribuir a la formaci\u00f3n de profesionales en una disciplina o \u00e1rea del conocimiento en particular, desarrollar su capacidad para identificar, analizar y proponer alternativas de soluci\u00f3n a los problemas de su entorno, as\u00ed como para emprender proyectos de investigaci\u00f3n, desarrollo cient\u00edfico o de innovaci\u00f3n tecnol\u00f3gica de acuerdo con las demandas regionales, nacionales e internacionales de los distintos sectores de la sociedad.<\/p>\n<p style=\"text-align: justify;\">El presente Lineamiento tiene como finalidad establecer las disposiciones para el buen desarrollo y operaci\u00f3n de los estudios de posgrado. Se aplica a todos los estudiantes, profesores y personal administrativo vinculado a los programas de posgrado que se imparten en todos los Institutos, Unidades y Centros.<\/p>\n<h2 style=\"text-align: justify;\"><strong>Orientaci\u00f3n de los estudios de posgrado:<\/strong><\/h2>\n<p style=\"text-align: justify;\">Los programas educativos de posgrado impartidos en el TecNM se clasifican, en raz\u00f3n de la orientaci\u00f3n que se da a la formaci\u00f3n del estudiante, en los siguientes:<\/p>\n<ul style=\"text-align: justify;\">\n<li style=\"text-align: justify;\"><strong>Programas con orientaci\u00f3n a la investigaci\u00f3n<\/strong>, su finalidad es de formar investigadores con un elevado y reconocido esp\u00edritu de innovaci\u00f3n, capaces de generar y aplicar el conocimiento original de manera independiente al desarrollar o conducir proyectos de investigaci\u00f3n cient\u00edfico-tecnol\u00f3gicos, as\u00ed como de formar y dirigir a nuevos investigadores e integrar grupos de investigaci\u00f3n<\/li>\n<li style=\"text-align: justify;\"><strong>Programas con orientaci\u00f3n profesional<\/strong>, su finalidad es profundizar en el conocimiento de un campo o una disciplina, ampliar o especializar enfoques y estrategias tendientes a mejorar el desempe\u00f1o profesional y desarrollar habilidades para la soluci\u00f3n de problemas en el medio ocupacional y satisfacer necesidades del sector productivo de bienes y servicios.<\/li>\n<\/ul>\n<h2 style=\"text-align: justify;\"><strong>Estructura de los planes y programas de posgrado:<\/strong><\/h2>\n<p style=\"text-align: justify;\">Los planes y programas de estudios de posgrado del TecNM incluyen actividades acad\u00e9micas presenciales, no presenciales y de atenci\u00f3n personalizada a los estudiantes; sin embargo, seg\u00fan su orientaci\u00f3n, se estructuran de manera tal, que integran un conjunto de conocimientos progresivos.<\/p>\n<ul style=\"text-align: justify;\">\n<li><strong>Especializaci\u00f3n<\/strong>, su objetivo es actualizar profesionales en un \u00e1rea espec\u00edfica, ampliar y desarrollar nuevas capacidades para que las apliquen en su espacio ocupacional e impulsen el desarrollo de los sectores de la sociedad.<\/li>\n<\/ul>\n<ul style=\"text-align: justify;\">\n<li><strong>Maestr\u00eda con orientaci\u00f3n profesional<\/strong>, su finalidad es ampliar los conocimientos de una especializaci\u00f3n, campo o disciplina para que el estudiante conozca, asimile y desarrollo nuevos enfoques que le permitan acrecentar sus capacidades y competencias para aplicar el conocimiento cient\u00edfico y tecnol\u00f3gico de manera innovadora y genere ventajas competitivas en el desempe\u00f1o de su profesi\u00f3n o espacio ocupacional.<\/li>\n<\/ul>\n<ul style=\"text-align: justify;\">\n<li><strong>Doctorado con orientaci\u00f3n profesional<\/strong>, estos programas de posgrado se dirigen a profesionales con experiencia pr\u00e1ctica y su finalidad es actualizar sus conocimientos y adquirir nuevas habilidades y competencias, as\u00ed como desarrollar estrategias de investigaci\u00f3n aplicada e innovaci\u00f3n tecnol\u00f3gica en disciplinas emergentes para fortalecer los v\u00ednculos de posgrado.<\/li>\n<\/ul>\n<ul style=\"text-align: justify;\">\n<li><strong>Maestr\u00eda con orientaci\u00f3n a la investigaci\u00f3n (Maestr\u00eda en Ciencia),<\/strong> su objetivo es formar profesionales aptos para la investigaci\u00f3n, que sean capaces de emprender y participar significativamente en proyectos de desarrollo cient\u00edfico e innovaci\u00f3n tecnol\u00f3gica, as\u00ed como generar, transmitir y aplicar el conocimiento de manera original e innovadora y con enfoques de sostenibilidad en cuanto al uso y aprovechamiento de los recursos naturales.<\/li>\n<\/ul>\n<ul style=\"text-align: justify;\">\n<li><strong>Doctorado con orientaci\u00f3n a la investigaci\u00f3n (Doctorado en Ciencias),<\/strong> la finalidad de estos estudios es formar investigadores independientes con capacidad cr\u00edtica y creativa para proponer, emprender y liderar proyectos de desarrollo cient\u00edfico e innovaci\u00f3n tecnol\u00f3gica, formar grupos de investigaci\u00f3n, as\u00ed como generar, trasmitir y aplicar el conocimiento de manera original e innovadora, con un enfoque sostenible.<\/li>\n<\/ul>\n<h2 style=\"text-align: justify;\"><strong>Del Financiamiento de los programas de posgrado:<\/strong><\/h2>\n<p style=\"text-align: justify;\">El financiamiento de los programas de posgrado deber\u00e1 garantizar su operaci\u00f3n, su fortalecimiento y consolidaci\u00f3n en todos sus aspectos, y se obtendr\u00e1 de las \u00a0siguientes fuentes:<\/p>\n<ul style=\"text-align: justify;\">\n<li>De los ingresos propios y gasto directo otorgado a la instituci\u00f3n solicitante,\u00a0\u00a0\u00a0\u00a0\u00a0 \u00a0la cual asignar\u00e1 lo suficiente al programa de posgrado.<\/li>\n<\/ul>\n<ul style=\"text-align: justify;\">\n<li>Del propio programa de posgrado y de las investigaciones o del trabajo en el campo profesional que se realice.<\/li>\n<li>Otras fuentes.<\/li>\n<\/ul>\n<p style=\"text-align: justify;\">La instituci\u00f3n que cuente con programas de posgrado asumir\u00e1 el compromiso ineludible de asignar a cada uno de ellos lo siguiente:<\/p>\n<ul style=\"text-align: justify;\">\n<li>Los recursos generados y gestionados por los propios programas, derivados de servicios externos, donativos, proyectos de investigaci\u00f3n y<\/li>\n<li>La totalidad de los recursos generados de inscripciones y<\/li>\n<li>La parte proporcional del Programa Operativo Anual (POA) de la instituci\u00f3n destinada a apoyar la realizaci\u00f3n de proyectos de investigaci\u00f3n, trabajo profesional y para operar programas de posgrado; inclusive los recursos destinados a obras, equipamiento, mantenimiento, modernizaci\u00f3n y operaci\u00f3n de equipo, actualizaci\u00f3n de acervos bibliogr\u00e1ficos, entre otros.<\/li>\n<\/ul>\n<p style=\"text-align: justify;\">La instituci\u00f3n brindar\u00e1 los servicios administrativos necesarios para gestionar y ejercer el recurso asignado. Y los gastos que se generen por la administraci\u00f3n de estos recursos ser\u00e1n cubiertos por la instituci\u00f3n, es decir, no ser\u00e1n con cargo a los proyectos.<\/p>\n<h2 style=\"text-align: justify;\"><strong>De los productos acad\u00e9micos y su propiedad:<\/strong><\/h2>\n<p style=\"text-align: justify;\">Se consideran productos acad\u00e9micos del programa de posgrado, los siguientes:<\/p>\n<ul style=\"text-align: justify;\">\n<li>Art\u00edculos de investigaci\u00f3n indizados en el Journal Citation Repodts (JCR) o reconocidos por el Consejo Nacional de Ciencia y Tecnolog\u00eda (CONACHyT).<\/li>\n<li>Art\u00edculos de investigaci\u00f3n arbitrados.<\/li>\n<\/ul>\n<ul style=\"text-align: justify;\">\n<li>Libros y cap\u00edtulos de libros cient\u00edficos.<\/li>\n<\/ul>\n<ul style=\"text-align: justify;\">\n<li>Memorias en extenso en congresos.<\/li>\n<\/ul>\n<ul style=\"text-align: justify;\">\n<li>Patentes registradas y\/o en proceso de explotaci\u00f3n.<\/li>\n<\/ul>\n<ul style=\"text-align: justify;\">\n<li>Desarrollos tecnol\u00f3gicos, prototipos experimentales registrados.<\/li>\n<\/ul>\n<ul style=\"text-align: justify;\">\n<li>Modelos de utilidad.<\/li>\n<\/ul>\n<p style=\"text-align: justify;\">Los derechos de propiedad de la investigaci\u00f3n y de los resultados obtenidos por los investigadores que reciban apoyo interno ser\u00e1n objeto de regulaci\u00f3n espec\u00edfica del TecNM, en tanto que los premios y reconocimientos resultantes cuando as\u00ed se establezca, ser\u00e1n patrimonio del profesor o investigador.<\/p>\n<p style=\"text-align: justify;\">Por otro lado, los resultados de las investigaciones apoyadas por empresas, organismos, asociaciones e instituciones de los sectores de la sociedad (productor de bienes y servicios, social y p\u00fablico) ser\u00e1n materia de regulaci\u00f3n de acuerdo con los convenios espec\u00edficos o bases de concertaci\u00f3n firmados al respecto.<\/p>\n<p style=\"text-align: justify;\">Las tesis desarrolladas en los diversos programas de posgrado deber\u00e1n contar con una de cesi\u00f3n de derechos.<\/p>\n<h2 style=\"text-align: justify;\"><strong>Del Consejo de Posgrado:<\/strong><\/h2>\n<p style=\"text-align: justify;\">El Consejo de Posgrado es el \u00f3rgano colegiado que toma las decisiones acad\u00e9micas para cumplir los est\u00e1ndares para ser reconocidos como un programa de posgrado de calidad. Todo programa de maestr\u00eda o especializaci\u00f3n contar\u00e1 con \u00a0un Consejo de Posgrado, el cual se integrar\u00e1 por profesores investigadores de \u00a0tiempo completo adscritos a la Instituci\u00f3n.<\/p>\n<h2 style=\"text-align: justify;\"><strong>Del Claustro Doctoral:<\/strong><\/h2>\n<p style=\"text-align: justify;\">El Claustro Doctoral es el \u00f3rgano colegiado que toma las decisiones acad\u00e9micas para cumplir los est\u00e1ndares para ser reconocidos como un programa de posgrado de calidad. Todo programa de Doctorado contar\u00e1 con un Claustro Doctoral, el cual \u00a0se integrar\u00e1 por profesores investigadores de tiempo completo adscritos a la Instituci\u00f3n.<\/p>\n<p style=\"text-align: justify;\">Para m\u00e1s informaci\u00f3n sobre el proceso de fortalecimiento al posgrado en el Tecnol\u00f3gico Nacional de M\u00e9xico, consultar los Lineamientos para la Operaci\u00f3n de los Estudios de Posgrado en el Tecnol\u00f3gico Nacional de M\u00e9xico, que se encuentran publicados en la p\u00e1gina web del TecNM, as\u00ed como tambi\u00e9n son parte de la publicaci\u00f3n de los documentos normativos de la Contralor\u00eda Social 2022, para dicho programa presupuestario E010, Servicios de Educaci\u00f3n Superior y Posgrado.<\/p>\n<h2><strong>ESTRUCTURA OPERATIVA DEL PROGRAMA.<\/strong><\/h2>\n<p><strong><img loading=\"lazy\" decoding=\"async\" src=\"https:\/\/roque.tecnm.mx\/wp-content\/uploads\/2024\/07\/estructura-197x300.png\" width=\"197\" height=\"300\" alt=\"\" class=\"wp-image-7640 alignnone size-medium\" style=\"display: block; margin-left: auto; margin-right: auto;\" srcset=\"https:\/\/roque.tecnm.mx\/wp-content\/uploads\/2024\/07\/estructura-197x300.png 197w, https:\/\/roque.tecnm.mx\/wp-content\/uploads\/2024\/07\/estructura.png 325w\" sizes=\"(max-width: 197px) 100vw, 197px\" \/><\/strong><\/p>\n<p>[\/et_pb_tab][et_pb_tab title=\u00bbContralor\u00eda Social\u00bb _builder_version=\u00bb4.21.0&#8243; _module_preset=\u00bbdefault\u00bb hover_enabled=\u00bb0&#8243; global_colors_info=\u00bb{}\u00bb sticky_enabled=\u00bb0&#8243;]<\/p>\n<h2 style=\"text-align: justify;\"><strong>\u00bfQu\u00e9 es la Contralor\u00eda Social?<\/strong><\/h2>\n<p style=\"text-align: justify;\">La Contralor\u00eda Social es un grupo de beneficiarios, que, de manera organizada, verificaran el cumplimiento de las metas y la correcta aplicaci\u00f3n de los recursos p\u00fablicos asignados a Programas Presupuestales con recursos federales.<\/p>\n<h2 style=\"text-align: justify;\"><strong>\u00bfQu\u00e9 vigila la contralor\u00eda Social?<\/strong><\/h2>\n<ul style=\"text-align: justify;\">\n<li>Que se difunda la informaci\u00f3n suficiente, veraz y oportuna sobre la operaci\u00f3n del programa.<\/li>\n<li>Que los otorgamientos de los apoyos sean con calidad, calidez, eficiente, eficaz, oportuno y de manera transparente.<\/li>\n<li>Que las autoridades competentes brinden atenci\u00f3n a las quejas o denuncias, relacionadas al programa.<\/li>\n<\/ul>\n<h2 style=\"text-align: justify;\"><strong>\u00bfQu\u00e9 es un Comit\u00e9 de Contralor\u00eda Social?<\/strong><\/h2>\n<p style=\"text-align: justify;\">supervisi\u00f3n y vigilancia de la ejecuci\u00f3n, cumplimiento de las metas y acciones comprometidas, as\u00ed como de la correcta aplicaci\u00f3n de los recursos asignados a los mismos.<br \/>Las formas de organizaci\u00f3n social constituidas por los beneficiarios referidas en el art\u00edculo 67 del Reglamento de la Ley General de Desarrollo Social, que llevan a cabo el seguimiento.<\/p>\n<h2 style=\"text-align: justify;\"><strong>Objetivo de los Comit\u00e9s de Contralor\u00eda Social.<\/strong><\/h2>\n<p style=\"text-align: justify;\">Colaborar en forma <strong>VOLUNTARIA, ACTIVA <\/strong>y de manera representativa con organismos oficiales, seguimiento, supervisi\u00f3n y vigilancia de la ejecuci\u00f3n, cumplimiento de las metas y acciones comprometidas en el Programa, as\u00ed como de la correcta aplicaci\u00f3n de los recursos asignados.<\/p>\n<h2 style=\"text-align: justify;\"><strong>\u00bfCu\u00e1les son las funciones que deber\u00e1n de cumplir los Comit\u00e9s de Contralor\u00eda Social?<\/strong><\/h2>\n<ul style=\"text-align: justify;\">\n<li>Representar los intereses y actuar como grupo de enlace entre la comunidad, las autoridades locales y autoridades centrales.<\/li>\n<li>Vigilar el adecuado manejo de los recursos financieros y que cumplan con el objetivo para el que fueron otorgados.<\/li>\n<li>Capturar y canalizar las Quejas o Denuncias a las \u00e1reas correspondientes.<\/li>\n<li>Reportar cualquier anomal\u00eda que se presente durante el proceso de la ejecuci\u00f3n y culminaci\u00f3n de los recursos Financieros.<\/li>\n<\/ul>\n<h2 style=\"text-align: justify;\"><strong>Medidas para promover la equidad de g\u00e9nero entre hombres y mujeres en la integraci\u00f3n de los Comit\u00e9s.<\/strong><\/h2>\n<p style=\"text-align: justify;\">Dentro del Programa para el Desarrollo Profesional Docente (PRODEP) mismo que se rige por Reglas de operaciones emitidas por la Secretar\u00eda de Hacienda y Cr\u00e9dito P\u00fablico, donde menciona en el objetivo para el Tipo superior, \u201cProfesionalizar a las\/los PTC, ofreciendo las mismas oportunidades a mujeres y hombres para acceder a los apoyos que otorga el Programa, a fin de que alcancen las capacidades de investigaci\u00f3n-docencia, desarrollo tecnol\u00f3gico e innovaci\u00f3n y con responsabilidad social\u201d<br \/>Por lo anterior, podemos mencionar que para la formaci\u00f3n de los comit\u00e9s deber\u00e1n de ser de manera equitativa.<\/p>\n<p>[\/et_pb_tab][et_pb_tab title=\u00bbDocumentos Normativos E010 2024&#8243; _builder_version=\u00bb4.21.0&#8243; _module_preset=\u00bbdefault\u00bb hover_enabled=\u00bb0&#8243; global_colors_info=\u00bb{}\u00bb sticky_enabled=\u00bb0&#8243;]<\/p>\n<h2>Documentos normativos:<\/h2>\n<p><a href=\"https:\/\/roque.tecnm.mx\/wp-content\/uploads\/2024\/07\/1.-Lineamientos-2024-S247.pdf\" rel=\"attachment wp-att-7661\">1.-Lineamientos 2024 S247<\/a><\/p>\n<p><a href=\"https:\/\/roque.tecnm.mx\/wp-content\/uploads\/2024\/07\/2.-E010-2024-Modelo-2-Esquema.pdf\" rel=\"attachment wp-att-7657\">2.- E010 2024 Modelo 2 Esquema<\/a><\/p>\n<p><a href=\"https:\/\/roque.tecnm.mx\/wp-content\/uploads\/2024\/07\/3.-E010-2024-Modelo-3-Guia-Operativa.pdf\" rel=\"attachment wp-att-7658\">3.- E010 2024 Modelo 3 Gu\u00eda Operativa<\/a><\/p>\n<p><a href=\"https:\/\/roque.tecnm.mx\/wp-content\/uploads\/2024\/07\/4.-E010-2024-Modelo-4-PATCS-1.pdf\" rel=\"attachment wp-att-7659\">4.- E010 2024 Modelo 4 PATCS (1)<\/a><\/p>\n<p><a href=\"https:\/\/roque.tecnm.mx\/wp-content\/uploads\/2024\/07\/OF-VALIDACION-E010-2024.pdf\" rel=\"attachment wp-att-7660\">OF VALIDACI\u00d3N E010 2024<\/a><\/p>\n<h2>Formatos:<\/h2>\n<p><a href=\"https:\/\/roque.tecnm.mx\/wp-content\/uploads\/2024\/07\/ANEXO1-ACTA-CONST-CS-E010.pdf\" rel=\"attachment wp-att-7662\">ANEXO1 ACTA CONST CS E010<\/a><\/p>\n<p><a href=\"https:\/\/roque.tecnm.mx\/wp-content\/uploads\/2024\/07\/ANEXO2-ACT-SUSTIT-E010.pdf\" rel=\"attachment wp-att-7663\">ANEXO2 ACT SUSTIT E010<\/a><\/p>\n<p><a href=\"https:\/\/roque.tecnm.mx\/wp-content\/uploads\/2024\/07\/ANEXO3-Minuta-Reunion-CCS-E010-2024.pdf\" rel=\"attachment wp-att-7664\">ANEXO3 Minuta Reuni\u00f3n CCS E010 2024<\/a><\/p>\n<p><a href=\"https:\/\/roque.tecnm.mx\/wp-content\/uploads\/2024\/07\/ANEXO4-Informe-Final-del-CCS-E010-2024.pdf\" rel=\"attachment wp-att-7665\">ANEXO4 Informe Final del CCS E010 2024<\/a><\/p>\n<p>&nbsp;<\/p>\n<p>&nbsp;<\/p>\n<p>[\/et_pb_tab][et_pb_tab title=\u00bbInformes\u00bb _builder_version=\u00bb4.21.0&#8243; _module_preset=\u00bbdefault\u00bb hover_enabled=\u00bb0&#8243; global_colors_info=\u00bb{}\u00bb sticky_enabled=\u00bb0&#8243;]<\/p>\n<p><a href=\"https:\/\/roque.tecnm.mx\/wp-content\/uploads\/2024\/07\/3.-E010-INFORME-F-POSGRADO-TecNM-2022.pdf\" rel=\"attachment wp-att-7668\">Informe de resultados<\/a><\/p>\n<p>[\/et_pb_tab][et_pb_tab title=\u00bbQuejas, Denuncias e Irregularidades\u00bb _builder_version=\u00bb4.21.0&#8243; _module_preset=\u00bbdefault\u00bb hover_enabled=\u00bb0&#8243; global_colors_info=\u00bb{}\u00bb sticky_enabled=\u00bb0&#8243;]<\/p>\n<h2 style=\"text-align: justify;\"><strong>Mecanismos para la captaci\u00f3n de quejas y denuncias, as\u00ed como los medios institucionales para la atenci\u00f3n e investigaci\u00f3n de aquellas relacionadas con la ejecuci\u00f3n y aplicaci\u00f3n de los programas federales.<\/strong><\/h2>\n<p style=\"text-align: justify;\">En caso de detectar irregularidades en la ejecuci\u00f3n del programa federal se podr\u00e1n presentar quejas y denuncias mediante los siguientes mecanismos:<br \/><strong>\u2022 Mecanismos de la Secretar\u00eda de la Funci\u00f3n P\u00fablica:<\/strong><br \/>Las denuncias podr\u00e1n realizarse a trav\u00e9s del Sistema Integral de Denuncias Ciudadanas (SIDEC) en la liga https\/\/sidec.funcionpublica.gob.mx\/ las 24 horas del d\u00eda, los 365 d\u00edas del a\u00f1o; o mediante escrito presentado en la Secretar\u00eda de la Funci\u00f3n P\u00fablica, ubicada en Avenida Insurgentes Sur 1735,<br \/>Colonia Guadalupe Inn, C. P. 01020, Alcald\u00eda \u00c1lvaro Obreg\u00f3n, Ciudad de M\u00e9xico.<br \/>En caso de requerir asesor\u00eda en la presentaci\u00f3n de denuncias, podr\u00e1n comunicarse a los tel\u00e9fonos 55 2000 2000 y al n\u00famero gratuito 800 112 87 00.<br \/><strong>\u2022 Dependencia o Entidad de la Administraci\u00f3n P\u00fablica responsable del Programa Federal:<\/strong><br \/>Enlace de Contralor\u00eda Social en el Tecnol\u00f3gico Nacional de M\u00e9xico, con correo electr\u00f3nico:<br \/>contraloriasocial_posgrado@tecnm.mx.<br \/>Las oficinas del Tecnol\u00f3gico Nacional de M\u00e9xico se encuentran ubicadas en Avenida Universidad No. 1200, piso 5, sector 5-3, Colonia Xoco, Alcald\u00eda Benito Ju\u00e1rez, C.P. 03330, Ciudad de M\u00e9xico, M\u00e9xico o bien comunicarse al tel\u00e9fono 55-36-00-25-11, ext. 65083, de lunes a viernes en un horario de 10:00 a 18:00 horas.<br \/><strong>\u2022 \u00d3rgano Interno de Control:<\/strong><br \/>Presencial: Av. Universidad 1074, Xoco, Benito Ju\u00e1rez, 03330 Ciudad de M\u00e9xico, CDMX<br \/>V\u00eda telef\u00f3nica: 55-36-01-86-50, 055-36-01-60-00 y 55-36-01-10-00<br \/>V\u00eda electr\u00f3nica: <a href=\"https:\/\/sidec.funcionpublica.gob.mx\/#!\/denuncia#top\">https:\/\/sidec.funcionpublica.gob.mx\/#!\/denuncia#top<\/a><\/p>\n<p style=\"text-align: justify;\"><strong>\u2022 \u00d3rgano Estatal de Control:<\/strong><br \/>Se podr\u00e1 establecer coordinaci\u00f3n con los \u00d3rganos Estatales de Control (OEC), e indicar los medios<br \/>para presentar quejas y denuncias a trav\u00e9s de los materiales de difusi\u00f3n.<\/p>\n<p>[\/et_pb_tab][et_pb_tab title=\u00bbLogotipo de Contralor\u00eda Social 2024&#8243; _builder_version=\u00bb4.21.0&#8243; _module_preset=\u00bbdefault\u00bb hover_enabled=\u00bb0&#8243; global_colors_info=\u00bb{}\u00bb sticky_enabled=\u00bb0&#8243;]<\/p>\n<p><img loading=\"lazy\" decoding=\"async\" src=\"https:\/\/roque.tecnm.mx\/wp-content\/uploads\/2024\/07\/Screenshot-2024-07-09-at-18-12-13-logo-contraloria-socialf-logo-contraloria-socialf.pdf-300x125.png\" width=\"300\" height=\"125\" alt=\"\" class=\"wp-image-7673 alignnone size-medium\" style=\"display: block; margin-left: auto; margin-right: auto;\" \/><\/p>\n<p>[\/et_pb_tab][\/et_pb_tabs][\/et_pb_column][\/et_pb_row][\/et_pb_section]<\/p>\n","protected":false},"excerpt":{"rendered":"<p>Contralor\u00eda Social\u00bfQu\u00e9 es el E010 \u201cPrograma de Servicios de Educaci\u00f3n Superior y Posgrado? El Programa presupuestario E010 de \u201cServicios de Educaci\u00f3n Superior y Posgrado\u201d, se enfoca en el financiamiento de los programas de posgrado que se ofertan en el Tecnol\u00f3gico Nacional de M\u00e9xico \u201cTecNM\u201d, y que es requisito estar dentro del Sistema Nacional de Posgrado [&hellip;]<\/p>\n","protected":false},"author":21,"featured_media":0,"parent":0,"menu_order":0,"comment_status":"closed","ping_status":"closed","template":"","meta":{"_et_pb_use_builder":"on","_et_pb_old_content":"","_et_gb_content_width":"","footnotes":""},"class_list":["post-7625","page","type-page","status-publish","hentry"],"_links":{"self":[{"href":"https:\/\/roque.tecnm.mx\/index.php?rest_route=\/wp\/v2\/pages\/7625"}],"collection":[{"href":"https:\/\/roque.tecnm.mx\/index.php?rest_route=\/wp\/v2\/pages"}],"about":[{"href":"https:\/\/roque.tecnm.mx\/index.php?rest_route=\/wp\/v2\/types\/page"}],"author":[{"embeddable":true,"href":"https:\/\/roque.tecnm.mx\/index.php?rest_route=\/wp\/v2\/users\/21"}],"replies":[{"embeddable":true,"href":"https:\/\/roque.tecnm.mx\/index.php?rest_route=%2Fwp%2Fv2%2Fcomments&post=7625"}],"version-history":[{"count":20,"href":"https:\/\/roque.tecnm.mx\/index.php?rest_route=\/wp\/v2\/pages\/7625\/revisions"}],"predecessor-version":[{"id":7676,"href":"https:\/\/roque.tecnm.mx\/index.php?rest_route=\/wp\/v2\/pages\/7625\/revisions\/7676"}],"wp:attachment":[{"href":"https:\/\/roque.tecnm.mx\/index.php?rest_route=%2Fwp%2Fv2%2Fmedia&parent=7625"}],"curies":[{"name":"wp","href":"https:\/\/api.w.org\/{rel}","templated":true}]}}