{"id":9029,"date":"2025-01-09T10:47:44","date_gmt":"2025-01-09T16:47:44","guid":{"rendered":"https:\/\/roque.tecnm.mx\/?page_id=9029"},"modified":"2026-02-26T20:13:54","modified_gmt":"2026-02-27T02:13:54","slug":"itr_da","status":"publish","type":"page","link":"https:\/\/roque.tecnm.mx\/?page_id=9029","title":{"rendered":"ITR_DA"},"content":{"rendered":"<p>[et_pb_section fb_built=\u00bb1&#8243; _builder_version=\u00bb4.21.0&#8243; _module_preset=\u00bbdefault\u00bb background_enable_color=\u00bboff\u00bb background_image=\u00bbhttp:\/\/web.roque.cetech.com.mx\/wp-content\/uploads\/2023\/03\/Diseno-sin-titulo-20.png\u00bb background_blend=\u00bbsoft-light\u00bb custom_padding=\u00bb||80px|||\u00bb top_divider_style=\u00bbmountains2&#8243; top_divider_color=\u00bb#d3af6f\u00bb top_divider_height=\u00bb40px\u00bb bottom_divider_style=\u00bbasymmetric4&#8243; bottom_divider_color=\u00bb#1b396a\u00bb global_colors_info=\u00bb{}\u00bb][et_pb_row _builder_version=\u00bb4.27.0&#8243; _module_preset=\u00bbdefault\u00bb global_colors_info=\u00bb{}\u00bb][et_pb_column type=\u00bb4_4&#8243; _builder_version=\u00bb4.27.0&#8243; _module_preset=\u00bbdefault\u00bb global_colors_info=\u00bb{}\u00bb][et_pb_code _builder_version=\u00bb4.27.0&#8243; _module_preset=\u00bbdefault\u00bb hover_enabled=\u00bb0&#8243; global_colors_info=\u00bb{}\u00bb sticky_enabled=\u00bb0&#8243;]<\/p>\n<style><!-- [et_pb_line_break_holder] -->    .header-carrera-premium {<!-- [et_pb_line_break_holder] -->        width: 95%;<!-- [et_pb_line_break_holder] -->        margin: 20px auto;<!-- [et_pb_line_break_holder] -->        \/* --- AJUSTES DE ALTURA --- *\/<!-- [et_pb_line_break_holder] -->        min-height: 100px; \/* Reducido de 200px a 100px *\/<!-- [et_pb_line_break_holder] -->        padding: 30px 0;   \/* Reducido de 60px a 30px *\/<!-- [et_pb_line_break_holder] -->        \/* ------------------------- *\/<!-- [et_pb_line_break_holder] -->        text-align: center;<!-- [et_pb_line_break_holder] -->        position: relative;<!-- [et_pb_line_break_holder] -->        overflow: hidden;<!-- [et_pb_line_break_holder] -->        display: flex;<!-- [et_pb_line_break_holder] -->        align-items: center;<!-- [et_pb_line_break_holder] -->        justify-content: center;<!-- [et_pb_line_break_holder] -->        border-radius: 30px; \/* Un poco menos de redondeado para menor altura *\/<!-- [et_pb_line_break_holder] -->        box-shadow: 0 10px 25px rgba(121, 45, 46, 0.2);<!-- [et_pb_line_break_holder] --><!-- [et_pb_line_break_holder] -->        background: linear-gradient(180deg, #792d2e 50%, #8b3435 50%);<!-- [et_pb_line_break_holder] -->        background-image: <!-- [et_pb_line_break_holder] -->            radial-gradient(rgba(255, 255, 255, 0.05) 1px, transparent 1px),<!-- [et_pb_line_break_holder] -->            linear-gradient(180deg, #792d2e 50%, #8b3435 50%);<!-- [et_pb_line_break_holder] -->        background-size: 20px 20px, 100% 100%;<!-- [et_pb_line_break_holder] -->    }<!-- [et_pb_line_break_holder] --><!-- [et_pb_line_break_holder] -->    .header-carrera-premium::before {<!-- [et_pb_line_break_holder] -->        content: \"\";<!-- [et_pb_line_break_holder] -->        position: absolute;<!-- [et_pb_line_break_holder] -->        top: 0;<!-- [et_pb_line_break_holder] -->        left: 0;<!-- [et_pb_line_break_holder] -->        right: 0;<!-- [et_pb_line_break_holder] -->        height: 50%;<!-- [et_pb_line_break_holder] -->        background: linear-gradient(rgba(255,255,255,0.05), transparent);<!-- [et_pb_line_break_holder] -->        pointer-events: none;<!-- [et_pb_line_break_holder] -->    }<!-- [et_pb_line_break_holder] --><!-- [et_pb_line_break_holder] -->    .nombre-carrera-final {<!-- [et_pb_line_break_holder] -->        color: #ffffff;<!-- [et_pb_line_break_holder] -->        font-family: 'Montserrat', sans-serif;<!-- [et_pb_line_break_holder] -->        font-size: 36px; \/* Tama\u00f1o fijo m\u00e1s est\u00e9tico para t\u00edtulos cortos *\/<!-- [et_pb_line_break_holder] -->        font-weight: 800;<!-- [et_pb_line_break_holder] -->        letter-spacing: 2px;<!-- [et_pb_line_break_holder] -->        text-shadow: 0 4px 8px rgba(0,0,0,0.3);<!-- [et_pb_line_break_holder] -->        z-index: 5;<!-- [et_pb_line_break_holder] -->        padding: 0 20px;<!-- [et_pb_line_break_holder] -->        line-height: 1em !important;<!-- [et_pb_line_break_holder] -->    }<!-- [et_pb_line_break_holder] --><\/style>\n<p><!-- [et_pb_line_break_holder] --><!-- [et_pb_line_break_holder] --><\/p>\n<div class=\"header-carrera-premium\"><!-- [et_pb_line_break_holder] -->    <\/p>\n<div class=\"nombre-carrera-final\">Ingenier\u00eda en Desarrollo de Aplicaciones<\/div>\n<p><!-- [et_pb_line_break_holder] --><\/div>\n<p>[\/et_pb_code][\/et_pb_column][\/et_pb_row][et_pb_row _builder_version=\u00bb4.16&#8243; _module_preset=\u00bbdefault\u00bb custom_padding=\u00bb18px||0px|||\u00bb locked=\u00bboff\u00bb global_colors_info=\u00bb{}\u00bb][et_pb_column type=\u00bb4_4&#8243; _builder_version=\u00bb4.16&#8243; _module_preset=\u00bbdefault\u00bb global_colors_info=\u00bb{}\u00bb][et_pb_divider color=\u00bb#d3af6f\u00bb divider_weight=\u00bb6px\u00bb _builder_version=\u00bb4.21.0&#8243; _module_preset=\u00bbdefault\u00bb min_height=\u00bb34px\u00bb global_colors_info=\u00bb{}\u00bb][\/et_pb_divider][\/et_pb_column][\/et_pb_row][et_pb_row _builder_version=\u00bb4.21.0&#8243; _module_preset=\u00bbdefault\u00bb global_colors_info=\u00bb{}\u00bb][et_pb_column type=\u00bb4_4&#8243; _builder_version=\u00bb4.21.0&#8243; _module_preset=\u00bbdefault\u00bb global_colors_info=\u00bb{}\u00bb][et_pb_text _builder_version=\u00bb4.27.0&#8243; _module_preset=\u00bbdefault\u00bb text_font=\u00bb||||||||\u00bb text_font_size=\u00bb1.2rem\u00bb text_line_height=\u00bb1.8rem\u00bb header_font=\u00bb||||||||\u00bb text_orientation=\u00bbjustified\u00bb global_colors_info=\u00bb{}\u00bb]<\/p>\n<h2 style=\"border-bottom: 2px solid #ccc; padding-bottom: 10px; padding-left: 20px; margin-top: 40px;\">\n    <span style=\"color: #792d2e;\"><strong>OBJETIVO GENERAL<\/strong><\/span><br \/>\n<\/h2>\n<div style=\"padding-left: 60px; padding-right: 40px; margin-top: 20px; margin-bottom: 40px;\">\n<p style=\"text-align: justify; color: #444; font-size: 16px; line-height: 1.8;\">\n        Formar ingenieros competentes en el dise\u00f1o y desarrollo de aplicaciones web, m\u00f3vil y en la nube ofreciendo soluciones innovadoras y eficientes que respondan a las necesidades del mercado digital y permitan la mejora del desempe\u00f1o de las organizaciones con tecnolog\u00edas de vanguardia, en un entorno complejo y globalizado con compromiso \u00e9tico y sostenible.\n    <\/p>\n<\/div>\n<p>[\/et_pb_text][\/et_pb_column][\/et_pb_row][et_pb_row _builder_version=\u00bb4.16&#8243; _module_preset=\u00bbdefault\u00bb custom_padding=\u00bb18px||0px|||\u00bb locked=\u00bboff\u00bb global_colors_info=\u00bb{}\u00bb][et_pb_column type=\u00bb4_4&#8243; _builder_version=\u00bb4.16&#8243; _module_preset=\u00bbdefault\u00bb global_colors_info=\u00bb{}\u00bb][et_pb_divider color=\u00bb#d3af6f\u00bb divider_weight=\u00bb6px\u00bb _builder_version=\u00bb4.21.0&#8243; _module_preset=\u00bbdefault\u00bb min_height=\u00bb34px\u00bb global_colors_info=\u00bb{}\u00bb][\/et_pb_divider][\/et_pb_column][\/et_pb_row][et_pb_row _builder_version=\u00bb4.21.0&#8243; _module_preset=\u00bbdefault\u00bb global_colors_info=\u00bb{}\u00bb][et_pb_column type=\u00bb4_4&#8243; _builder_version=\u00bb4.21.0&#8243; _module_preset=\u00bbdefault\u00bb global_colors_info=\u00bb{}\u00bb][et_pb_text _builder_version=\u00bb4.27.0&#8243; _module_preset=\u00bbdefault\u00bb text_font=\u00bb||||||||\u00bb text_font_size=\u00bb1.2rem\u00bb text_line_height=\u00bb1.8rem\u00bb text_orientation=\u00bbjustified\u00bb global_colors_info=\u00bb{}\u00bb]<\/p>\n<h2 style=\"border-bottom: 2px solid #ccc; padding-bottom: 10px; padding-left: 20px; margin-top: 40px;\">\n    <span style=\"color: #792d2e;\"><strong>PERFIL DE INGRESO<\/strong><\/span><br \/>\n<\/h2>\n<div style=\"padding-left: 60px; padding-right: 40px; margin-top: 20px; margin-bottom: 40px;\">\n<p style=\"text-align: justify; color: #444; font-size: 16px; line-height: 1.8; margin-bottom: 10px;\">\n        \u2022 Capacidad l\u00f3gica matem\u00e1tica con enfoque en la resoluci\u00f3n de problemas b\u00e1sicos de la vida diaria.\n    <\/p>\n<p style=\"text-align: justify; color: #444; font-size: 16px; line-height: 1.8; margin-bottom: 10px;\">\n        \u2022 Habilidad para proponer y desarrollar soluciones novedosas y eficientes aplicando nuevas tecnolog\u00edas.\n    <\/p>\n<p style=\"text-align: justify; color: #444; font-size: 16px; line-height: 1.8; margin-bottom: 10px;\">\n        \u2022 Habilidad para expresar ideas claramente y trabajar en equipos multidisciplinarios y multiculturales de manera efectiva.\n    <\/p>\n<p style=\"text-align: justify; color: #444; font-size: 16px; line-height: 1.8; margin-bottom: 10px;\">\n        \u2022 Disposici\u00f3n para aprender de manera independiente y actualizarse constantemente en nuevas tecnolog\u00edas y tendencias relacionadas con su campo profesional.\n    <\/p>\n<p style=\"text-align: justify; color: #444; font-size: 16px; line-height: 1.8; margin-bottom: 10px;\">\n        \u2022 Capacidad para proponer, dirigir y participar en desarrollo de proyectos tecnol\u00f3gicos y cumplir con plazos establecidos.\n    <\/p>\n<\/div>\n<p>[\/et_pb_text][\/et_pb_column][\/et_pb_row][et_pb_row _builder_version=\u00bb4.16&#8243; _module_preset=\u00bbdefault\u00bb custom_padding=\u00bb18px||0px|||\u00bb locked=\u00bboff\u00bb global_colors_info=\u00bb{}\u00bb][et_pb_column type=\u00bb4_4&#8243; _builder_version=\u00bb4.16&#8243; _module_preset=\u00bbdefault\u00bb global_colors_info=\u00bb{}\u00bb][et_pb_divider color=\u00bb#d3af6f\u00bb divider_weight=\u00bb6px\u00bb _builder_version=\u00bb4.21.0&#8243; _module_preset=\u00bbdefault\u00bb min_height=\u00bb34px\u00bb global_colors_info=\u00bb{}\u00bb][\/et_pb_divider][\/et_pb_column][\/et_pb_row][et_pb_row _builder_version=\u00bb4.21.0&#8243; _module_preset=\u00bbdefault\u00bb global_colors_info=\u00bb{}\u00bb][et_pb_column type=\u00bb4_4&#8243; _builder_version=\u00bb4.21.0&#8243; _module_preset=\u00bbdefault\u00bb global_colors_info=\u00bb{}\u00bb][et_pb_text _builder_version=\u00bb4.27.0&#8243; _module_preset=\u00bbdefault\u00bb text_font=\u00bb||||||||\u00bb text_font_size=\u00bb1.2rem\u00bb text_line_height=\u00bb1.8rem\u00bb text_orientation=\u00bbjustified\u00bb global_colors_info=\u00bb{}\u00bb]<\/p>\n<h2 style=\"border-bottom: 2px solid #ccc; padding-bottom: 10px; padding-left: 20px; margin-top: 40px;\">\n    <span style=\"color: #792d2e;\"><strong>PERFIL DE EGRESO<\/strong><\/span><br \/>\n<\/h2>\n<div style=\"padding-left: 60px; padding-right: 40px; margin-top: 20px; margin-bottom: 40px;\">\n<p style=\"text-align: justify; color: #444; font-size: 16px; line-height: 1.8; margin-bottom: 12px;\">\n        \u2022 Analiza, dise\u00f1a y desarrolla aplicaciones web, m\u00f3vil o de c\u00f3mputo en la nube para satisfacer los requerimientos de los usuarios.\n    <\/p>\n<p style=\"text-align: justify; color: #444; font-size: 16px; line-height: 1.8; margin-bottom: 12px;\">\n        \u2022 Desarrolla bases de datos relacionales y no relacionales utilizando est\u00e1ndares internacionales para crear sistemas de informaci\u00f3n robustos, eficientes y sostenibles.\n    <\/p>\n<p style=\"text-align: justify; color: #444; font-size: 16px; line-height: 1.8; margin-bottom: 12px;\">\n        \u2022 Desarrolla estrategias basadas en la mercadotecnia digital, que le permitan a los usuarios generar experiencias y contribuir con las organizaciones para posicionar sus productos y servicios en Internet con sentido \u00e9tico.\n    <\/p>\n<p style=\"text-align: justify; color: #444; font-size: 16px; line-height: 1.8; margin-bottom: 12px;\">\n        \u2022 Formula, dise\u00f1a, ejecuta y eval\u00faa proyectos de desarrollo de aplicaciones orientados a la satisfacci\u00f3n de necesidades para potenciar los servicios de las organizaciones y la sociedad con responsabilidad \u00e9tica.\n    <\/p>\n<p style=\"text-align: justify; color: #444; font-size: 16px; line-height: 1.8; margin-bottom: 12px;\">\n        \u2022 Desarrolla proyectos de inversi\u00f3n viables, empleando como una de las estrategias de soluci\u00f3n el uso de nuevas tecnolog\u00edas, para la satisfacci\u00f3n de necesidades de las organizaciones y la sociedad.\n    <\/p>\n<\/div>\n<p>[\/et_pb_text][\/et_pb_column][\/et_pb_row][et_pb_row _builder_version=\u00bb4.16&#8243; _module_preset=\u00bbdefault\u00bb custom_padding=\u00bb18px||0px|||\u00bb locked=\u00bboff\u00bb global_colors_info=\u00bb{}\u00bb][et_pb_column type=\u00bb4_4&#8243; _builder_version=\u00bb4.16&#8243; _module_preset=\u00bbdefault\u00bb global_colors_info=\u00bb{}\u00bb][et_pb_divider color=\u00bb#d3af6f\u00bb divider_weight=\u00bb6px\u00bb _builder_version=\u00bb4.21.0&#8243; _module_preset=\u00bbdefault\u00bb min_height=\u00bb34px\u00bb global_colors_info=\u00bb{}\u00bb][\/et_pb_divider][\/et_pb_column][\/et_pb_row][et_pb_row _builder_version=\u00bb4.21.0&#8243; _module_preset=\u00bbdefault\u00bb global_colors_info=\u00bb{}\u00bb][et_pb_column type=\u00bb4_4&#8243; _builder_version=\u00bb4.21.0&#8243; _module_preset=\u00bbdefault\u00bb global_colors_info=\u00bb{}\u00bb][et_pb_text _builder_version=\u00bb4.27.0&#8243; _module_preset=\u00bbdefault\u00bb text_font=\u00bb||||||||\u00bb text_font_size=\u00bb1.2rem\u00bb text_line_height=\u00bb1.8rem\u00bb text_orientation=\u00bbjustified\u00bb global_colors_info=\u00bb{}\u00bb]<\/p>\n<h2 style=\"border-bottom: 2px solid #ccc; padding-bottom: 10px; padding-left: 20px; margin-top: 40px;\">\n    <span style=\"color: #792d2e;\"><strong>CAMPO DE ACCI\u00d3N<\/strong><\/span><br \/>\n<\/h2>\n<div style=\"padding-left: 60px; padding-right: 40px; margin-top: 20px; margin-bottom: 40px;\">\n<p style=\"text-align: justify; color: #444; font-size: 16px; line-height: 1.8;\">\n        El \u00e1mbito de trabajo del Ingeniero en Desarrollo de Aplicaciones se encuentra en las organizaciones p\u00fablicas y privadas que requieran soluciones de software eficientes que influyan en su productividad, adem\u00e1s de responder a las necesidades de un mundo globalizado, innovando en el desarrollo de tecnolog\u00eda personalizada, para la soluci\u00f3n de problemas complejos.\n    <\/p>\n<\/div>\n<p>[\/et_pb_text][\/et_pb_column][\/et_pb_row][et_pb_row _builder_version=\u00bb4.16&#8243; _module_preset=\u00bbdefault\u00bb custom_padding=\u00bb18px||0px|||\u00bb locked=\u00bboff\u00bb global_colors_info=\u00bb{}\u00bb][et_pb_column type=\u00bb4_4&#8243; _builder_version=\u00bb4.16&#8243; _module_preset=\u00bbdefault\u00bb global_colors_info=\u00bb{}\u00bb][et_pb_divider color=\u00bb#d3af6f\u00bb divider_weight=\u00bb6px\u00bb _builder_version=\u00bb4.21.0&#8243; _module_preset=\u00bbdefault\u00bb min_height=\u00bb34px\u00bb global_colors_info=\u00bb{}\u00bb][\/et_pb_divider][et_pb_text _builder_version=\u00bb4.27.0&#8243; _module_preset=\u00bbdefault\u00bb text_font=\u00bb||||||||\u00bb text_font_size=\u00bb1.2rem\u00bb text_line_height=\u00bb1.8rem\u00bb text_orientation=\u00bbjustified\u00bb global_colors_info=\u00bb{}\u00bb]<\/p>\n<h2><strong>Plan de Estudios<\/strong><\/h2>\n<p>[\/et_pb_text][\/et_pb_column][\/et_pb_row][et_pb_row column_structure=\u00bb1_4,1_4,1_4,1_4&#8243; _builder_version=\u00bb4.27.0&#8243; _module_preset=\u00bbdefault\u00bb global_colors_info=\u00bb{}\u00bb][et_pb_column type=\u00bb1_4&#8243; _builder_version=\u00bb4.27.0&#8243; _module_preset=\u00bbdefault\u00bb global_colors_info=\u00bb{}\u00bb][et_pb_text _builder_version=\u00bb4.27.0&#8243; _module_preset=\u00bbdefault\u00bb text_font=\u00bb||||||||\u00bb text_font_size=\u00bb1.2rem\u00bb text_line_height=\u00bb1.8rem\u00bb text_orientation=\u00bbjustified\u00bb global_colors_info=\u00bb{}\u00bb]<\/p>\n<h3 style=\"text-align: left;\"><span style=\"text-decoration: underline;\"><strong>1er Semestre<\/strong><\/span><\/h3>\n<ul>\n<li style=\"text-align: left;\">\n<p>Fundamentos de Programaci\u00f3n<\/p>\n<\/li>\n<li style=\"text-align: left;\">\n<p>Administraci\u00f3n Gerencial<\/p>\n<\/li>\n<li style=\"text-align: left;\">\n<p>C\u00e1lculo Diferencial<\/p>\n<\/li>\n<li style=\"text-align: left;\">\n<p>Fundamentos de Investigaci\u00f3n<\/p>\n<\/li>\n<li style=\"text-align: left;\">\n<p>Matem\u00e1ticas Discretas<\/p>\n<\/li>\n<li style=\"text-align: left;\">\n<p>Finanzas en las Organizaciones<\/p>\n<\/li>\n<\/ul>\n<p>&nbsp;<\/p>\n<p>[\/et_pb_text][\/et_pb_column][et_pb_column type=\u00bb1_4&#8243; _builder_version=\u00bb4.27.0&#8243; _module_preset=\u00bbdefault\u00bb global_colors_info=\u00bb{}\u00bb][et_pb_text _builder_version=\u00bb4.27.0&#8243; _module_preset=\u00bbdefault\u00bb text_font=\u00bb||||||||\u00bb text_font_size=\u00bb1.2rem\u00bb text_line_height=\u00bb1.8rem\u00bb text_orientation=\u00bbjustified\u00bb global_colors_info=\u00bb{}\u00bb]<\/p>\n<h3 style=\"text-align: left;\"><span style=\"text-decoration: underline;\"><strong>2do Semestre<\/strong><\/span><\/h3>\n<ul>\n<li style=\"text-align: left;\">\n<p>Programaci\u00f3n Orientada a Objetos<\/p>\n<\/li>\n<li style=\"text-align: left;\">\n<p>F\u00edsica General<\/p>\n<\/li>\n<li style=\"text-align: left;\">\n<p>C\u00e1lculo Integral<\/p>\n<\/li>\n<li style=\"text-align: left;\">\n<p>Probabilidad y Estad\u00edstica<\/p>\n<\/li>\n<li style=\"text-align: left;\">\n<p>Arquitectura de Computadoras<\/p>\n<\/li>\n<li style=\"text-align: left;\">\n<p>Taller de \u00c9tica<\/p>\n<\/li>\n<\/ul>\n<p>&nbsp;<\/p>\n<p>[\/et_pb_text][\/et_pb_column][et_pb_column type=\u00bb1_4&#8243; _builder_version=\u00bb4.27.0&#8243; _module_preset=\u00bbdefault\u00bb global_colors_info=\u00bb{}\u00bb][et_pb_text _builder_version=\u00bb4.27.0&#8243; _module_preset=\u00bbdefault\u00bb text_font=\u00bb||||||||\u00bb text_font_size=\u00bb1.2rem\u00bb text_line_height=\u00bb1.8rem\u00bb text_orientation=\u00bbjustified\u00bb global_colors_info=\u00bb{}\u00bb]<\/p>\n<h3 style=\"text-align: left;\"><span style=\"text-decoration: underline;\"><strong>3er Semestre<\/strong><\/span><\/h3>\n<ul>\n<li style=\"text-align: left;\">\n<p>Dise\u00f1o Web<\/p>\n<\/li>\n<li style=\"text-align: left;\">\n<p>\u00c1lgebra Lineal<\/p>\n<\/li>\n<li style=\"text-align: left;\">\n<p>C\u00e1lculo Vectorial<\/p>\n<\/li>\n<li style=\"text-align: left;\">\n<p>Estad\u00edstica inferencial<\/p>\n<\/li>\n<li style=\"text-align: left;\">\n<p>Sistemas Operativos<\/p>\n<\/li>\n<li style=\"text-align: left;\">\n<p>Fundamentos de Base de Datos<\/p>\n<\/li>\n<\/ul>\n<p>&nbsp;<\/p>\n<p>[\/et_pb_text][\/et_pb_column][et_pb_column type=\u00bb1_4&#8243; _builder_version=\u00bb4.27.0&#8243; _module_preset=\u00bbdefault\u00bb global_colors_info=\u00bb{}\u00bb][et_pb_text _builder_version=\u00bb4.27.0&#8243; _module_preset=\u00bbdefault\u00bb text_font=\u00bb||||||||\u00bb text_font_size=\u00bb1.2rem\u00bb text_line_height=\u00bb1.8rem\u00bb text_orientation=\u00bbjustified\u00bb global_colors_info=\u00bb{}\u00bb]<\/p>\n<h3 style=\"text-align: left;\"><span style=\"text-decoration: underline;\"><strong>4to Semestre<\/strong><\/span><\/h3>\n<ul>\n<li style=\"text-align: left;\">\n<p>Dise\u00f1o centrado en el usuario<\/p>\n<\/li>\n<li style=\"text-align: left;\">\n<p>Investigaci\u00f3n de Operaciones<\/p>\n<\/li>\n<li style=\"text-align: left;\">\n<p>Ecuaciones Diferenciales<\/p>\n<\/li>\n<li style=\"text-align: left;\">\n<p>Estructura de Datos<\/p>\n<\/li>\n<li style=\"text-align: left;\">\n<p>Taller de Sistemas Operativos<\/p>\n<\/li>\n<li style=\"text-align: left;\">\n<p>Taller de Base de Datos<\/p>\n<\/li>\n<\/ul>\n<p>&nbsp;<\/p>\n<p>[\/et_pb_text][\/et_pb_column][\/et_pb_row][et_pb_row column_structure=\u00bb1_4,1_4,1_4,1_4&#8243; _builder_version=\u00bb4.27.0&#8243; _module_preset=\u00bbdefault\u00bb global_colors_info=\u00bb{}\u00bb][et_pb_column type=\u00bb1_4&#8243; _builder_version=\u00bb4.27.0&#8243; _module_preset=\u00bbdefault\u00bb global_colors_info=\u00bb{}\u00bb][et_pb_text _builder_version=\u00bb4.27.0&#8243; _module_preset=\u00bbdefault\u00bb text_font=\u00bb||||||||\u00bb text_font_size=\u00bb1.2rem\u00bb text_line_height=\u00bb1.8rem\u00bb text_orientation=\u00bbjustified\u00bb global_colors_info=\u00bb{}\u00bb]<\/p>\n<h3 style=\"text-align: left;\"><span style=\"text-decoration: underline;\"><strong>5to Semestre<\/strong><\/span><\/h3>\n<ul>\n<li style=\"text-align: left;\">\n<p>Desarrollo Web<\/p>\n<\/li>\n<li style=\"text-align: left;\">\n<p>Ingenier\u00eda Econ\u00f3mica<\/p>\n<\/li>\n<li style=\"text-align: left;\">\n<p>Fundamentos de Ingenier\u00eda de Software<\/p>\n<\/li>\n<li style=\"text-align: left;\">\n<p>Taller de Investigaci\u00f3n I<\/p>\n<\/li>\n<li style=\"text-align: left;\">\n<p>Redes de Computadoras 1<\/p>\n<\/li>\n<li style=\"text-align: left;\">\n<p>Bases de Datos no Relacionales<\/p>\n<\/li>\n<\/ul>\n<p>&nbsp;<\/p>\n<p>[\/et_pb_text][\/et_pb_column][et_pb_column type=\u00bb1_4&#8243; _builder_version=\u00bb4.27.0&#8243; _module_preset=\u00bbdefault\u00bb global_colors_info=\u00bb{}\u00bb][et_pb_text _builder_version=\u00bb4.27.0&#8243; _module_preset=\u00bbdefault\u00bb text_font=\u00bb||||||||\u00bb text_font_size=\u00bb1.2rem\u00bb text_line_height=\u00bb1.8rem\u00bb text_orientation=\u00bbjustified\u00bb global_colors_info=\u00bb{}\u00bb]<\/p>\n<h3 style=\"text-align: left;\"><span style=\"text-decoration: underline;\"><strong>6to Semestre<\/strong><\/span><\/h3>\n<ul>\n<li style=\"text-align: left;\">\n<p>Frameworks para Backend<\/p>\n<\/li>\n<li style=\"text-align: left;\">\n<p>Desarrollo de Aplicaciones en la nube<\/p>\n<\/li>\n<li style=\"text-align: left;\">\n<p>Ingenier\u00eda de Software<\/p>\n<\/li>\n<li style=\"text-align: left;\">\n<p>Taller de Investigaci\u00f3n II<\/p>\n<\/li>\n<li style=\"text-align: left;\">\n<p>Redes de Computadoras II<\/p>\n<\/li>\n<li style=\"text-align: left;\">\n<p>Administraci\u00f3n de Proyectos de Tecnolog\u00edas de la Informaci\u00f3n<\/p>\n<\/li>\n<li style=\"text-align: left;\">\n<p>Programaci\u00f3n para Dispositivos M\u00f3viles I<\/p>\n<\/li>\n<\/ul>\n<p>&nbsp;<\/p>\n<p>[\/et_pb_text][\/et_pb_column][et_pb_column type=\u00bb1_4&#8243; _builder_version=\u00bb4.27.0&#8243; _module_preset=\u00bbdefault\u00bb global_colors_info=\u00bb{}\u00bb][et_pb_text _builder_version=\u00bb4.27.0&#8243; _module_preset=\u00bbdefault\u00bb text_font=\u00bb||||||||\u00bb text_font_size=\u00bb1.2rem\u00bb text_line_height=\u00bb1.8rem\u00bb text_orientation=\u00bbjustified\u00bb global_colors_info=\u00bb{}\u00bb]<\/p>\n<h3 style=\"text-align: left;\"><span style=\"text-decoration: underline;\"><strong>7mo\u00a0 Semestre<\/strong><\/span><\/h3>\n<ul>\n<li style=\"text-align: left;\">\n<p>Frameworks para Frontend<\/p>\n<\/li>\n<li style=\"text-align: left;\">\n<p>Arquitecturas Web<\/p>\n<\/li>\n<li style=\"text-align: left;\">\n<p>Aseguramiento de la Calidad del Software<\/p>\n<\/li>\n<li style=\"text-align: left;\">\n<p>Sistemas Distribuidos<\/p>\n<\/li>\n<li style=\"text-align: left;\">\n<p>Formulaci\u00f3n y Evaluaci\u00f3n de Proyectos de Inversi\u00f3n<\/p>\n<\/li>\n<li style=\"text-align: left;\">\n<p>Mercadotecnia Digital<\/p>\n<\/li>\n<li style=\"text-align: left;\">\n<p>Despliegue de Aplicaciones<\/p>\n<\/li>\n<\/ul>\n<p>&nbsp;<\/p>\n<p>[\/et_pb_text][\/et_pb_column][et_pb_column type=\u00bb1_4&#8243; _builder_version=\u00bb4.27.0&#8243; _module_preset=\u00bbdefault\u00bb global_colors_info=\u00bb{}\u00bb][et_pb_text _builder_version=\u00bb4.27.0&#8243; _module_preset=\u00bbdefault\u00bb text_font=\u00bb||||||||\u00bb text_font_size=\u00bb1.2rem\u00bb text_line_height=\u00bb1.8rem\u00bb text_orientation=\u00bbjustified\u00bb global_colors_info=\u00bb{}\u00bb]<\/p>\n<h3 style=\"text-align: left;\"><span style=\"text-decoration: underline;\"><strong>8vo Semestre<\/strong><\/span><\/h3>\n<ul>\n<li style=\"text-align: left;\">\n<p>Programaci\u00f3n para Dispositivos M\u00f3viles II<\/p>\n<\/li>\n<li style=\"text-align: left;\">\n<p>M\u00f3dulo de Especialidad<\/p>\n<\/li>\n<\/ul>\n<h3 style=\"text-align: left;\"><span style=\"text-decoration: underline;\"><strong>9no Semestre<\/strong><\/span><\/h3>\n<ul>\n<li style=\"text-align: left;\">\n<p>Residencias<\/p>\n<\/li>\n<\/ul>\n<p>&nbsp;<\/p>\n<p>[\/et_pb_text][\/et_pb_column][\/et_pb_row][et_pb_row _builder_version=\u00bb4.21.0&#8243; _module_preset=\u00bbdefault\u00bb global_colors_info=\u00bb{}\u00bb][et_pb_column type=\u00bb4_4&#8243; _builder_version=\u00bb4.21.0&#8243; _module_preset=\u00bbdefault\u00bb global_colors_info=\u00bb{}\u00bb][et_pb_text _builder_version=\u00bb4.27.0&#8243; _module_preset=\u00bbdefault\u00bb text_font_size=\u00bb1.5rem\u00bb global_colors_info=\u00bb{}\u00bb]<\/p>\n<h2 style=\"border-bottom: 2px solid #ccc; padding-bottom: 10px; padding-left: 20px; margin-top: 40px;\">\n    <span style=\"color: #792d2e;\"><strong>DESCARGAS Y DOCUMENTACI\u00d3N OFICIAL<\/strong><\/span><br \/>\n<\/h2>\n<div style=\"padding-left: 60px; padding-right: 40px; margin-top: 20px; margin-bottom: 40px;\">\n<p style=\"text-align: justify; color: #444; font-size: 16px; line-height: 1.8; margin-bottom: 15px;\">\n        \u2022 Ret\u00edcula <a href=\"https:\/\/roque.tecnm.mx\/wp-content\/uploads\/2025\/01\/Reticula-Desarrollo-de-Aplicaciones.pdf\" style=\"color: #792d2e; text-decoration: underline; font-weight: bold;\">IDAP-2024-246<\/a>\n    <\/p>\n<p style=\"text-align: justify; color: #444; font-size: 16px; line-height: 1.8; margin-bottom: 15px;\">\n        \u2022 <a href=\"https:\/\/roque.tecnm.mx\/wp-content\/uploads\/2024\/09\/Reglamento_de_Estudiantes_del_TecNM.pdf\" style=\"color: #792d2e; text-decoration: underline; font-weight: bold;\">Reglamento de Estudiantes<\/a>\n    <\/p>\n<\/div>\n<p>[\/et_pb_text][\/et_pb_column][\/et_pb_row][\/et_pb_section]<\/p>\n","protected":false},"excerpt":{"rendered":"<p>OBJETIVO GENERAL Formar ingenieros competentes en el dise\u00f1o y desarrollo de aplicaciones web, m\u00f3vil y en la nube ofreciendo soluciones innovadoras y eficientes que respondan a las necesidades del mercado digital y permitan la mejora del desempe\u00f1o de las organizaciones con tecnolog\u00edas de vanguardia, en un entorno complejo y globalizado con compromiso \u00e9tico y sostenible. [&hellip;]<\/p>\n","protected":false},"author":23,"featured_media":0,"parent":0,"menu_order":0,"comment_status":"closed","ping_status":"closed","template":"","meta":{"_et_pb_use_builder":"on","_et_pb_old_content":"","_et_gb_content_width":"","footnotes":""},"class_list":["post-9029","page","type-page","status-publish","hentry"],"_links":{"self":[{"href":"https:\/\/roque.tecnm.mx\/index.php?rest_route=\/wp\/v2\/pages\/9029"}],"collection":[{"href":"https:\/\/roque.tecnm.mx\/index.php?rest_route=\/wp\/v2\/pages"}],"about":[{"href":"https:\/\/roque.tecnm.mx\/index.php?rest_route=\/wp\/v2\/types\/page"}],"author":[{"embeddable":true,"href":"https:\/\/roque.tecnm.mx\/index.php?rest_route=\/wp\/v2\/users\/23"}],"replies":[{"embeddable":true,"href":"https:\/\/roque.tecnm.mx\/index.php?rest_route=%2Fwp%2Fv2%2Fcomments&post=9029"}],"version-history":[{"count":7,"href":"https:\/\/roque.tecnm.mx\/index.php?rest_route=\/wp\/v2\/pages\/9029\/revisions"}],"predecessor-version":[{"id":10903,"href":"https:\/\/roque.tecnm.mx\/index.php?rest_route=\/wp\/v2\/pages\/9029\/revisions\/10903"}],"wp:attachment":[{"href":"https:\/\/roque.tecnm.mx\/index.php?rest_route=%2Fwp%2Fv2%2Fmedia&parent=9029"}],"curies":[{"name":"wp","href":"https:\/\/api.w.org\/{rel}","templated":true}]}}